{"id":9175,"date":"2023-02-28T22:38:30","date_gmt":"2023-03-01T04:38:30","guid":{"rendered":"http:\/\/aquadepotinc.com\/?page_id=9175"},"modified":"2025-12-31T14:02:02","modified_gmt":"2025-12-31T20:02:02","slug":"404-2","status":"publish","type":"page","link":"https:\/\/aquadepotinc.com\/en\/404-2\/","title":{"rendered":"404"},"content":{"rendered":"<div id=\"cs-content\" class=\"cs-content\"><div class=\"x-section e9175-e1 m72v-0\"><div class=\"x-row x-container max width e9175-e2 m72v-1 m72v-2\"><div class=\"x-row-inner\"><div class=\"x-col e9175-e3 m72v-3\"><a class=\"x-image e9175-e4 m72v-4\" href=\"https:\/\/aquadepotinc.com\/en\"><img decoding=\"async\" src=\"https:\/\/aquadepotinc.com\/wp-content\/uploads\/logo-aquadepot-gray-v.png\" width=\"405\" height=\"148\" alt=\"Image\" loading=\"lazy\"><\/a><div class=\"x-text x-text-headline e9175-e5 m72v-5\"><div class=\"x-text-content\"><div class=\"x-text-content-text\"><h2 class=\"x-text-content-text-primary\">Uh oh!<\/h2>\n<span class=\"x-text-content-text-subheadline\"><p><span style=\"color: #005e86;\"><strong>No hemos podido encontrar la p\u00e1gina que busca.<\/strong><\/span><br \/><br\/>\nSi usted considera que esto es un error, favor de comunicarlo a nuestro departamento de soporte t\u00e9cnico de Aquadepot a trav\u00e9s de nuestra <strong><a style=\"color: #005e86;\" href=\"http:\/\/aquadepotinc.com\/en\/contacto\/#contact\/\">forma de contacto<\/a><\/strong> para revisarlo a la brevedad.<\/p><\/span><\/div><\/div><\/div><a class=\"x-anchor x-anchor-button e9175-e6 m72v-6\" tabindex=\"0\" href=\"https:\/\/aquadepotinc.com\/en\/contacto\/#contact\"><div class=\"x-anchor-content\"><div class=\"x-anchor-text\"><span class=\"x-anchor-text-primary\">Contact Us<\/span><\/div><\/div><\/a><\/div><\/div><\/div><\/div><\/div>","protected":false},"excerpt":{"rendered":"<p>Uh oh! No hemos podido encontrar la p\u00e1gina que busca. Si usted considera que esto es un error, favor de comunicarlo a nuestro departamento de soporte t\u00e9cnico de Aquadepot a trav\u00e9s de nuestra forma de contacto para revisarlo a la brevedad.Cont\u00e1ctenos<\/p>","protected":false},"author":8,"featured_media":0,"parent":0,"menu_order":0,"comment_status":"closed","ping_status":"closed","template":"template-blank-4.php","meta":{"_acf_changed":false,"inline_featured_image":false,"footnotes":""},"class_list":["post-9175","page","type-page","status-publish","hentry","no-post-thumbnail"],"acf":[],"yoast_head":"<!-- This site is optimized with the Yoast SEO plugin v27.5 - https:\/\/yoast.com\/product\/yoast-seo-wordpress\/ -->\n<title>404 - AquaDepot, Inc.<\/title>\n<meta name=\"robots\" content=\"index, follow, max-snippet:-1, max-image-preview:large, max-video-preview:-1\" \/>\n<link rel=\"canonical\" href=\"https:\/\/aquadepotinc.com\/en\/404-2\/\" \/>\n<meta property=\"og:locale\" content=\"en_US\" \/>\n<meta property=\"og:type\" content=\"article\" \/>\n<meta property=\"og:title\" content=\"404 - AquaDepot, Inc.\" \/>\n<meta property=\"og:description\" content=\"Uh oh! No hemos podido encontrar la p\u00e1gina que busca. Si usted considera que esto es un error, favor de comunicarlo a nuestro departamento de soporte t\u00e9cnico de Aquadepot a trav\u00e9s de nuestra forma de contacto para revisarlo a la brevedad.Cont\u00e1ctenos\" \/>\n<meta property=\"og:url\" content=\"https:\/\/aquadepotinc.com\/en\/404-2\/\" \/>\n<meta property=\"og:site_name\" content=\"AquaDepot, Inc.\" \/>\n<meta property=\"article:modified_time\" content=\"2025-12-31T20:02:02+00:00\" \/>\n<meta property=\"og:image\" content=\"https:\/\/aquadepotinc.com\/wp-content\/uploads\/logo-aquadepot-gray-v.png\" \/>\n<meta name=\"twitter:card\" content=\"summary_large_image\" \/>\n<script type=\"application\/ld+json\" class=\"yoast-schema-graph\">{\"@context\":\"https:\\\/\\\/schema.org\",\"@graph\":[{\"@type\":\"WebPage\",\"@id\":\"https:\\\/\\\/aquadepotinc.com\\\/404-2\\\/\",\"url\":\"https:\\\/\\\/aquadepotinc.com\\\/404-2\\\/\",\"name\":\"404 - AquaDepot, Inc.\",\"isPartOf\":{\"@id\":\"\\\/#website\"},\"primaryImageOfPage\":{\"@id\":\"https:\\\/\\\/aquadepotinc.com\\\/404-2\\\/#primaryimage\"},\"image\":{\"@id\":\"https:\\\/\\\/aquadepotinc.com\\\/404-2\\\/#primaryimage\"},\"thumbnailUrl\":\"https:\\\/\\\/aquadepotinc.com\\\/wp-content\\\/uploads\\\/logo-aquadepot-gray-v.png\",\"datePublished\":\"2023-03-01T04:38:30+00:00\",\"dateModified\":\"2025-12-31T20:02:02+00:00\",\"breadcrumb\":{\"@id\":\"https:\\\/\\\/aquadepotinc.com\\\/404-2\\\/#breadcrumb\"},\"inLanguage\":\"en-US\",\"potentialAction\":[{\"@type\":\"ReadAction\",\"target\":[\"https:\\\/\\\/aquadepotinc.com\\\/404-2\\\/\"]}]},{\"@type\":\"ImageObject\",\"inLanguage\":\"en-US\",\"@id\":\"https:\\\/\\\/aquadepotinc.com\\\/404-2\\\/#primaryimage\",\"url\":\"https:\\\/\\\/aquadepotinc.com\\\/wp-content\\\/uploads\\\/logo-aquadepot-gray-v.png\",\"contentUrl\":\"https:\\\/\\\/aquadepotinc.com\\\/wp-content\\\/uploads\\\/logo-aquadepot-gray-v.png\"},{\"@type\":\"BreadcrumbList\",\"@id\":\"https:\\\/\\\/aquadepotinc.com\\\/404-2\\\/#breadcrumb\",\"itemListElement\":[{\"@type\":\"ListItem\",\"position\":1,\"name\":\"Home\",\"item\":\"https:\\\/\\\/aquadepotinc.com\\\/\"},{\"@type\":\"ListItem\",\"position\":2,\"name\":\"404\"}]},{\"@type\":\"WebSite\",\"@id\":\"\\\/#website\",\"url\":\"\\\/\",\"name\":\"AquaDepot, Inc.\",\"description\":\"Distribuidora Mayorista Exportadora\",\"potentialAction\":[{\"@type\":\"SearchAction\",\"target\":{\"@type\":\"EntryPoint\",\"urlTemplate\":\"\\\/?s={search_term_string}\"},\"query-input\":{\"@type\":\"PropertyValueSpecification\",\"valueRequired\":true,\"valueName\":\"search_term_string\"}}],\"inLanguage\":\"en-US\"}]}<\/script>\n<!-- \/ Yoast SEO plugin. -->","yoast_head_json":{"title":"404 - AquaDepot, Inc.","robots":{"index":"index","follow":"follow","max-snippet":"max-snippet:-1","max-image-preview":"max-image-preview:large","max-video-preview":"max-video-preview:-1"},"canonical":"https:\/\/aquadepotinc.com\/en\/404-2\/","og_locale":"en_US","og_type":"article","og_title":"404 - AquaDepot, Inc.","og_description":"Uh oh! No hemos podido encontrar la p\u00e1gina que busca. Si usted considera que esto es un error, favor de comunicarlo a nuestro departamento de soporte t\u00e9cnico de Aquadepot a trav\u00e9s de nuestra forma de contacto para revisarlo a la brevedad.Cont\u00e1ctenos","og_url":"https:\/\/aquadepotinc.com\/en\/404-2\/","og_site_name":"AquaDepot, Inc.","article_modified_time":"2025-12-31T20:02:02+00:00","og_image":[{"url":"https:\/\/aquadepotinc.com\/wp-content\/uploads\/logo-aquadepot-gray-v.png","type":"","width":"","height":""}],"twitter_card":"summary_large_image","schema":{"@context":"https:\/\/schema.org","@graph":[{"@type":"WebPage","@id":"https:\/\/aquadepotinc.com\/404-2\/","url":"https:\/\/aquadepotinc.com\/404-2\/","name":"404 - AquaDepot, Inc.","isPartOf":{"@id":"\/#website"},"primaryImageOfPage":{"@id":"https:\/\/aquadepotinc.com\/404-2\/#primaryimage"},"image":{"@id":"https:\/\/aquadepotinc.com\/404-2\/#primaryimage"},"thumbnailUrl":"https:\/\/aquadepotinc.com\/wp-content\/uploads\/logo-aquadepot-gray-v.png","datePublished":"2023-03-01T04:38:30+00:00","dateModified":"2025-12-31T20:02:02+00:00","breadcrumb":{"@id":"https:\/\/aquadepotinc.com\/404-2\/#breadcrumb"},"inLanguage":"en-US","potentialAction":[{"@type":"ReadAction","target":["https:\/\/aquadepotinc.com\/404-2\/"]}]},{"@type":"ImageObject","inLanguage":"en-US","@id":"https:\/\/aquadepotinc.com\/404-2\/#primaryimage","url":"https:\/\/aquadepotinc.com\/wp-content\/uploads\/logo-aquadepot-gray-v.png","contentUrl":"https:\/\/aquadepotinc.com\/wp-content\/uploads\/logo-aquadepot-gray-v.png"},{"@type":"BreadcrumbList","@id":"https:\/\/aquadepotinc.com\/404-2\/#breadcrumb","itemListElement":[{"@type":"ListItem","position":1,"name":"Home","item":"https:\/\/aquadepotinc.com\/"},{"@type":"ListItem","position":2,"name":"404"}]},{"@type":"WebSite","@id":"\/#website","url":"\/","name":"AquaDepot, Inc.","description":"Distribuidora Mayorista Exportadora","potentialAction":[{"@type":"SearchAction","target":{"@type":"EntryPoint","urlTemplate":"\/?s={search_term_string}"},"query-input":{"@type":"PropertyValueSpecification","valueRequired":true,"valueName":"search_term_string"}}],"inLanguage":"en-US"}]}},"_links":{"self":[{"href":"https:\/\/aquadepotinc.com\/en\/wp-json\/wp\/v2\/pages\/9175","targetHints":{"allow":["GET"]}}],"collection":[{"href":"https:\/\/aquadepotinc.com\/en\/wp-json\/wp\/v2\/pages"}],"about":[{"href":"https:\/\/aquadepotinc.com\/en\/wp-json\/wp\/v2\/types\/page"}],"author":[{"embeddable":true,"href":"https:\/\/aquadepotinc.com\/en\/wp-json\/wp\/v2\/users\/8"}],"replies":[{"embeddable":true,"href":"https:\/\/aquadepotinc.com\/en\/wp-json\/wp\/v2\/comments?post=9175"}],"version-history":[{"count":6,"href":"https:\/\/aquadepotinc.com\/en\/wp-json\/wp\/v2\/pages\/9175\/revisions"}],"predecessor-version":[{"id":18082,"href":"https:\/\/aquadepotinc.com\/en\/wp-json\/wp\/v2\/pages\/9175\/revisions\/18082"}],"wp:attachment":[{"href":"https:\/\/aquadepotinc.com\/en\/wp-json\/wp\/v2\/media?parent=9175"}],"curies":[{"name":"wp","href":"https:\/\/api.w.org\/{rel}","templated":true}]}}