{"id":10509,"date":"2023-07-17T13:34:07","date_gmt":"2023-07-17T19:34:07","guid":{"rendered":"https:\/\/aquadepotinc.com\/?post_type=product&#038;p=10509"},"modified":"2023-10-13T10:09:12","modified_gmt":"2023-10-13T16:09:12","slug":"cartuchos-de-resina-udf-global-water-solutions","status":"publish","type":"product","link":"https:\/\/aquadepotinc.com\/en\/productos\/tratamiento-de-agua\/filtros\/cartuchos-de-resina-udf-global-water-solutions\/","title":{"rendered":"UDF Media Cartridges Global Water Solutions"},"content":{"rendered":"<p>If your drinking water suffers from chlorine or other unpleasant odors, GWS resin cartridges are the perfect solution. Using acid-washed and 100% pure, sustainably sourced coconut shell granules of the highest quality, our media cartridges capture the organic compounds that cause unpleasant odors and leave you with nothing but fresh, clean-tasting water.<\/p>","protected":false},"excerpt":{"rendered":"<p>Si su agua potable sufre de cloro u otros olores desagradables, los cartuchos de resina GWS son la soluci\u00f3n perfecta. Utilizando carbones lavados con \u00e1cido y granulares de c\u00e1scara de coco 100% puros y de origen sustentable de la m\u00e1s alta calidad, nuestros cartuchos de medios capturan las compuestos org\u00e1nicos que causan olores desagradables y lo dejan con nada m\u00e1s &#8230; <\/p>\n<div><a href=\"https:\/\/aquadepotinc.com\/en\/productos\/tratamiento-de-agua\/filtros\/cartuchos-de-resina-udf-global-water-solutions\/\" class=\"more-link\">Read More<\/a><\/div>","protected":false},"featured_media":11526,"template":"","meta":{"_acf_changed":false,"inline_featured_image":false},"product_brand":[],"product_cat":[1372,1370,15],"product_tag":[1466,1569,1634],"class_list":{"0":"post-10509","1":"product","2":"type-product","3":"status-publish","4":"has-post-thumbnail","6":"product_cat-filtros","7":"product_cat-tratamiento-de-agua","8":"product_cat-nuevos","9":"product_tag-filtracion","10":"product_tag-global-water-solutions","11":"product_tag-udf","12":"pa_marca-globalwater-solutions","15":"first","16":"instock","17":"shipping-taxable","18":"product-type-simple"},"acf":[],"yoast_head":"<!-- This site is optimized with the Yoast SEO plugin v27.3 - https:\/\/yoast.com\/product\/yoast-seo-wordpress\/ -->\n<title>Cartuchos de Resina UDF Global Water Solutions - AquaDepot, Inc.<\/title>\n<meta name=\"robots\" content=\"index, follow, max-snippet:-1, max-image-preview:large, max-video-preview:-1\" \/>\n<link rel=\"canonical\" href=\"https:\/\/aquadepotinc.com\/en\/productos\/tratamiento-de-agua\/filtros\/cartuchos-de-resina-udf-global-water-solutions\/\" \/>\n<meta property=\"og:locale\" content=\"en_US\" \/>\n<meta property=\"og:type\" content=\"article\" \/>\n<meta property=\"og:title\" content=\"Cartuchos de Resina UDF Global Water Solutions - AquaDepot, Inc.\" \/>\n<meta property=\"og:description\" content=\"Si su agua potable sufre de cloro u otros olores desagradables, los cartuchos de resina GWS son la soluci\u00f3n perfecta. Utilizando carbones lavados con \u00e1cido y granulares de c\u00e1scara de coco 100% puros y de origen sustentable de la m\u00e1s alta calidad, nuestros cartuchos de medios capturan las compuestos org\u00e1nicos que causan olores desagradables y lo dejan con nada m\u00e1s ... Read More\" \/>\n<meta property=\"og:url\" content=\"https:\/\/aquadepotinc.com\/en\/productos\/tratamiento-de-agua\/filtros\/cartuchos-de-resina-udf-global-water-solutions\/\" \/>\n<meta property=\"og:site_name\" content=\"AquaDepot, Inc.\" \/>\n<meta property=\"article:modified_time\" content=\"2023-10-13T16:09:12+00:00\" \/>\n<meta property=\"og:image\" content=\"https:\/\/aquadepotinc.com\/wp-content\/uploads\/Cartucho-con-media-filtrante.jpg\" \/>\n\t<meta property=\"og:image:width\" content=\"1128\" \/>\n\t<meta property=\"og:image:height\" content=\"1128\" \/>\n\t<meta property=\"og:image:type\" content=\"image\/jpeg\" \/>\n<meta name=\"twitter:card\" content=\"summary_large_image\" \/>\n<script type=\"application\/ld+json\" class=\"yoast-schema-graph\">{\"@context\":\"https:\\\/\\\/schema.org\",\"@graph\":[{\"@type\":\"WebPage\",\"@id\":\"https:\\\/\\\/aquadepotinc.com\\\/productos\\\/tratamiento-de-agua\\\/filtros\\\/cartuchos-de-resina-udf-global-water-solutions\\\/\",\"url\":\"https:\\\/\\\/aquadepotinc.com\\\/productos\\\/tratamiento-de-agua\\\/filtros\\\/cartuchos-de-resina-udf-global-water-solutions\\\/\",\"name\":\"Cartuchos de Resina UDF Global Water Solutions - AquaDepot, Inc.\",\"isPartOf\":{\"@id\":\"\\\/#website\"},\"primaryImageOfPage\":{\"@id\":\"https:\\\/\\\/aquadepotinc.com\\\/productos\\\/tratamiento-de-agua\\\/filtros\\\/cartuchos-de-resina-udf-global-water-solutions\\\/#primaryimage\"},\"image\":{\"@id\":\"https:\\\/\\\/aquadepotinc.com\\\/productos\\\/tratamiento-de-agua\\\/filtros\\\/cartuchos-de-resina-udf-global-water-solutions\\\/#primaryimage\"},\"thumbnailUrl\":\"https:\\\/\\\/aquadepotinc.com\\\/wp-content\\\/uploads\\\/Cartucho-con-media-filtrante.jpg\",\"datePublished\":\"2023-07-17T19:34:07+00:00\",\"dateModified\":\"2023-10-13T16:09:12+00:00\",\"breadcrumb\":{\"@id\":\"https:\\\/\\\/aquadepotinc.com\\\/productos\\\/tratamiento-de-agua\\\/filtros\\\/cartuchos-de-resina-udf-global-water-solutions\\\/#breadcrumb\"},\"inLanguage\":\"en-US\",\"potentialAction\":[{\"@type\":\"ReadAction\",\"target\":[\"https:\\\/\\\/aquadepotinc.com\\\/productos\\\/tratamiento-de-agua\\\/filtros\\\/cartuchos-de-resina-udf-global-water-solutions\\\/\"]}]},{\"@type\":\"ImageObject\",\"inLanguage\":\"en-US\",\"@id\":\"https:\\\/\\\/aquadepotinc.com\\\/productos\\\/tratamiento-de-agua\\\/filtros\\\/cartuchos-de-resina-udf-global-water-solutions\\\/#primaryimage\",\"url\":\"https:\\\/\\\/aquadepotinc.com\\\/wp-content\\\/uploads\\\/Cartucho-con-media-filtrante.jpg\",\"contentUrl\":\"https:\\\/\\\/aquadepotinc.com\\\/wp-content\\\/uploads\\\/Cartucho-con-media-filtrante.jpg\",\"width\":1128,\"height\":1128},{\"@type\":\"BreadcrumbList\",\"@id\":\"https:\\\/\\\/aquadepotinc.com\\\/productos\\\/tratamiento-de-agua\\\/filtros\\\/cartuchos-de-resina-udf-global-water-solutions\\\/#breadcrumb\",\"itemListElement\":[{\"@type\":\"ListItem\",\"position\":1,\"name\":\"Home\",\"item\":\"https:\\\/\\\/aquadepotinc.com\\\/\"},{\"@type\":\"ListItem\",\"position\":2,\"name\":\"Cartuchos de Resina UDF Global Water Solutions\"}]},{\"@type\":\"WebSite\",\"@id\":\"\\\/#website\",\"url\":\"\\\/\",\"name\":\"AquaDepot, Inc.\",\"description\":\"Distribuidora Mayorista Exportadora\",\"potentialAction\":[{\"@type\":\"SearchAction\",\"target\":{\"@type\":\"EntryPoint\",\"urlTemplate\":\"\\\/?s={search_term_string}\"},\"query-input\":{\"@type\":\"PropertyValueSpecification\",\"valueRequired\":true,\"valueName\":\"search_term_string\"}}],\"inLanguage\":\"en-US\"}]}<\/script>\n<!-- \/ Yoast SEO plugin. -->","yoast_head_json":{"title":"Cartuchos de Resina UDF Global Water Solutions - AquaDepot, Inc.","robots":{"index":"index","follow":"follow","max-snippet":"max-snippet:-1","max-image-preview":"max-image-preview:large","max-video-preview":"max-video-preview:-1"},"canonical":"https:\/\/aquadepotinc.com\/en\/productos\/tratamiento-de-agua\/filtros\/cartuchos-de-resina-udf-global-water-solutions\/","og_locale":"en_US","og_type":"article","og_title":"Cartuchos de Resina UDF Global Water Solutions - AquaDepot, Inc.","og_description":"Si su agua potable sufre de cloro u otros olores desagradables, los cartuchos de resina GWS son la soluci\u00f3n perfecta. Utilizando carbones lavados con \u00e1cido y granulares de c\u00e1scara de coco 100% puros y de origen sustentable de la m\u00e1s alta calidad, nuestros cartuchos de medios capturan las compuestos org\u00e1nicos que causan olores desagradables y lo dejan con nada m\u00e1s ... Read More","og_url":"https:\/\/aquadepotinc.com\/en\/productos\/tratamiento-de-agua\/filtros\/cartuchos-de-resina-udf-global-water-solutions\/","og_site_name":"AquaDepot, Inc.","article_modified_time":"2023-10-13T16:09:12+00:00","og_image":[{"width":1128,"height":1128,"url":"https:\/\/aquadepotinc.com\/wp-content\/uploads\/Cartucho-con-media-filtrante.jpg","type":"image\/jpeg"}],"twitter_card":"summary_large_image","schema":{"@context":"https:\/\/schema.org","@graph":[{"@type":"WebPage","@id":"https:\/\/aquadepotinc.com\/productos\/tratamiento-de-agua\/filtros\/cartuchos-de-resina-udf-global-water-solutions\/","url":"https:\/\/aquadepotinc.com\/productos\/tratamiento-de-agua\/filtros\/cartuchos-de-resina-udf-global-water-solutions\/","name":"Cartuchos de Resina UDF Global Water Solutions - AquaDepot, Inc.","isPartOf":{"@id":"\/#website"},"primaryImageOfPage":{"@id":"https:\/\/aquadepotinc.com\/productos\/tratamiento-de-agua\/filtros\/cartuchos-de-resina-udf-global-water-solutions\/#primaryimage"},"image":{"@id":"https:\/\/aquadepotinc.com\/productos\/tratamiento-de-agua\/filtros\/cartuchos-de-resina-udf-global-water-solutions\/#primaryimage"},"thumbnailUrl":"https:\/\/aquadepotinc.com\/wp-content\/uploads\/Cartucho-con-media-filtrante.jpg","datePublished":"2023-07-17T19:34:07+00:00","dateModified":"2023-10-13T16:09:12+00:00","breadcrumb":{"@id":"https:\/\/aquadepotinc.com\/productos\/tratamiento-de-agua\/filtros\/cartuchos-de-resina-udf-global-water-solutions\/#breadcrumb"},"inLanguage":"en-US","potentialAction":[{"@type":"ReadAction","target":["https:\/\/aquadepotinc.com\/productos\/tratamiento-de-agua\/filtros\/cartuchos-de-resina-udf-global-water-solutions\/"]}]},{"@type":"ImageObject","inLanguage":"en-US","@id":"https:\/\/aquadepotinc.com\/productos\/tratamiento-de-agua\/filtros\/cartuchos-de-resina-udf-global-water-solutions\/#primaryimage","url":"https:\/\/aquadepotinc.com\/wp-content\/uploads\/Cartucho-con-media-filtrante.jpg","contentUrl":"https:\/\/aquadepotinc.com\/wp-content\/uploads\/Cartucho-con-media-filtrante.jpg","width":1128,"height":1128},{"@type":"BreadcrumbList","@id":"https:\/\/aquadepotinc.com\/productos\/tratamiento-de-agua\/filtros\/cartuchos-de-resina-udf-global-water-solutions\/#breadcrumb","itemListElement":[{"@type":"ListItem","position":1,"name":"Home","item":"https:\/\/aquadepotinc.com\/"},{"@type":"ListItem","position":2,"name":"Cartuchos de Resina UDF Global Water Solutions"}]},{"@type":"WebSite","@id":"\/#website","url":"\/","name":"AquaDepot, Inc.","description":"Distribuidora Mayorista Exportadora","potentialAction":[{"@type":"SearchAction","target":{"@type":"EntryPoint","urlTemplate":"\/?s={search_term_string}"},"query-input":{"@type":"PropertyValueSpecification","valueRequired":true,"valueName":"search_term_string"}}],"inLanguage":"en-US"}]}},"_links":{"self":[{"href":"https:\/\/aquadepotinc.com\/en\/wp-json\/wp\/v2\/product\/10509","targetHints":{"allow":["GET"]}}],"collection":[{"href":"https:\/\/aquadepotinc.com\/en\/wp-json\/wp\/v2\/product"}],"about":[{"href":"https:\/\/aquadepotinc.com\/en\/wp-json\/wp\/v2\/types\/product"}],"wp:featuredmedia":[{"embeddable":true,"href":"https:\/\/aquadepotinc.com\/en\/wp-json\/wp\/v2\/media\/11526"}],"wp:attachment":[{"href":"https:\/\/aquadepotinc.com\/en\/wp-json\/wp\/v2\/media?parent=10509"}],"wp:term":[{"taxonomy":"product_brand","embeddable":true,"href":"https:\/\/aquadepotinc.com\/en\/wp-json\/wp\/v2\/product_brand?post=10509"},{"taxonomy":"product_cat","embeddable":true,"href":"https:\/\/aquadepotinc.com\/en\/wp-json\/wp\/v2\/product_cat?post=10509"},{"taxonomy":"product_tag","embeddable":true,"href":"https:\/\/aquadepotinc.com\/en\/wp-json\/wp\/v2\/product_tag?post=10509"}],"curies":[{"name":"wp","href":"https:\/\/api.w.org\/{rel}","templated":true}]}}