{"id":10515,"date":"2023-07-18T07:51:43","date_gmt":"2023-07-18T13:51:43","guid":{"rendered":"https:\/\/aquadepotinc.com\/?post_type=product&#038;p=10515"},"modified":"2023-12-08T08:49:04","modified_gmt":"2023-12-08T14:49:04","slug":"carcasas-para-membrana-de-oi-global-water-solutions","status":"publish","type":"product","link":"https:\/\/aquadepotinc.com\/en\/productos\/tratamiento-de-agua\/filtros\/carcasas-para-membrana-de-oi-global-water-solutions\/","title":{"rendered":"RO Membrane Housings Global Water Solutions"},"content":{"rendered":"<p>Custom-designed for the world\u2019s leading reverse osmosis system integrators and assemblers, GWS membrane housings are the ideal choice for reverse osmosis system manufacturers that meet NSF standards for global markets.<\/p>","protected":false},"excerpt":{"rendered":"<p>Custom-designed for the world\u2019s leading reverse osmosis system integrators and assemblers, GWS membrane housings are the ideal choice for reverse osmosis system manufacturers that meet NSF standards for global markets.<\/p>","protected":false},"featured_media":12196,"template":"","meta":{"_acf_changed":false,"inline_featured_image":false},"product_brand":[],"product_cat":[1372,1370,15,1374],"product_tag":[1569,1643],"class_list":{"0":"post-10515","1":"product","2":"type-product","3":"status-publish","4":"has-post-thumbnail","6":"product_cat-filtros","7":"product_cat-tratamiento-de-agua","8":"product_cat-nuevos","9":"product_cat-osmosis-inversa","10":"product_tag-global-water-solutions","11":"product_tag-carcasas-para-membrana-de-osmosis-inversa","12":"pa_marca-globalwater-solutions","15":"first","16":"instock","17":"shipping-taxable","18":"product-type-simple"},"acf":[],"yoast_head":"<!-- This site is optimized with the Yoast SEO plugin v27.3 - https:\/\/yoast.com\/product\/yoast-seo-wordpress\/ -->\n<title>Carcasas para Membrana de OI Global Water Solutions - AquaDepot, Inc.<\/title>\n<meta name=\"robots\" content=\"index, follow, max-snippet:-1, max-image-preview:large, max-video-preview:-1\" \/>\n<link rel=\"canonical\" href=\"https:\/\/aquadepotinc.com\/en\/productos\/tratamiento-de-agua\/filtros\/carcasas-para-membrana-de-oi-global-water-solutions\/\" \/>\n<meta property=\"og:locale\" content=\"en_US\" \/>\n<meta property=\"og:type\" content=\"article\" \/>\n<meta property=\"og:title\" content=\"Carcasas para Membrana de OI Global Water Solutions - AquaDepot, Inc.\" \/>\n<meta property=\"og:description\" content=\"Dise\u00f1ados a medida para los integradores y ensambladores de sistemas de \u00f3smosis inversa l\u00edderes en el mundo, las carcasas de membrana GWS son la opci\u00f3n ideal para los fabricantes de sistemas de \u00f3smosis inversa que cumplen con est\u00e1ndares de NSF para los mercados globales.\" \/>\n<meta property=\"og:url\" content=\"https:\/\/aquadepotinc.com\/en\/productos\/tratamiento-de-agua\/filtros\/carcasas-para-membrana-de-oi-global-water-solutions\/\" \/>\n<meta property=\"og:site_name\" content=\"AquaDepot, Inc.\" \/>\n<meta property=\"article:modified_time\" content=\"2023-12-08T14:49:04+00:00\" \/>\n<meta property=\"og:image\" content=\"https:\/\/aquadepotinc.com\/wp-content\/uploads\/Carcasas-para-membrana.jpg\" \/>\n\t<meta property=\"og:image:width\" content=\"1128\" \/>\n\t<meta property=\"og:image:height\" content=\"1128\" \/>\n\t<meta property=\"og:image:type\" content=\"image\/jpeg\" \/>\n<meta name=\"twitter:card\" content=\"summary_large_image\" \/>\n<script type=\"application\/ld+json\" class=\"yoast-schema-graph\">{\"@context\":\"https:\\\/\\\/schema.org\",\"@graph\":[{\"@type\":\"WebPage\",\"@id\":\"https:\\\/\\\/aquadepotinc.com\\\/productos\\\/tratamiento-de-agua\\\/filtros\\\/carcasas-para-membrana-de-oi-global-water-solutions\\\/\",\"url\":\"https:\\\/\\\/aquadepotinc.com\\\/productos\\\/tratamiento-de-agua\\\/filtros\\\/carcasas-para-membrana-de-oi-global-water-solutions\\\/\",\"name\":\"Carcasas para Membrana de OI Global Water Solutions - AquaDepot, Inc.\",\"isPartOf\":{\"@id\":\"\\\/#website\"},\"primaryImageOfPage\":{\"@id\":\"https:\\\/\\\/aquadepotinc.com\\\/productos\\\/tratamiento-de-agua\\\/filtros\\\/carcasas-para-membrana-de-oi-global-water-solutions\\\/#primaryimage\"},\"image\":{\"@id\":\"https:\\\/\\\/aquadepotinc.com\\\/productos\\\/tratamiento-de-agua\\\/filtros\\\/carcasas-para-membrana-de-oi-global-water-solutions\\\/#primaryimage\"},\"thumbnailUrl\":\"https:\\\/\\\/aquadepotinc.com\\\/wp-content\\\/uploads\\\/Carcasas-para-membrana.jpg\",\"datePublished\":\"2023-07-18T13:51:43+00:00\",\"dateModified\":\"2023-12-08T14:49:04+00:00\",\"breadcrumb\":{\"@id\":\"https:\\\/\\\/aquadepotinc.com\\\/productos\\\/tratamiento-de-agua\\\/filtros\\\/carcasas-para-membrana-de-oi-global-water-solutions\\\/#breadcrumb\"},\"inLanguage\":\"en-US\",\"potentialAction\":[{\"@type\":\"ReadAction\",\"target\":[\"https:\\\/\\\/aquadepotinc.com\\\/productos\\\/tratamiento-de-agua\\\/filtros\\\/carcasas-para-membrana-de-oi-global-water-solutions\\\/\"]}]},{\"@type\":\"ImageObject\",\"inLanguage\":\"en-US\",\"@id\":\"https:\\\/\\\/aquadepotinc.com\\\/productos\\\/tratamiento-de-agua\\\/filtros\\\/carcasas-para-membrana-de-oi-global-water-solutions\\\/#primaryimage\",\"url\":\"https:\\\/\\\/aquadepotinc.com\\\/wp-content\\\/uploads\\\/Carcasas-para-membrana.jpg\",\"contentUrl\":\"https:\\\/\\\/aquadepotinc.com\\\/wp-content\\\/uploads\\\/Carcasas-para-membrana.jpg\",\"width\":1128,\"height\":1128},{\"@type\":\"BreadcrumbList\",\"@id\":\"https:\\\/\\\/aquadepotinc.com\\\/productos\\\/tratamiento-de-agua\\\/filtros\\\/carcasas-para-membrana-de-oi-global-water-solutions\\\/#breadcrumb\",\"itemListElement\":[{\"@type\":\"ListItem\",\"position\":1,\"name\":\"Home\",\"item\":\"https:\\\/\\\/aquadepotinc.com\\\/\"},{\"@type\":\"ListItem\",\"position\":2,\"name\":\"Carcasas para Membrana de OI Global Water Solutions\"}]},{\"@type\":\"WebSite\",\"@id\":\"\\\/#website\",\"url\":\"\\\/\",\"name\":\"AquaDepot, Inc.\",\"description\":\"Distribuidora Mayorista Exportadora\",\"potentialAction\":[{\"@type\":\"SearchAction\",\"target\":{\"@type\":\"EntryPoint\",\"urlTemplate\":\"\\\/?s={search_term_string}\"},\"query-input\":{\"@type\":\"PropertyValueSpecification\",\"valueRequired\":true,\"valueName\":\"search_term_string\"}}],\"inLanguage\":\"en-US\"}]}<\/script>\n<!-- \/ Yoast SEO plugin. -->","yoast_head_json":{"title":"Carcasas para Membrana de OI Global Water Solutions - AquaDepot, Inc.","robots":{"index":"index","follow":"follow","max-snippet":"max-snippet:-1","max-image-preview":"max-image-preview:large","max-video-preview":"max-video-preview:-1"},"canonical":"https:\/\/aquadepotinc.com\/en\/productos\/tratamiento-de-agua\/filtros\/carcasas-para-membrana-de-oi-global-water-solutions\/","og_locale":"en_US","og_type":"article","og_title":"Carcasas para Membrana de OI Global Water Solutions - AquaDepot, Inc.","og_description":"Dise\u00f1ados a medida para los integradores y ensambladores de sistemas de \u00f3smosis inversa l\u00edderes en el mundo, las carcasas de membrana GWS son la opci\u00f3n ideal para los fabricantes de sistemas de \u00f3smosis inversa que cumplen con est\u00e1ndares de NSF para los mercados globales.","og_url":"https:\/\/aquadepotinc.com\/en\/productos\/tratamiento-de-agua\/filtros\/carcasas-para-membrana-de-oi-global-water-solutions\/","og_site_name":"AquaDepot, Inc.","article_modified_time":"2023-12-08T14:49:04+00:00","og_image":[{"width":1128,"height":1128,"url":"https:\/\/aquadepotinc.com\/wp-content\/uploads\/Carcasas-para-membrana.jpg","type":"image\/jpeg"}],"twitter_card":"summary_large_image","schema":{"@context":"https:\/\/schema.org","@graph":[{"@type":"WebPage","@id":"https:\/\/aquadepotinc.com\/productos\/tratamiento-de-agua\/filtros\/carcasas-para-membrana-de-oi-global-water-solutions\/","url":"https:\/\/aquadepotinc.com\/productos\/tratamiento-de-agua\/filtros\/carcasas-para-membrana-de-oi-global-water-solutions\/","name":"Carcasas para Membrana de OI Global Water Solutions - AquaDepot, Inc.","isPartOf":{"@id":"\/#website"},"primaryImageOfPage":{"@id":"https:\/\/aquadepotinc.com\/productos\/tratamiento-de-agua\/filtros\/carcasas-para-membrana-de-oi-global-water-solutions\/#primaryimage"},"image":{"@id":"https:\/\/aquadepotinc.com\/productos\/tratamiento-de-agua\/filtros\/carcasas-para-membrana-de-oi-global-water-solutions\/#primaryimage"},"thumbnailUrl":"https:\/\/aquadepotinc.com\/wp-content\/uploads\/Carcasas-para-membrana.jpg","datePublished":"2023-07-18T13:51:43+00:00","dateModified":"2023-12-08T14:49:04+00:00","breadcrumb":{"@id":"https:\/\/aquadepotinc.com\/productos\/tratamiento-de-agua\/filtros\/carcasas-para-membrana-de-oi-global-water-solutions\/#breadcrumb"},"inLanguage":"en-US","potentialAction":[{"@type":"ReadAction","target":["https:\/\/aquadepotinc.com\/productos\/tratamiento-de-agua\/filtros\/carcasas-para-membrana-de-oi-global-water-solutions\/"]}]},{"@type":"ImageObject","inLanguage":"en-US","@id":"https:\/\/aquadepotinc.com\/productos\/tratamiento-de-agua\/filtros\/carcasas-para-membrana-de-oi-global-water-solutions\/#primaryimage","url":"https:\/\/aquadepotinc.com\/wp-content\/uploads\/Carcasas-para-membrana.jpg","contentUrl":"https:\/\/aquadepotinc.com\/wp-content\/uploads\/Carcasas-para-membrana.jpg","width":1128,"height":1128},{"@type":"BreadcrumbList","@id":"https:\/\/aquadepotinc.com\/productos\/tratamiento-de-agua\/filtros\/carcasas-para-membrana-de-oi-global-water-solutions\/#breadcrumb","itemListElement":[{"@type":"ListItem","position":1,"name":"Home","item":"https:\/\/aquadepotinc.com\/"},{"@type":"ListItem","position":2,"name":"Carcasas para Membrana de OI Global Water Solutions"}]},{"@type":"WebSite","@id":"\/#website","url":"\/","name":"AquaDepot, Inc.","description":"Distribuidora Mayorista Exportadora","potentialAction":[{"@type":"SearchAction","target":{"@type":"EntryPoint","urlTemplate":"\/?s={search_term_string}"},"query-input":{"@type":"PropertyValueSpecification","valueRequired":true,"valueName":"search_term_string"}}],"inLanguage":"en-US"}]}},"_links":{"self":[{"href":"https:\/\/aquadepotinc.com\/en\/wp-json\/wp\/v2\/product\/10515","targetHints":{"allow":["GET"]}}],"collection":[{"href":"https:\/\/aquadepotinc.com\/en\/wp-json\/wp\/v2\/product"}],"about":[{"href":"https:\/\/aquadepotinc.com\/en\/wp-json\/wp\/v2\/types\/product"}],"wp:featuredmedia":[{"embeddable":true,"href":"https:\/\/aquadepotinc.com\/en\/wp-json\/wp\/v2\/media\/12196"}],"wp:attachment":[{"href":"https:\/\/aquadepotinc.com\/en\/wp-json\/wp\/v2\/media?parent=10515"}],"wp:term":[{"taxonomy":"product_brand","embeddable":true,"href":"https:\/\/aquadepotinc.com\/en\/wp-json\/wp\/v2\/product_brand?post=10515"},{"taxonomy":"product_cat","embeddable":true,"href":"https:\/\/aquadepotinc.com\/en\/wp-json\/wp\/v2\/product_cat?post=10515"},{"taxonomy":"product_tag","embeddable":true,"href":"https:\/\/aquadepotinc.com\/en\/wp-json\/wp\/v2\/product_tag?post=10515"}],"curies":[{"name":"wp","href":"https:\/\/api.w.org\/{rel}","templated":true}]}}