{"id":10519,"date":"2023-07-18T09:25:05","date_gmt":"2023-07-18T15:25:05","guid":{"rendered":"https:\/\/aquadepotinc.com\/?post_type=product&#038;p=10519"},"modified":"2023-10-13T09:48:46","modified_gmt":"2023-10-13T15:48:46","slug":"sistema-de-purificacion-aquawave-premium-global-water-solutions","status":"publish","type":"product","link":"https:\/\/aquadepotinc.com\/en\/productos\/tratamiento-de-agua\/filtros\/sistema-de-purificacion-aquawave-premium-global-water-solutions\/","title":{"rendered":"AquaWave\u2122 Premium Purification System Global Water Solutions"},"content":{"rendered":"<p>Are you looking for a high-quality, space-saving drinking water system from your home? AquaWave\u2122 Premium is the perfect solution for clean and refreshing purified drinking water delivered right to your tap.<\/p>\n<p>This elegant all-in-one system combines four stages of filtration with one stage of industry-leading reverse osmosis technology to eliminate common contaminants, chemicals, heavy metals, bacteria and viruses from your water.<\/p>","protected":false},"excerpt":{"rendered":"<p>\u00bfEst\u00e1 buscando un sistema de agua potable de alta calidad y que ahorre espacio para su hogar? AquaWave\u2122 Premium es la soluci\u00f3n perfecta para obtener agua potable limpia y refrescante directamente en su grifo. Este elegante sistema todo en uno, combina cuatro etapas de filtraci\u00f3n con una etapa de tecnolog\u00eda de \u00f3smosis inversa l\u00edder en la industria para eliminar contaminantes &#8230; <\/p>\n<div><a href=\"https:\/\/aquadepotinc.com\/en\/productos\/tratamiento-de-agua\/filtros\/sistema-de-purificacion-aquawave-premium-global-water-solutions\/\" class=\"more-link\">Read More<\/a><\/div>","protected":false},"featured_media":11540,"template":"","meta":{"_acf_changed":false,"inline_featured_image":false},"product_brand":[],"product_cat":[1372,1370,15],"product_tag":[1569,1638,1639,1640],"class_list":{"0":"post-10519","1":"product","2":"type-product","3":"status-publish","4":"has-post-thumbnail","6":"product_cat-filtros","7":"product_cat-tratamiento-de-agua","8":"product_cat-nuevos","9":"product_tag-global-water-solutions","10":"product_tag-purficacion","11":"product_tag-aquawave","12":"product_tag-premium","13":"pa_marca-globalwater-solutions","16":"first","17":"instock","18":"shipping-taxable","19":"product-type-simple"},"acf":[],"yoast_head":"<!-- This site is optimized with the Yoast SEO plugin v27.3 - https:\/\/yoast.com\/product\/yoast-seo-wordpress\/ -->\n<title>Sistema de Purificaci\u00f3n AquaWave\u2122 Premium Global Water Solutions - AquaDepot, Inc.<\/title>\n<meta name=\"robots\" content=\"index, follow, max-snippet:-1, max-image-preview:large, max-video-preview:-1\" \/>\n<link rel=\"canonical\" href=\"https:\/\/aquadepotinc.com\/en\/productos\/tratamiento-de-agua\/filtros\/sistema-de-purificacion-aquawave-premium-global-water-solutions\/\" \/>\n<meta property=\"og:locale\" content=\"en_US\" \/>\n<meta property=\"og:type\" content=\"article\" \/>\n<meta property=\"og:title\" content=\"Sistema de Purificaci\u00f3n AquaWave\u2122 Premium Global Water Solutions - AquaDepot, Inc.\" \/>\n<meta property=\"og:description\" content=\"\u00bfEst\u00e1 buscando un sistema de agua potable de alta calidad y que ahorre espacio para su hogar? AquaWave\u2122 Premium es la soluci\u00f3n perfecta para obtener agua potable limpia y refrescante directamente en su grifo. Este elegante sistema todo en uno, combina cuatro etapas de filtraci\u00f3n con una etapa de tecnolog\u00eda de \u00f3smosis inversa l\u00edder en la industria para eliminar contaminantes ... Read More\" \/>\n<meta property=\"og:url\" content=\"https:\/\/aquadepotinc.com\/en\/productos\/tratamiento-de-agua\/filtros\/sistema-de-purificacion-aquawave-premium-global-water-solutions\/\" \/>\n<meta property=\"og:site_name\" content=\"AquaDepot, Inc.\" \/>\n<meta property=\"article:modified_time\" content=\"2023-10-13T15:48:46+00:00\" \/>\n<meta property=\"og:image\" content=\"https:\/\/aquadepotinc.com\/wp-content\/uploads\/AquaWave-Premium.jpg\" \/>\n\t<meta property=\"og:image:width\" content=\"1128\" \/>\n\t<meta property=\"og:image:height\" content=\"1128\" \/>\n\t<meta property=\"og:image:type\" content=\"image\/jpeg\" \/>\n<meta name=\"twitter:card\" content=\"summary_large_image\" \/>\n<script type=\"application\/ld+json\" class=\"yoast-schema-graph\">{\"@context\":\"https:\\\/\\\/schema.org\",\"@graph\":[{\"@type\":\"WebPage\",\"@id\":\"https:\\\/\\\/aquadepotinc.com\\\/en\\\/productos\\\/tratamiento-de-agua\\\/filtros\\\/sistema-de-purificacion-aquawave-premium-global-water-solutions\\\/\",\"url\":\"https:\\\/\\\/aquadepotinc.com\\\/en\\\/productos\\\/tratamiento-de-agua\\\/filtros\\\/sistema-de-purificacion-aquawave-premium-global-water-solutions\\\/\",\"name\":\"Sistema de Purificaci\u00f3n AquaWave\u2122 Premium Global Water Solutions - AquaDepot, Inc.\",\"isPartOf\":{\"@id\":\"\\\/#website\"},\"primaryImageOfPage\":{\"@id\":\"https:\\\/\\\/aquadepotinc.com\\\/en\\\/productos\\\/tratamiento-de-agua\\\/filtros\\\/sistema-de-purificacion-aquawave-premium-global-water-solutions\\\/#primaryimage\"},\"image\":{\"@id\":\"https:\\\/\\\/aquadepotinc.com\\\/en\\\/productos\\\/tratamiento-de-agua\\\/filtros\\\/sistema-de-purificacion-aquawave-premium-global-water-solutions\\\/#primaryimage\"},\"thumbnailUrl\":\"https:\\\/\\\/aquadepotinc.com\\\/wp-content\\\/uploads\\\/AquaWave-Premium.jpg\",\"datePublished\":\"2023-07-18T15:25:05+00:00\",\"dateModified\":\"2023-10-13T15:48:46+00:00\",\"breadcrumb\":{\"@id\":\"https:\\\/\\\/aquadepotinc.com\\\/en\\\/productos\\\/tratamiento-de-agua\\\/filtros\\\/sistema-de-purificacion-aquawave-premium-global-water-solutions\\\/#breadcrumb\"},\"inLanguage\":\"en-US\",\"potentialAction\":[{\"@type\":\"ReadAction\",\"target\":[\"https:\\\/\\\/aquadepotinc.com\\\/en\\\/productos\\\/tratamiento-de-agua\\\/filtros\\\/sistema-de-purificacion-aquawave-premium-global-water-solutions\\\/\"]}]},{\"@type\":\"ImageObject\",\"inLanguage\":\"en-US\",\"@id\":\"https:\\\/\\\/aquadepotinc.com\\\/en\\\/productos\\\/tratamiento-de-agua\\\/filtros\\\/sistema-de-purificacion-aquawave-premium-global-water-solutions\\\/#primaryimage\",\"url\":\"https:\\\/\\\/aquadepotinc.com\\\/wp-content\\\/uploads\\\/AquaWave-Premium.jpg\",\"contentUrl\":\"https:\\\/\\\/aquadepotinc.com\\\/wp-content\\\/uploads\\\/AquaWave-Premium.jpg\",\"width\":1128,\"height\":1128},{\"@type\":\"BreadcrumbList\",\"@id\":\"https:\\\/\\\/aquadepotinc.com\\\/en\\\/productos\\\/tratamiento-de-agua\\\/filtros\\\/sistema-de-purificacion-aquawave-premium-global-water-solutions\\\/#breadcrumb\",\"itemListElement\":[{\"@type\":\"ListItem\",\"position\":1,\"name\":\"Home\",\"item\":\"https:\\\/\\\/aquadepotinc.com\\\/\"},{\"@type\":\"ListItem\",\"position\":2,\"name\":\"Sistema de Purificaci\u00f3n AquaWave\u2122 Premium Global Water Solutions\"}]},{\"@type\":\"WebSite\",\"@id\":\"\\\/#website\",\"url\":\"\\\/\",\"name\":\"AquaDepot, Inc.\",\"description\":\"Distribuidora Mayorista Exportadora\",\"potentialAction\":[{\"@type\":\"SearchAction\",\"target\":{\"@type\":\"EntryPoint\",\"urlTemplate\":\"\\\/?s={search_term_string}\"},\"query-input\":{\"@type\":\"PropertyValueSpecification\",\"valueRequired\":true,\"valueName\":\"search_term_string\"}}],\"inLanguage\":\"en-US\"}]}<\/script>\n<!-- \/ Yoast SEO plugin. -->","yoast_head_json":{"title":"Sistema de Purificaci\u00f3n AquaWave\u2122 Premium Global Water Solutions - AquaDepot, Inc.","robots":{"index":"index","follow":"follow","max-snippet":"max-snippet:-1","max-image-preview":"max-image-preview:large","max-video-preview":"max-video-preview:-1"},"canonical":"https:\/\/aquadepotinc.com\/en\/productos\/tratamiento-de-agua\/filtros\/sistema-de-purificacion-aquawave-premium-global-water-solutions\/","og_locale":"en_US","og_type":"article","og_title":"Sistema de Purificaci\u00f3n AquaWave\u2122 Premium Global Water Solutions - AquaDepot, Inc.","og_description":"\u00bfEst\u00e1 buscando un sistema de agua potable de alta calidad y que ahorre espacio para su hogar? AquaWave\u2122 Premium es la soluci\u00f3n perfecta para obtener agua potable limpia y refrescante directamente en su grifo. Este elegante sistema todo en uno, combina cuatro etapas de filtraci\u00f3n con una etapa de tecnolog\u00eda de \u00f3smosis inversa l\u00edder en la industria para eliminar contaminantes ... Read More","og_url":"https:\/\/aquadepotinc.com\/en\/productos\/tratamiento-de-agua\/filtros\/sistema-de-purificacion-aquawave-premium-global-water-solutions\/","og_site_name":"AquaDepot, Inc.","article_modified_time":"2023-10-13T15:48:46+00:00","og_image":[{"width":1128,"height":1128,"url":"https:\/\/aquadepotinc.com\/wp-content\/uploads\/AquaWave-Premium.jpg","type":"image\/jpeg"}],"twitter_card":"summary_large_image","schema":{"@context":"https:\/\/schema.org","@graph":[{"@type":"WebPage","@id":"https:\/\/aquadepotinc.com\/en\/productos\/tratamiento-de-agua\/filtros\/sistema-de-purificacion-aquawave-premium-global-water-solutions\/","url":"https:\/\/aquadepotinc.com\/en\/productos\/tratamiento-de-agua\/filtros\/sistema-de-purificacion-aquawave-premium-global-water-solutions\/","name":"Sistema de Purificaci\u00f3n AquaWave\u2122 Premium Global Water Solutions - AquaDepot, Inc.","isPartOf":{"@id":"\/#website"},"primaryImageOfPage":{"@id":"https:\/\/aquadepotinc.com\/en\/productos\/tratamiento-de-agua\/filtros\/sistema-de-purificacion-aquawave-premium-global-water-solutions\/#primaryimage"},"image":{"@id":"https:\/\/aquadepotinc.com\/en\/productos\/tratamiento-de-agua\/filtros\/sistema-de-purificacion-aquawave-premium-global-water-solutions\/#primaryimage"},"thumbnailUrl":"https:\/\/aquadepotinc.com\/wp-content\/uploads\/AquaWave-Premium.jpg","datePublished":"2023-07-18T15:25:05+00:00","dateModified":"2023-10-13T15:48:46+00:00","breadcrumb":{"@id":"https:\/\/aquadepotinc.com\/en\/productos\/tratamiento-de-agua\/filtros\/sistema-de-purificacion-aquawave-premium-global-water-solutions\/#breadcrumb"},"inLanguage":"en-US","potentialAction":[{"@type":"ReadAction","target":["https:\/\/aquadepotinc.com\/en\/productos\/tratamiento-de-agua\/filtros\/sistema-de-purificacion-aquawave-premium-global-water-solutions\/"]}]},{"@type":"ImageObject","inLanguage":"en-US","@id":"https:\/\/aquadepotinc.com\/en\/productos\/tratamiento-de-agua\/filtros\/sistema-de-purificacion-aquawave-premium-global-water-solutions\/#primaryimage","url":"https:\/\/aquadepotinc.com\/wp-content\/uploads\/AquaWave-Premium.jpg","contentUrl":"https:\/\/aquadepotinc.com\/wp-content\/uploads\/AquaWave-Premium.jpg","width":1128,"height":1128},{"@type":"BreadcrumbList","@id":"https:\/\/aquadepotinc.com\/en\/productos\/tratamiento-de-agua\/filtros\/sistema-de-purificacion-aquawave-premium-global-water-solutions\/#breadcrumb","itemListElement":[{"@type":"ListItem","position":1,"name":"Home","item":"https:\/\/aquadepotinc.com\/"},{"@type":"ListItem","position":2,"name":"Sistema de Purificaci\u00f3n AquaWave\u2122 Premium Global Water Solutions"}]},{"@type":"WebSite","@id":"\/#website","url":"\/","name":"AquaDepot, Inc.","description":"Distribuidora Mayorista Exportadora","potentialAction":[{"@type":"SearchAction","target":{"@type":"EntryPoint","urlTemplate":"\/?s={search_term_string}"},"query-input":{"@type":"PropertyValueSpecification","valueRequired":true,"valueName":"search_term_string"}}],"inLanguage":"en-US"}]}},"_links":{"self":[{"href":"https:\/\/aquadepotinc.com\/en\/wp-json\/wp\/v2\/product\/10519","targetHints":{"allow":["GET"]}}],"collection":[{"href":"https:\/\/aquadepotinc.com\/en\/wp-json\/wp\/v2\/product"}],"about":[{"href":"https:\/\/aquadepotinc.com\/en\/wp-json\/wp\/v2\/types\/product"}],"wp:featuredmedia":[{"embeddable":true,"href":"https:\/\/aquadepotinc.com\/en\/wp-json\/wp\/v2\/media\/11540"}],"wp:attachment":[{"href":"https:\/\/aquadepotinc.com\/en\/wp-json\/wp\/v2\/media?parent=10519"}],"wp:term":[{"taxonomy":"product_brand","embeddable":true,"href":"https:\/\/aquadepotinc.com\/en\/wp-json\/wp\/v2\/product_brand?post=10519"},{"taxonomy":"product_cat","embeddable":true,"href":"https:\/\/aquadepotinc.com\/en\/wp-json\/wp\/v2\/product_cat?post=10519"},{"taxonomy":"product_tag","embeddable":true,"href":"https:\/\/aquadepotinc.com\/en\/wp-json\/wp\/v2\/product_tag?post=10519"}],"curies":[{"name":"wp","href":"https:\/\/api.w.org\/{rel}","templated":true}]}}