{"id":10520,"date":"2023-07-18T09:31:17","date_gmt":"2023-07-18T15:31:17","guid":{"rendered":"https:\/\/aquadepotinc.com\/?post_type=product&#038;p=10520"},"modified":"2023-12-08T08:46:25","modified_gmt":"2023-12-08T14:46:25","slug":"sistema-de-purificacion-aquawave-classic-global-water-solutions","status":"publish","type":"product","link":"https:\/\/aquadepotinc.com\/en\/productos\/tratamiento-de-agua\/filtros\/sistema-de-purificacion-aquawave-classic-global-water-solutions\/","title":{"rendered":"AquaWave\u2122 Classic Purification System Global Water Solutions"},"content":{"rendered":"<p>This compact RO system is ideal for residential drinking water purification. The 5-stage system is desgined with a 5-micron sediment prefilter, a second stage GAC carbon filter, followed by our patented 2-in-1 design 1 micron GAC filter, desgined for the optimal reverse osmosis membrane protection.<\/p>","protected":false},"excerpt":{"rendered":"<p>This compact RO system is ideal for residential drinking water purification. The 5-stage system is desgined with a 5-micron sediment prefilter, a second stage GAC carbon filter, followed by our patented 2-in-1 design 1 micron GAC filter, desgined for the optimal reverse osmosis membrane protection.<\/p>","protected":false},"featured_media":12202,"template":"","meta":{"_acf_changed":false,"inline_featured_image":false},"product_brand":[],"product_cat":[1372,1370,15,1374],"product_tag":[1639,1641,1646,1569],"class_list":{"0":"post-10520","1":"product","2":"type-product","3":"status-publish","4":"has-post-thumbnail","6":"product_cat-filtros","7":"product_cat-tratamiento-de-agua","8":"product_cat-nuevos","9":"product_cat-osmosis-inversa","10":"product_tag-aquawave","11":"product_tag-classic","12":"product_tag-purificacion","13":"product_tag-global-water-solutions","14":"pa_marca-globalwater-solutions","17":"first","18":"instock","19":"shipping-taxable","20":"product-type-simple"},"acf":[],"yoast_head":"<!-- This site is optimized with the Yoast SEO plugin v27.3 - https:\/\/yoast.com\/product\/yoast-seo-wordpress\/ -->\n<title>Sistema de Purificaci\u00f3n AquaWave\u2122 Classic Global Water Solutions - AquaDepot, Inc.<\/title>\n<meta name=\"robots\" content=\"index, follow, max-snippet:-1, max-image-preview:large, max-video-preview:-1\" \/>\n<link rel=\"canonical\" href=\"https:\/\/aquadepotinc.com\/en\/productos\/tratamiento-de-agua\/filtros\/sistema-de-purificacion-aquawave-classic-global-water-solutions\/\" \/>\n<meta property=\"og:locale\" content=\"en_US\" \/>\n<meta property=\"og:type\" content=\"article\" \/>\n<meta property=\"og:title\" content=\"Sistema de Purificaci\u00f3n AquaWave\u2122 Classic Global Water Solutions - AquaDepot, Inc.\" \/>\n<meta property=\"og:description\" content=\"Este sistema compacto de \u00f3smosis inversa es ideal para la purificaci\u00f3n de agua potable residencial. El sistema de 5 etapas est\u00e1 dise\u00f1ado con un prefiltro de sedimentos de 5 micras, un filtro de carbono GAC de segunda etapa, seguido de nuestro filtro patentado 2-in-1 BLOCKFREE, dise\u00f1ado para una protecci\u00f3n \u00f3ptima de la membrana de \u00f3smosis inversa.\" \/>\n<meta property=\"og:url\" content=\"https:\/\/aquadepotinc.com\/en\/productos\/tratamiento-de-agua\/filtros\/sistema-de-purificacion-aquawave-classic-global-water-solutions\/\" \/>\n<meta property=\"og:site_name\" content=\"AquaDepot, Inc.\" \/>\n<meta property=\"article:modified_time\" content=\"2023-12-08T14:46:25+00:00\" \/>\n<meta property=\"og:image\" content=\"https:\/\/aquadepotinc.com\/wp-content\/uploads\/Tecnica-aquawave.jpg\" \/>\n\t<meta property=\"og:image:width\" content=\"1128\" \/>\n\t<meta property=\"og:image:height\" content=\"1128\" \/>\n\t<meta property=\"og:image:type\" content=\"image\/jpeg\" \/>\n<meta name=\"twitter:card\" content=\"summary_large_image\" \/>\n<script type=\"application\/ld+json\" class=\"yoast-schema-graph\">{\"@context\":\"https:\\\/\\\/schema.org\",\"@graph\":[{\"@type\":\"WebPage\",\"@id\":\"https:\\\/\\\/aquadepotinc.com\\\/en\\\/productos\\\/tratamiento-de-agua\\\/filtros\\\/sistema-de-purificacion-aquawave-classic-global-water-solutions\\\/\",\"url\":\"https:\\\/\\\/aquadepotinc.com\\\/en\\\/productos\\\/tratamiento-de-agua\\\/filtros\\\/sistema-de-purificacion-aquawave-classic-global-water-solutions\\\/\",\"name\":\"Sistema de Purificaci\u00f3n AquaWave\u2122 Classic Global Water Solutions - AquaDepot, Inc.\",\"isPartOf\":{\"@id\":\"\\\/#website\"},\"primaryImageOfPage\":{\"@id\":\"https:\\\/\\\/aquadepotinc.com\\\/en\\\/productos\\\/tratamiento-de-agua\\\/filtros\\\/sistema-de-purificacion-aquawave-classic-global-water-solutions\\\/#primaryimage\"},\"image\":{\"@id\":\"https:\\\/\\\/aquadepotinc.com\\\/en\\\/productos\\\/tratamiento-de-agua\\\/filtros\\\/sistema-de-purificacion-aquawave-classic-global-water-solutions\\\/#primaryimage\"},\"thumbnailUrl\":\"https:\\\/\\\/aquadepotinc.com\\\/wp-content\\\/uploads\\\/Tecnica-aquawave.jpg\",\"datePublished\":\"2023-07-18T15:31:17+00:00\",\"dateModified\":\"2023-12-08T14:46:25+00:00\",\"breadcrumb\":{\"@id\":\"https:\\\/\\\/aquadepotinc.com\\\/en\\\/productos\\\/tratamiento-de-agua\\\/filtros\\\/sistema-de-purificacion-aquawave-classic-global-water-solutions\\\/#breadcrumb\"},\"inLanguage\":\"en-US\",\"potentialAction\":[{\"@type\":\"ReadAction\",\"target\":[\"https:\\\/\\\/aquadepotinc.com\\\/en\\\/productos\\\/tratamiento-de-agua\\\/filtros\\\/sistema-de-purificacion-aquawave-classic-global-water-solutions\\\/\"]}]},{\"@type\":\"ImageObject\",\"inLanguage\":\"en-US\",\"@id\":\"https:\\\/\\\/aquadepotinc.com\\\/en\\\/productos\\\/tratamiento-de-agua\\\/filtros\\\/sistema-de-purificacion-aquawave-classic-global-water-solutions\\\/#primaryimage\",\"url\":\"https:\\\/\\\/aquadepotinc.com\\\/wp-content\\\/uploads\\\/Tecnica-aquawave.jpg\",\"contentUrl\":\"https:\\\/\\\/aquadepotinc.com\\\/wp-content\\\/uploads\\\/Tecnica-aquawave.jpg\",\"width\":1128,\"height\":1128},{\"@type\":\"BreadcrumbList\",\"@id\":\"https:\\\/\\\/aquadepotinc.com\\\/en\\\/productos\\\/tratamiento-de-agua\\\/filtros\\\/sistema-de-purificacion-aquawave-classic-global-water-solutions\\\/#breadcrumb\",\"itemListElement\":[{\"@type\":\"ListItem\",\"position\":1,\"name\":\"Home\",\"item\":\"https:\\\/\\\/aquadepotinc.com\\\/\"},{\"@type\":\"ListItem\",\"position\":2,\"name\":\"Sistema de Purificaci\u00f3n AquaWave\u2122 Classic Global Water Solutions\"}]},{\"@type\":\"WebSite\",\"@id\":\"\\\/#website\",\"url\":\"\\\/\",\"name\":\"AquaDepot, Inc.\",\"description\":\"Distribuidora Mayorista Exportadora\",\"potentialAction\":[{\"@type\":\"SearchAction\",\"target\":{\"@type\":\"EntryPoint\",\"urlTemplate\":\"\\\/?s={search_term_string}\"},\"query-input\":{\"@type\":\"PropertyValueSpecification\",\"valueRequired\":true,\"valueName\":\"search_term_string\"}}],\"inLanguage\":\"en-US\"}]}<\/script>\n<!-- \/ Yoast SEO plugin. -->","yoast_head_json":{"title":"Sistema de Purificaci\u00f3n AquaWave\u2122 Classic Global Water Solutions - AquaDepot, Inc.","robots":{"index":"index","follow":"follow","max-snippet":"max-snippet:-1","max-image-preview":"max-image-preview:large","max-video-preview":"max-video-preview:-1"},"canonical":"https:\/\/aquadepotinc.com\/en\/productos\/tratamiento-de-agua\/filtros\/sistema-de-purificacion-aquawave-classic-global-water-solutions\/","og_locale":"en_US","og_type":"article","og_title":"Sistema de Purificaci\u00f3n AquaWave\u2122 Classic Global Water Solutions - AquaDepot, Inc.","og_description":"Este sistema compacto de \u00f3smosis inversa es ideal para la purificaci\u00f3n de agua potable residencial. El sistema de 5 etapas est\u00e1 dise\u00f1ado con un prefiltro de sedimentos de 5 micras, un filtro de carbono GAC de segunda etapa, seguido de nuestro filtro patentado 2-in-1 BLOCKFREE, dise\u00f1ado para una protecci\u00f3n \u00f3ptima de la membrana de \u00f3smosis inversa.","og_url":"https:\/\/aquadepotinc.com\/en\/productos\/tratamiento-de-agua\/filtros\/sistema-de-purificacion-aquawave-classic-global-water-solutions\/","og_site_name":"AquaDepot, Inc.","article_modified_time":"2023-12-08T14:46:25+00:00","og_image":[{"width":1128,"height":1128,"url":"https:\/\/aquadepotinc.com\/wp-content\/uploads\/Tecnica-aquawave.jpg","type":"image\/jpeg"}],"twitter_card":"summary_large_image","schema":{"@context":"https:\/\/schema.org","@graph":[{"@type":"WebPage","@id":"https:\/\/aquadepotinc.com\/en\/productos\/tratamiento-de-agua\/filtros\/sistema-de-purificacion-aquawave-classic-global-water-solutions\/","url":"https:\/\/aquadepotinc.com\/en\/productos\/tratamiento-de-agua\/filtros\/sistema-de-purificacion-aquawave-classic-global-water-solutions\/","name":"Sistema de Purificaci\u00f3n AquaWave\u2122 Classic Global Water Solutions - AquaDepot, Inc.","isPartOf":{"@id":"\/#website"},"primaryImageOfPage":{"@id":"https:\/\/aquadepotinc.com\/en\/productos\/tratamiento-de-agua\/filtros\/sistema-de-purificacion-aquawave-classic-global-water-solutions\/#primaryimage"},"image":{"@id":"https:\/\/aquadepotinc.com\/en\/productos\/tratamiento-de-agua\/filtros\/sistema-de-purificacion-aquawave-classic-global-water-solutions\/#primaryimage"},"thumbnailUrl":"https:\/\/aquadepotinc.com\/wp-content\/uploads\/Tecnica-aquawave.jpg","datePublished":"2023-07-18T15:31:17+00:00","dateModified":"2023-12-08T14:46:25+00:00","breadcrumb":{"@id":"https:\/\/aquadepotinc.com\/en\/productos\/tratamiento-de-agua\/filtros\/sistema-de-purificacion-aquawave-classic-global-water-solutions\/#breadcrumb"},"inLanguage":"en-US","potentialAction":[{"@type":"ReadAction","target":["https:\/\/aquadepotinc.com\/en\/productos\/tratamiento-de-agua\/filtros\/sistema-de-purificacion-aquawave-classic-global-water-solutions\/"]}]},{"@type":"ImageObject","inLanguage":"en-US","@id":"https:\/\/aquadepotinc.com\/en\/productos\/tratamiento-de-agua\/filtros\/sistema-de-purificacion-aquawave-classic-global-water-solutions\/#primaryimage","url":"https:\/\/aquadepotinc.com\/wp-content\/uploads\/Tecnica-aquawave.jpg","contentUrl":"https:\/\/aquadepotinc.com\/wp-content\/uploads\/Tecnica-aquawave.jpg","width":1128,"height":1128},{"@type":"BreadcrumbList","@id":"https:\/\/aquadepotinc.com\/en\/productos\/tratamiento-de-agua\/filtros\/sistema-de-purificacion-aquawave-classic-global-water-solutions\/#breadcrumb","itemListElement":[{"@type":"ListItem","position":1,"name":"Home","item":"https:\/\/aquadepotinc.com\/"},{"@type":"ListItem","position":2,"name":"Sistema de Purificaci\u00f3n AquaWave\u2122 Classic Global Water Solutions"}]},{"@type":"WebSite","@id":"\/#website","url":"\/","name":"AquaDepot, Inc.","description":"Distribuidora Mayorista Exportadora","potentialAction":[{"@type":"SearchAction","target":{"@type":"EntryPoint","urlTemplate":"\/?s={search_term_string}"},"query-input":{"@type":"PropertyValueSpecification","valueRequired":true,"valueName":"search_term_string"}}],"inLanguage":"en-US"}]}},"_links":{"self":[{"href":"https:\/\/aquadepotinc.com\/en\/wp-json\/wp\/v2\/product\/10520","targetHints":{"allow":["GET"]}}],"collection":[{"href":"https:\/\/aquadepotinc.com\/en\/wp-json\/wp\/v2\/product"}],"about":[{"href":"https:\/\/aquadepotinc.com\/en\/wp-json\/wp\/v2\/types\/product"}],"wp:featuredmedia":[{"embeddable":true,"href":"https:\/\/aquadepotinc.com\/en\/wp-json\/wp\/v2\/media\/12202"}],"wp:attachment":[{"href":"https:\/\/aquadepotinc.com\/en\/wp-json\/wp\/v2\/media?parent=10520"}],"wp:term":[{"taxonomy":"product_brand","embeddable":true,"href":"https:\/\/aquadepotinc.com\/en\/wp-json\/wp\/v2\/product_brand?post=10520"},{"taxonomy":"product_cat","embeddable":true,"href":"https:\/\/aquadepotinc.com\/en\/wp-json\/wp\/v2\/product_cat?post=10520"},{"taxonomy":"product_tag","embeddable":true,"href":"https:\/\/aquadepotinc.com\/en\/wp-json\/wp\/v2\/product_tag?post=10520"}],"curies":[{"name":"wp","href":"https:\/\/api.w.org\/{rel}","templated":true}]}}