{"id":10522,"date":"2023-07-18T09:52:35","date_gmt":"2023-07-18T15:52:35","guid":{"rendered":"https:\/\/aquadepotinc.com\/?post_type=product&#038;p=10522"},"modified":"2023-12-08T09:00:42","modified_gmt":"2023-12-08T15:00:42","slug":"tanques-de-osmosis-inversa-global-water-solutions","status":"publish","type":"product","link":"https:\/\/aquadepotinc.com\/en\/productos\/sistemas-de-bombeo\/tanques-de-presion\/tanques-de-osmosis-inversa-global-water-solutions\/","title":{"rendered":"Reverse Osmosis Tanks Global Water Solutions"},"content":{"rendered":"<p>GWS reverse osmosis tanks are the industry leaders in purified water storage. Constructed with highest-quality FDA-compliant materials, the tanks feature an assembled water storage chamber made with virgin polypropylene liner, high-quality butyl diaphragm, and a patented stainless steel water connection.<\/p>\n<p>Each diaphragm is subsequently cured to eliminate  any elements that could impart odor or taste. This ensures zero secondary contamination and keeps the water pure and clean in the RO system.<\/p>","protected":false},"excerpt":{"rendered":"<p>Los tanques de \u00f3smosis inversa de GWS son los l\u00edderes de la industria cuando se trata de almacenamiento de agua purificada. Construidos con los mejores materiales disponibles que cumplen con la FDA, los tanques incorporan una c\u00e1mara de almacenamiento de agua ensamblada con una camara de polipropileno virgen, un diafragma de butilo de alta calidad y una conexi\u00f3n de agua &#8230; <\/p>\n<div><a href=\"https:\/\/aquadepotinc.com\/en\/productos\/sistemas-de-bombeo\/tanques-de-presion\/tanques-de-osmosis-inversa-global-water-solutions\/\" class=\"more-link\">Read More<\/a><\/div>","protected":false},"featured_media":12201,"template":"","meta":{"_acf_changed":false,"inline_featured_image":false},"product_brand":[],"product_cat":[1376,1370,15,1374],"product_tag":[1570,1642,1569],"class_list":{"0":"post-10522","1":"product","2":"type-product","3":"status-publish","4":"has-post-thumbnail","6":"product_cat-tanques-de-presion","7":"product_cat-tratamiento-de-agua","8":"product_cat-nuevos","9":"product_cat-osmosis-inversa","10":"product_tag-tanques","11":"product_tag-osmosis-inversa","12":"product_tag-global-water-solutions","13":"pa_marca-globalwater-solutions","16":"first","17":"instock","18":"shipping-taxable","19":"product-type-simple"},"acf":[],"yoast_head":"<!-- This site is optimized with the Yoast SEO plugin v27.3 - https:\/\/yoast.com\/product\/yoast-seo-wordpress\/ -->\n<title>Tanques de \u00d3smosis Inversa Global Water Solutions - AquaDepot, Inc.<\/title>\n<meta name=\"robots\" content=\"index, follow, max-snippet:-1, max-image-preview:large, max-video-preview:-1\" \/>\n<link rel=\"canonical\" href=\"https:\/\/aquadepotinc.com\/en\/productos\/sistemas-de-bombeo\/tanques-de-presion\/tanques-de-osmosis-inversa-global-water-solutions\/\" \/>\n<meta property=\"og:locale\" content=\"en_US\" \/>\n<meta property=\"og:type\" content=\"article\" \/>\n<meta property=\"og:title\" content=\"Tanques de \u00d3smosis Inversa Global Water Solutions - AquaDepot, Inc.\" \/>\n<meta property=\"og:description\" content=\"Los tanques de \u00f3smosis inversa de GWS son los l\u00edderes de la industria cuando se trata de almacenamiento de agua purificada. Construidos con los mejores materiales disponibles que cumplen con la FDA, los tanques incorporan una c\u00e1mara de almacenamiento de agua ensamblada con una camara de polipropileno virgen, un diafragma de butilo de alta calidad y una conexi\u00f3n de agua ... Read More\" \/>\n<meta property=\"og:url\" content=\"https:\/\/aquadepotinc.com\/en\/productos\/sistemas-de-bombeo\/tanques-de-presion\/tanques-de-osmosis-inversa-global-water-solutions\/\" \/>\n<meta property=\"og:site_name\" content=\"AquaDepot, Inc.\" \/>\n<meta property=\"article:modified_time\" content=\"2023-12-08T15:00:42+00:00\" \/>\n<meta property=\"og:image\" content=\"https:\/\/aquadepotinc.com\/wp-content\/uploads\/Tanques-de-osmiosis-Inversa.jpg\" \/>\n\t<meta property=\"og:image:width\" content=\"1128\" \/>\n\t<meta property=\"og:image:height\" content=\"1128\" \/>\n\t<meta property=\"og:image:type\" content=\"image\/jpeg\" \/>\n<meta name=\"twitter:card\" content=\"summary_large_image\" \/>\n<script type=\"application\/ld+json\" class=\"yoast-schema-graph\">{\"@context\":\"https:\\\/\\\/schema.org\",\"@graph\":[{\"@type\":\"WebPage\",\"@id\":\"https:\\\/\\\/aquadepotinc.com\\\/productos\\\/sistemas-de-bombeo\\\/tanques-de-presion\\\/tanques-de-osmosis-inversa-global-water-solutions\\\/\",\"url\":\"https:\\\/\\\/aquadepotinc.com\\\/productos\\\/sistemas-de-bombeo\\\/tanques-de-presion\\\/tanques-de-osmosis-inversa-global-water-solutions\\\/\",\"name\":\"Tanques de \u00d3smosis Inversa Global Water Solutions - AquaDepot, Inc.\",\"isPartOf\":{\"@id\":\"\\\/#website\"},\"primaryImageOfPage\":{\"@id\":\"https:\\\/\\\/aquadepotinc.com\\\/productos\\\/sistemas-de-bombeo\\\/tanques-de-presion\\\/tanques-de-osmosis-inversa-global-water-solutions\\\/#primaryimage\"},\"image\":{\"@id\":\"https:\\\/\\\/aquadepotinc.com\\\/productos\\\/sistemas-de-bombeo\\\/tanques-de-presion\\\/tanques-de-osmosis-inversa-global-water-solutions\\\/#primaryimage\"},\"thumbnailUrl\":\"https:\\\/\\\/aquadepotinc.com\\\/wp-content\\\/uploads\\\/Tanques-de-osmiosis-Inversa.jpg\",\"datePublished\":\"2023-07-18T15:52:35+00:00\",\"dateModified\":\"2023-12-08T15:00:42+00:00\",\"breadcrumb\":{\"@id\":\"https:\\\/\\\/aquadepotinc.com\\\/productos\\\/sistemas-de-bombeo\\\/tanques-de-presion\\\/tanques-de-osmosis-inversa-global-water-solutions\\\/#breadcrumb\"},\"inLanguage\":\"en-US\",\"potentialAction\":[{\"@type\":\"ReadAction\",\"target\":[\"https:\\\/\\\/aquadepotinc.com\\\/productos\\\/sistemas-de-bombeo\\\/tanques-de-presion\\\/tanques-de-osmosis-inversa-global-water-solutions\\\/\"]}]},{\"@type\":\"ImageObject\",\"inLanguage\":\"en-US\",\"@id\":\"https:\\\/\\\/aquadepotinc.com\\\/productos\\\/sistemas-de-bombeo\\\/tanques-de-presion\\\/tanques-de-osmosis-inversa-global-water-solutions\\\/#primaryimage\",\"url\":\"https:\\\/\\\/aquadepotinc.com\\\/wp-content\\\/uploads\\\/Tanques-de-osmiosis-Inversa.jpg\",\"contentUrl\":\"https:\\\/\\\/aquadepotinc.com\\\/wp-content\\\/uploads\\\/Tanques-de-osmiosis-Inversa.jpg\",\"width\":1128,\"height\":1128},{\"@type\":\"BreadcrumbList\",\"@id\":\"https:\\\/\\\/aquadepotinc.com\\\/productos\\\/sistemas-de-bombeo\\\/tanques-de-presion\\\/tanques-de-osmosis-inversa-global-water-solutions\\\/#breadcrumb\",\"itemListElement\":[{\"@type\":\"ListItem\",\"position\":1,\"name\":\"Home\",\"item\":\"https:\\\/\\\/aquadepotinc.com\\\/\"},{\"@type\":\"ListItem\",\"position\":2,\"name\":\"Tanques de \u00d3smosis Inversa Global Water Solutions\"}]},{\"@type\":\"WebSite\",\"@id\":\"\\\/#website\",\"url\":\"\\\/\",\"name\":\"AquaDepot, Inc.\",\"description\":\"Distribuidora Mayorista Exportadora\",\"potentialAction\":[{\"@type\":\"SearchAction\",\"target\":{\"@type\":\"EntryPoint\",\"urlTemplate\":\"\\\/?s={search_term_string}\"},\"query-input\":{\"@type\":\"PropertyValueSpecification\",\"valueRequired\":true,\"valueName\":\"search_term_string\"}}],\"inLanguage\":\"en-US\"}]}<\/script>\n<!-- \/ Yoast SEO plugin. -->","yoast_head_json":{"title":"Tanques de \u00d3smosis Inversa Global Water Solutions - AquaDepot, Inc.","robots":{"index":"index","follow":"follow","max-snippet":"max-snippet:-1","max-image-preview":"max-image-preview:large","max-video-preview":"max-video-preview:-1"},"canonical":"https:\/\/aquadepotinc.com\/en\/productos\/sistemas-de-bombeo\/tanques-de-presion\/tanques-de-osmosis-inversa-global-water-solutions\/","og_locale":"en_US","og_type":"article","og_title":"Tanques de \u00d3smosis Inversa Global Water Solutions - AquaDepot, Inc.","og_description":"Los tanques de \u00f3smosis inversa de GWS son los l\u00edderes de la industria cuando se trata de almacenamiento de agua purificada. Construidos con los mejores materiales disponibles que cumplen con la FDA, los tanques incorporan una c\u00e1mara de almacenamiento de agua ensamblada con una camara de polipropileno virgen, un diafragma de butilo de alta calidad y una conexi\u00f3n de agua ... Read More","og_url":"https:\/\/aquadepotinc.com\/en\/productos\/sistemas-de-bombeo\/tanques-de-presion\/tanques-de-osmosis-inversa-global-water-solutions\/","og_site_name":"AquaDepot, Inc.","article_modified_time":"2023-12-08T15:00:42+00:00","og_image":[{"width":1128,"height":1128,"url":"https:\/\/aquadepotinc.com\/wp-content\/uploads\/Tanques-de-osmiosis-Inversa.jpg","type":"image\/jpeg"}],"twitter_card":"summary_large_image","schema":{"@context":"https:\/\/schema.org","@graph":[{"@type":"WebPage","@id":"https:\/\/aquadepotinc.com\/productos\/sistemas-de-bombeo\/tanques-de-presion\/tanques-de-osmosis-inversa-global-water-solutions\/","url":"https:\/\/aquadepotinc.com\/productos\/sistemas-de-bombeo\/tanques-de-presion\/tanques-de-osmosis-inversa-global-water-solutions\/","name":"Tanques de \u00d3smosis Inversa Global Water Solutions - AquaDepot, Inc.","isPartOf":{"@id":"\/#website"},"primaryImageOfPage":{"@id":"https:\/\/aquadepotinc.com\/productos\/sistemas-de-bombeo\/tanques-de-presion\/tanques-de-osmosis-inversa-global-water-solutions\/#primaryimage"},"image":{"@id":"https:\/\/aquadepotinc.com\/productos\/sistemas-de-bombeo\/tanques-de-presion\/tanques-de-osmosis-inversa-global-water-solutions\/#primaryimage"},"thumbnailUrl":"https:\/\/aquadepotinc.com\/wp-content\/uploads\/Tanques-de-osmiosis-Inversa.jpg","datePublished":"2023-07-18T15:52:35+00:00","dateModified":"2023-12-08T15:00:42+00:00","breadcrumb":{"@id":"https:\/\/aquadepotinc.com\/productos\/sistemas-de-bombeo\/tanques-de-presion\/tanques-de-osmosis-inversa-global-water-solutions\/#breadcrumb"},"inLanguage":"en-US","potentialAction":[{"@type":"ReadAction","target":["https:\/\/aquadepotinc.com\/productos\/sistemas-de-bombeo\/tanques-de-presion\/tanques-de-osmosis-inversa-global-water-solutions\/"]}]},{"@type":"ImageObject","inLanguage":"en-US","@id":"https:\/\/aquadepotinc.com\/productos\/sistemas-de-bombeo\/tanques-de-presion\/tanques-de-osmosis-inversa-global-water-solutions\/#primaryimage","url":"https:\/\/aquadepotinc.com\/wp-content\/uploads\/Tanques-de-osmiosis-Inversa.jpg","contentUrl":"https:\/\/aquadepotinc.com\/wp-content\/uploads\/Tanques-de-osmiosis-Inversa.jpg","width":1128,"height":1128},{"@type":"BreadcrumbList","@id":"https:\/\/aquadepotinc.com\/productos\/sistemas-de-bombeo\/tanques-de-presion\/tanques-de-osmosis-inversa-global-water-solutions\/#breadcrumb","itemListElement":[{"@type":"ListItem","position":1,"name":"Home","item":"https:\/\/aquadepotinc.com\/"},{"@type":"ListItem","position":2,"name":"Tanques de \u00d3smosis Inversa Global Water Solutions"}]},{"@type":"WebSite","@id":"\/#website","url":"\/","name":"AquaDepot, Inc.","description":"Distribuidora Mayorista Exportadora","potentialAction":[{"@type":"SearchAction","target":{"@type":"EntryPoint","urlTemplate":"\/?s={search_term_string}"},"query-input":{"@type":"PropertyValueSpecification","valueRequired":true,"valueName":"search_term_string"}}],"inLanguage":"en-US"}]}},"_links":{"self":[{"href":"https:\/\/aquadepotinc.com\/en\/wp-json\/wp\/v2\/product\/10522","targetHints":{"allow":["GET"]}}],"collection":[{"href":"https:\/\/aquadepotinc.com\/en\/wp-json\/wp\/v2\/product"}],"about":[{"href":"https:\/\/aquadepotinc.com\/en\/wp-json\/wp\/v2\/types\/product"}],"wp:featuredmedia":[{"embeddable":true,"href":"https:\/\/aquadepotinc.com\/en\/wp-json\/wp\/v2\/media\/12201"}],"wp:attachment":[{"href":"https:\/\/aquadepotinc.com\/en\/wp-json\/wp\/v2\/media?parent=10522"}],"wp:term":[{"taxonomy":"product_brand","embeddable":true,"href":"https:\/\/aquadepotinc.com\/en\/wp-json\/wp\/v2\/product_brand?post=10522"},{"taxonomy":"product_cat","embeddable":true,"href":"https:\/\/aquadepotinc.com\/en\/wp-json\/wp\/v2\/product_cat?post=10522"},{"taxonomy":"product_tag","embeddable":true,"href":"https:\/\/aquadepotinc.com\/en\/wp-json\/wp\/v2\/product_tag?post=10522"}],"curies":[{"name":"wp","href":"https:\/\/api.w.org\/{rel}","templated":true}]}}