{"id":10523,"date":"2023-07-18T10:14:43","date_gmt":"2023-07-18T16:14:43","guid":{"rendered":"https:\/\/aquadepotinc.com\/?post_type=product&#038;p=10523"},"modified":"2023-12-08T08:59:01","modified_gmt":"2023-12-08T14:59:01","slug":"sistema-antical-onestop-global-water-solutions","status":"publish","type":"product","link":"https:\/\/aquadepotinc.com\/en\/productos\/tratamiento-de-agua\/filtros\/sistema-antical-onestop-global-water-solutions\/","title":{"rendered":"OneStop+\u2122 Anti-scale Systems Global Water Solutions"},"content":{"rendered":"<p>The OneStop+\u2122 system provides protection against scale formation on both the internal and external surfaces of pipes. Additionally, it reduces heavy metals such as copper, lead, mercury, zinc, and cadmium. It can be installed at the point of entry to a building to treat both cold and hot water, or it can be placed directly before a water heater or any other device that uses water and requires protection against hard water.<\/p>","protected":false},"excerpt":{"rendered":"<p>El sistema OneStop+\u2122 brinda protecci\u00f3n contra la formaci\u00f3n de incrustaciones en las superficies internas y externas de las tuber\u00edas. Adicionalmente, reduce metales pesados como cobre, plomo, mercurio, zinc y cadmio. Se puede instalar en el punto de entrada a un edificio para tratar agua fr\u00eda y caliente, o se puede ubicar directamente antes de un calentador de agua u otro &#8230; <\/p>\n<div><a href=\"https:\/\/aquadepotinc.com\/en\/productos\/tratamiento-de-agua\/filtros\/sistema-antical-onestop-global-water-solutions\/\" class=\"more-link\">Read More<\/a><\/div>","protected":false},"featured_media":12200,"template":"","meta":{"_acf_changed":false,"inline_featured_image":false},"product_brand":[],"product_cat":[1372,1370,15],"product_tag":[1649,1569,1648],"class_list":{"0":"post-10523","1":"product","2":"type-product","3":"status-publish","4":"has-post-thumbnail","6":"product_cat-filtros","7":"product_cat-tratamiento-de-agua","8":"product_cat-nuevos","9":"product_tag-onestop","10":"product_tag-global-water-solutions","11":"product_tag-sistema-antical","12":"pa_marca-globalwater-solutions","15":"first","16":"instock","17":"shipping-taxable","18":"product-type-simple"},"acf":[],"yoast_head":"<!-- This site is optimized with the Yoast SEO plugin v27.3 - https:\/\/yoast.com\/product\/yoast-seo-wordpress\/ -->\n<title>Sistema Antical OneStop+\u2122 Global Water Solutions - AquaDepot, Inc.<\/title>\n<meta name=\"robots\" content=\"index, follow, max-snippet:-1, max-image-preview:large, max-video-preview:-1\" \/>\n<link rel=\"canonical\" href=\"https:\/\/aquadepotinc.com\/en\/productos\/tratamiento-de-agua\/filtros\/sistema-antical-onestop-global-water-solutions\/\" \/>\n<meta property=\"og:locale\" content=\"en_US\" \/>\n<meta property=\"og:type\" content=\"article\" \/>\n<meta property=\"og:title\" content=\"Sistema Antical OneStop+\u2122 Global Water Solutions - AquaDepot, Inc.\" \/>\n<meta property=\"og:description\" content=\"El sistema OneStop+\u2122 brinda protecci\u00f3n contra la formaci\u00f3n de incrustaciones en las superficies internas y externas de las tuber\u00edas. Adicionalmente, reduce metales pesados como cobre, plomo, mercurio, zinc y cadmio. Se puede instalar en el punto de entrada a un edificio para tratar agua fr\u00eda y caliente, o se puede ubicar directamente antes de un calentador de agua u otro ... Read More\" \/>\n<meta property=\"og:url\" content=\"https:\/\/aquadepotinc.com\/en\/productos\/tratamiento-de-agua\/filtros\/sistema-antical-onestop-global-water-solutions\/\" \/>\n<meta property=\"og:site_name\" content=\"AquaDepot, Inc.\" \/>\n<meta property=\"article:modified_time\" content=\"2023-12-08T14:59:01+00:00\" \/>\n<meta property=\"og:image\" content=\"https:\/\/aquadepotinc.com\/wp-content\/uploads\/One-spot.jpg\" \/>\n\t<meta property=\"og:image:width\" content=\"1128\" \/>\n\t<meta property=\"og:image:height\" content=\"1128\" \/>\n\t<meta property=\"og:image:type\" content=\"image\/jpeg\" \/>\n<meta name=\"twitter:card\" content=\"summary_large_image\" \/>\n<script type=\"application\/ld+json\" class=\"yoast-schema-graph\">{\"@context\":\"https:\\\/\\\/schema.org\",\"@graph\":[{\"@type\":\"WebPage\",\"@id\":\"https:\\\/\\\/aquadepotinc.com\\\/productos\\\/tratamiento-de-agua\\\/filtros\\\/sistema-antical-onestop-global-water-solutions\\\/\",\"url\":\"https:\\\/\\\/aquadepotinc.com\\\/productos\\\/tratamiento-de-agua\\\/filtros\\\/sistema-antical-onestop-global-water-solutions\\\/\",\"name\":\"Sistema Antical OneStop+\u2122 Global Water Solutions - AquaDepot, Inc.\",\"isPartOf\":{\"@id\":\"\\\/#website\"},\"primaryImageOfPage\":{\"@id\":\"https:\\\/\\\/aquadepotinc.com\\\/productos\\\/tratamiento-de-agua\\\/filtros\\\/sistema-antical-onestop-global-water-solutions\\\/#primaryimage\"},\"image\":{\"@id\":\"https:\\\/\\\/aquadepotinc.com\\\/productos\\\/tratamiento-de-agua\\\/filtros\\\/sistema-antical-onestop-global-water-solutions\\\/#primaryimage\"},\"thumbnailUrl\":\"https:\\\/\\\/aquadepotinc.com\\\/wp-content\\\/uploads\\\/One-spot.jpg\",\"datePublished\":\"2023-07-18T16:14:43+00:00\",\"dateModified\":\"2023-12-08T14:59:01+00:00\",\"breadcrumb\":{\"@id\":\"https:\\\/\\\/aquadepotinc.com\\\/productos\\\/tratamiento-de-agua\\\/filtros\\\/sistema-antical-onestop-global-water-solutions\\\/#breadcrumb\"},\"inLanguage\":\"en-US\",\"potentialAction\":[{\"@type\":\"ReadAction\",\"target\":[\"https:\\\/\\\/aquadepotinc.com\\\/productos\\\/tratamiento-de-agua\\\/filtros\\\/sistema-antical-onestop-global-water-solutions\\\/\"]}]},{\"@type\":\"ImageObject\",\"inLanguage\":\"en-US\",\"@id\":\"https:\\\/\\\/aquadepotinc.com\\\/productos\\\/tratamiento-de-agua\\\/filtros\\\/sistema-antical-onestop-global-water-solutions\\\/#primaryimage\",\"url\":\"https:\\\/\\\/aquadepotinc.com\\\/wp-content\\\/uploads\\\/One-spot.jpg\",\"contentUrl\":\"https:\\\/\\\/aquadepotinc.com\\\/wp-content\\\/uploads\\\/One-spot.jpg\",\"width\":1128,\"height\":1128},{\"@type\":\"BreadcrumbList\",\"@id\":\"https:\\\/\\\/aquadepotinc.com\\\/productos\\\/tratamiento-de-agua\\\/filtros\\\/sistema-antical-onestop-global-water-solutions\\\/#breadcrumb\",\"itemListElement\":[{\"@type\":\"ListItem\",\"position\":1,\"name\":\"Home\",\"item\":\"https:\\\/\\\/aquadepotinc.com\\\/\"},{\"@type\":\"ListItem\",\"position\":2,\"name\":\"Sistema Antical OneStop+\u2122 Global Water Solutions\"}]},{\"@type\":\"WebSite\",\"@id\":\"\\\/#website\",\"url\":\"\\\/\",\"name\":\"AquaDepot, Inc.\",\"description\":\"Distribuidora Mayorista Exportadora\",\"potentialAction\":[{\"@type\":\"SearchAction\",\"target\":{\"@type\":\"EntryPoint\",\"urlTemplate\":\"\\\/?s={search_term_string}\"},\"query-input\":{\"@type\":\"PropertyValueSpecification\",\"valueRequired\":true,\"valueName\":\"search_term_string\"}}],\"inLanguage\":\"en-US\"}]}<\/script>\n<!-- \/ Yoast SEO plugin. -->","yoast_head_json":{"title":"Sistema Antical OneStop+\u2122 Global Water Solutions - AquaDepot, Inc.","robots":{"index":"index","follow":"follow","max-snippet":"max-snippet:-1","max-image-preview":"max-image-preview:large","max-video-preview":"max-video-preview:-1"},"canonical":"https:\/\/aquadepotinc.com\/en\/productos\/tratamiento-de-agua\/filtros\/sistema-antical-onestop-global-water-solutions\/","og_locale":"en_US","og_type":"article","og_title":"Sistema Antical OneStop+\u2122 Global Water Solutions - AquaDepot, Inc.","og_description":"El sistema OneStop+\u2122 brinda protecci\u00f3n contra la formaci\u00f3n de incrustaciones en las superficies internas y externas de las tuber\u00edas. Adicionalmente, reduce metales pesados como cobre, plomo, mercurio, zinc y cadmio. Se puede instalar en el punto de entrada a un edificio para tratar agua fr\u00eda y caliente, o se puede ubicar directamente antes de un calentador de agua u otro ... Read More","og_url":"https:\/\/aquadepotinc.com\/en\/productos\/tratamiento-de-agua\/filtros\/sistema-antical-onestop-global-water-solutions\/","og_site_name":"AquaDepot, Inc.","article_modified_time":"2023-12-08T14:59:01+00:00","og_image":[{"width":1128,"height":1128,"url":"https:\/\/aquadepotinc.com\/wp-content\/uploads\/One-spot.jpg","type":"image\/jpeg"}],"twitter_card":"summary_large_image","schema":{"@context":"https:\/\/schema.org","@graph":[{"@type":"WebPage","@id":"https:\/\/aquadepotinc.com\/productos\/tratamiento-de-agua\/filtros\/sistema-antical-onestop-global-water-solutions\/","url":"https:\/\/aquadepotinc.com\/productos\/tratamiento-de-agua\/filtros\/sistema-antical-onestop-global-water-solutions\/","name":"Sistema Antical OneStop+\u2122 Global Water Solutions - AquaDepot, Inc.","isPartOf":{"@id":"\/#website"},"primaryImageOfPage":{"@id":"https:\/\/aquadepotinc.com\/productos\/tratamiento-de-agua\/filtros\/sistema-antical-onestop-global-water-solutions\/#primaryimage"},"image":{"@id":"https:\/\/aquadepotinc.com\/productos\/tratamiento-de-agua\/filtros\/sistema-antical-onestop-global-water-solutions\/#primaryimage"},"thumbnailUrl":"https:\/\/aquadepotinc.com\/wp-content\/uploads\/One-spot.jpg","datePublished":"2023-07-18T16:14:43+00:00","dateModified":"2023-12-08T14:59:01+00:00","breadcrumb":{"@id":"https:\/\/aquadepotinc.com\/productos\/tratamiento-de-agua\/filtros\/sistema-antical-onestop-global-water-solutions\/#breadcrumb"},"inLanguage":"en-US","potentialAction":[{"@type":"ReadAction","target":["https:\/\/aquadepotinc.com\/productos\/tratamiento-de-agua\/filtros\/sistema-antical-onestop-global-water-solutions\/"]}]},{"@type":"ImageObject","inLanguage":"en-US","@id":"https:\/\/aquadepotinc.com\/productos\/tratamiento-de-agua\/filtros\/sistema-antical-onestop-global-water-solutions\/#primaryimage","url":"https:\/\/aquadepotinc.com\/wp-content\/uploads\/One-spot.jpg","contentUrl":"https:\/\/aquadepotinc.com\/wp-content\/uploads\/One-spot.jpg","width":1128,"height":1128},{"@type":"BreadcrumbList","@id":"https:\/\/aquadepotinc.com\/productos\/tratamiento-de-agua\/filtros\/sistema-antical-onestop-global-water-solutions\/#breadcrumb","itemListElement":[{"@type":"ListItem","position":1,"name":"Home","item":"https:\/\/aquadepotinc.com\/"},{"@type":"ListItem","position":2,"name":"Sistema Antical OneStop+\u2122 Global Water Solutions"}]},{"@type":"WebSite","@id":"\/#website","url":"\/","name":"AquaDepot, Inc.","description":"Distribuidora Mayorista Exportadora","potentialAction":[{"@type":"SearchAction","target":{"@type":"EntryPoint","urlTemplate":"\/?s={search_term_string}"},"query-input":{"@type":"PropertyValueSpecification","valueRequired":true,"valueName":"search_term_string"}}],"inLanguage":"en-US"}]}},"_links":{"self":[{"href":"https:\/\/aquadepotinc.com\/en\/wp-json\/wp\/v2\/product\/10523","targetHints":{"allow":["GET"]}}],"collection":[{"href":"https:\/\/aquadepotinc.com\/en\/wp-json\/wp\/v2\/product"}],"about":[{"href":"https:\/\/aquadepotinc.com\/en\/wp-json\/wp\/v2\/types\/product"}],"wp:featuredmedia":[{"embeddable":true,"href":"https:\/\/aquadepotinc.com\/en\/wp-json\/wp\/v2\/media\/12200"}],"wp:attachment":[{"href":"https:\/\/aquadepotinc.com\/en\/wp-json\/wp\/v2\/media?parent=10523"}],"wp:term":[{"taxonomy":"product_brand","embeddable":true,"href":"https:\/\/aquadepotinc.com\/en\/wp-json\/wp\/v2\/product_brand?post=10523"},{"taxonomy":"product_cat","embeddable":true,"href":"https:\/\/aquadepotinc.com\/en\/wp-json\/wp\/v2\/product_cat?post=10523"},{"taxonomy":"product_tag","embeddable":true,"href":"https:\/\/aquadepotinc.com\/en\/wp-json\/wp\/v2\/product_tag?post=10523"}],"curies":[{"name":"wp","href":"https:\/\/api.w.org\/{rel}","templated":true}]}}