{"id":10525,"date":"2023-07-18T11:08:09","date_gmt":"2023-07-18T17:08:09","guid":{"rendered":"https:\/\/aquadepotinc.com\/?post_type=product&#038;p=10525"},"modified":"2023-12-08T08:57:29","modified_gmt":"2023-12-08T14:57:29","slug":"kits-para-carcasas-global-water-solutions","status":"publish","type":"product","link":"https:\/\/aquadepotinc.com\/en\/productos\/tratamiento-de-agua\/filtros\/kits-para-carcasas-global-water-solutions\/","title":{"rendered":"Single, Dual and Triple Housing Kits Global Water Solutions"},"content":{"rendered":"<p>Does your water source suffer from contaminants, sediments or odors? GWS dual-stage filter housing kits are the first step in adressing your drinking water needs.<\/p>\n<p>Built with the highest quality virgin materials, reinforced to withstand the highest pressures, and certified to the most stringent international standards, our filter housing kits can be used with a wide variety of cartridges and media for applications in homes, restaurants, industries and anywhere were clean drinking water is required.<\/p>","protected":false},"excerpt":{"rendered":"<p>\u00bfSu fuente de agua sufre de contaminantes, sedimentos u olores? Los kits de carcasas de filtros de dos etapas de GWS son el primer paso para resolver sus necesidades de agua potable. Construidos con materiales v\u00edrgenes de la m\u00e1s alta calidad, reforzados para soportar las m\u00e1s altas presiones y certificados seg\u00fan los est\u00e1ndares internacionales m\u00e1s estrictos, nuestros kits de carcasas &#8230; <\/p>\n<div><a href=\"https:\/\/aquadepotinc.com\/en\/productos\/tratamiento-de-agua\/filtros\/kits-para-carcasas-global-water-solutions\/\" class=\"more-link\">Read More<\/a><\/div>","protected":false},"featured_media":12199,"template":"","meta":{"_acf_changed":false,"inline_featured_image":false},"product_brand":[],"product_cat":[1372,1370,15],"product_tag":[1652,1653,1466,1569,1650,1651],"class_list":{"0":"post-10525","1":"product","2":"type-product","3":"status-publish","4":"has-post-thumbnail","6":"product_cat-filtros","7":"product_cat-tratamiento-de-agua","8":"product_cat-nuevos","9":"product_tag-doble","10":"product_tag-triple","11":"product_tag-filtracion","12":"product_tag-global-water-solutions","13":"product_tag-kits-para-carcasas","14":"product_tag-sencillo","15":"pa_marca-globalwater-solutions","18":"first","19":"instock","20":"shipping-taxable","21":"product-type-simple"},"acf":[],"yoast_head":"<!-- This site is optimized with the Yoast SEO plugin v27.3 - https:\/\/yoast.com\/product\/yoast-seo-wordpress\/ -->\n<title>Kits para Carcasas Sencillo, Doble y Triple Global Water Solutions - AquaDepot, Inc.<\/title>\n<meta name=\"robots\" content=\"index, follow, max-snippet:-1, max-image-preview:large, max-video-preview:-1\" \/>\n<link rel=\"canonical\" href=\"https:\/\/aquadepotinc.com\/en\/productos\/tratamiento-de-agua\/filtros\/kits-para-carcasas-global-water-solutions\/\" \/>\n<meta property=\"og:locale\" content=\"en_US\" \/>\n<meta property=\"og:type\" content=\"article\" \/>\n<meta property=\"og:title\" content=\"Kits para Carcasas Sencillo, Doble y Triple Global Water Solutions - AquaDepot, Inc.\" \/>\n<meta property=\"og:description\" content=\"\u00bfSu fuente de agua sufre de contaminantes, sedimentos u olores? Los kits de carcasas de filtros de dos etapas de GWS son el primer paso para resolver sus necesidades de agua potable. Construidos con materiales v\u00edrgenes de la m\u00e1s alta calidad, reforzados para soportar las m\u00e1s altas presiones y certificados seg\u00fan los est\u00e1ndares internacionales m\u00e1s estrictos, nuestros kits de carcasas ... Read More\" \/>\n<meta property=\"og:url\" content=\"https:\/\/aquadepotinc.com\/en\/productos\/tratamiento-de-agua\/filtros\/kits-para-carcasas-global-water-solutions\/\" \/>\n<meta property=\"og:site_name\" content=\"AquaDepot, Inc.\" \/>\n<meta property=\"article:modified_time\" content=\"2023-12-08T14:57:29+00:00\" \/>\n<meta property=\"og:image\" content=\"https:\/\/aquadepotinc.com\/wp-content\/uploads\/Kits-para-carcasas.jpg\" \/>\n\t<meta property=\"og:image:width\" content=\"1128\" \/>\n\t<meta property=\"og:image:height\" content=\"1128\" \/>\n\t<meta property=\"og:image:type\" content=\"image\/jpeg\" \/>\n<meta name=\"twitter:card\" content=\"summary_large_image\" \/>\n<script type=\"application\/ld+json\" class=\"yoast-schema-graph\">{\"@context\":\"https:\\\/\\\/schema.org\",\"@graph\":[{\"@type\":\"WebPage\",\"@id\":\"https:\\\/\\\/aquadepotinc.com\\\/productos\\\/tratamiento-de-agua\\\/filtros\\\/kits-para-carcasas-global-water-solutions\\\/\",\"url\":\"https:\\\/\\\/aquadepotinc.com\\\/productos\\\/tratamiento-de-agua\\\/filtros\\\/kits-para-carcasas-global-water-solutions\\\/\",\"name\":\"Kits para Carcasas Sencillo, Doble y Triple Global Water Solutions - AquaDepot, Inc.\",\"isPartOf\":{\"@id\":\"\\\/#website\"},\"primaryImageOfPage\":{\"@id\":\"https:\\\/\\\/aquadepotinc.com\\\/productos\\\/tratamiento-de-agua\\\/filtros\\\/kits-para-carcasas-global-water-solutions\\\/#primaryimage\"},\"image\":{\"@id\":\"https:\\\/\\\/aquadepotinc.com\\\/productos\\\/tratamiento-de-agua\\\/filtros\\\/kits-para-carcasas-global-water-solutions\\\/#primaryimage\"},\"thumbnailUrl\":\"https:\\\/\\\/aquadepotinc.com\\\/wp-content\\\/uploads\\\/Kits-para-carcasas.jpg\",\"datePublished\":\"2023-07-18T17:08:09+00:00\",\"dateModified\":\"2023-12-08T14:57:29+00:00\",\"breadcrumb\":{\"@id\":\"https:\\\/\\\/aquadepotinc.com\\\/productos\\\/tratamiento-de-agua\\\/filtros\\\/kits-para-carcasas-global-water-solutions\\\/#breadcrumb\"},\"inLanguage\":\"en-US\",\"potentialAction\":[{\"@type\":\"ReadAction\",\"target\":[\"https:\\\/\\\/aquadepotinc.com\\\/productos\\\/tratamiento-de-agua\\\/filtros\\\/kits-para-carcasas-global-water-solutions\\\/\"]}]},{\"@type\":\"ImageObject\",\"inLanguage\":\"en-US\",\"@id\":\"https:\\\/\\\/aquadepotinc.com\\\/productos\\\/tratamiento-de-agua\\\/filtros\\\/kits-para-carcasas-global-water-solutions\\\/#primaryimage\",\"url\":\"https:\\\/\\\/aquadepotinc.com\\\/wp-content\\\/uploads\\\/Kits-para-carcasas.jpg\",\"contentUrl\":\"https:\\\/\\\/aquadepotinc.com\\\/wp-content\\\/uploads\\\/Kits-para-carcasas.jpg\",\"width\":1128,\"height\":1128},{\"@type\":\"BreadcrumbList\",\"@id\":\"https:\\\/\\\/aquadepotinc.com\\\/productos\\\/tratamiento-de-agua\\\/filtros\\\/kits-para-carcasas-global-water-solutions\\\/#breadcrumb\",\"itemListElement\":[{\"@type\":\"ListItem\",\"position\":1,\"name\":\"Home\",\"item\":\"https:\\\/\\\/aquadepotinc.com\\\/\"},{\"@type\":\"ListItem\",\"position\":2,\"name\":\"Kits para Carcasas Sencillo, Doble y Triple Global Water Solutions\"}]},{\"@type\":\"WebSite\",\"@id\":\"\\\/#website\",\"url\":\"\\\/\",\"name\":\"AquaDepot, Inc.\",\"description\":\"Distribuidora Mayorista Exportadora\",\"potentialAction\":[{\"@type\":\"SearchAction\",\"target\":{\"@type\":\"EntryPoint\",\"urlTemplate\":\"\\\/?s={search_term_string}\"},\"query-input\":{\"@type\":\"PropertyValueSpecification\",\"valueRequired\":true,\"valueName\":\"search_term_string\"}}],\"inLanguage\":\"en-US\"}]}<\/script>\n<!-- \/ Yoast SEO plugin. -->","yoast_head_json":{"title":"Kits para Carcasas Sencillo, Doble y Triple Global Water Solutions - AquaDepot, Inc.","robots":{"index":"index","follow":"follow","max-snippet":"max-snippet:-1","max-image-preview":"max-image-preview:large","max-video-preview":"max-video-preview:-1"},"canonical":"https:\/\/aquadepotinc.com\/en\/productos\/tratamiento-de-agua\/filtros\/kits-para-carcasas-global-water-solutions\/","og_locale":"en_US","og_type":"article","og_title":"Kits para Carcasas Sencillo, Doble y Triple Global Water Solutions - AquaDepot, Inc.","og_description":"\u00bfSu fuente de agua sufre de contaminantes, sedimentos u olores? Los kits de carcasas de filtros de dos etapas de GWS son el primer paso para resolver sus necesidades de agua potable. Construidos con materiales v\u00edrgenes de la m\u00e1s alta calidad, reforzados para soportar las m\u00e1s altas presiones y certificados seg\u00fan los est\u00e1ndares internacionales m\u00e1s estrictos, nuestros kits de carcasas ... Read More","og_url":"https:\/\/aquadepotinc.com\/en\/productos\/tratamiento-de-agua\/filtros\/kits-para-carcasas-global-water-solutions\/","og_site_name":"AquaDepot, Inc.","article_modified_time":"2023-12-08T14:57:29+00:00","og_image":[{"width":1128,"height":1128,"url":"https:\/\/aquadepotinc.com\/wp-content\/uploads\/Kits-para-carcasas.jpg","type":"image\/jpeg"}],"twitter_card":"summary_large_image","schema":{"@context":"https:\/\/schema.org","@graph":[{"@type":"WebPage","@id":"https:\/\/aquadepotinc.com\/productos\/tratamiento-de-agua\/filtros\/kits-para-carcasas-global-water-solutions\/","url":"https:\/\/aquadepotinc.com\/productos\/tratamiento-de-agua\/filtros\/kits-para-carcasas-global-water-solutions\/","name":"Kits para Carcasas Sencillo, Doble y Triple Global Water Solutions - AquaDepot, Inc.","isPartOf":{"@id":"\/#website"},"primaryImageOfPage":{"@id":"https:\/\/aquadepotinc.com\/productos\/tratamiento-de-agua\/filtros\/kits-para-carcasas-global-water-solutions\/#primaryimage"},"image":{"@id":"https:\/\/aquadepotinc.com\/productos\/tratamiento-de-agua\/filtros\/kits-para-carcasas-global-water-solutions\/#primaryimage"},"thumbnailUrl":"https:\/\/aquadepotinc.com\/wp-content\/uploads\/Kits-para-carcasas.jpg","datePublished":"2023-07-18T17:08:09+00:00","dateModified":"2023-12-08T14:57:29+00:00","breadcrumb":{"@id":"https:\/\/aquadepotinc.com\/productos\/tratamiento-de-agua\/filtros\/kits-para-carcasas-global-water-solutions\/#breadcrumb"},"inLanguage":"en-US","potentialAction":[{"@type":"ReadAction","target":["https:\/\/aquadepotinc.com\/productos\/tratamiento-de-agua\/filtros\/kits-para-carcasas-global-water-solutions\/"]}]},{"@type":"ImageObject","inLanguage":"en-US","@id":"https:\/\/aquadepotinc.com\/productos\/tratamiento-de-agua\/filtros\/kits-para-carcasas-global-water-solutions\/#primaryimage","url":"https:\/\/aquadepotinc.com\/wp-content\/uploads\/Kits-para-carcasas.jpg","contentUrl":"https:\/\/aquadepotinc.com\/wp-content\/uploads\/Kits-para-carcasas.jpg","width":1128,"height":1128},{"@type":"BreadcrumbList","@id":"https:\/\/aquadepotinc.com\/productos\/tratamiento-de-agua\/filtros\/kits-para-carcasas-global-water-solutions\/#breadcrumb","itemListElement":[{"@type":"ListItem","position":1,"name":"Home","item":"https:\/\/aquadepotinc.com\/"},{"@type":"ListItem","position":2,"name":"Kits para Carcasas Sencillo, Doble y Triple Global Water Solutions"}]},{"@type":"WebSite","@id":"\/#website","url":"\/","name":"AquaDepot, Inc.","description":"Distribuidora Mayorista Exportadora","potentialAction":[{"@type":"SearchAction","target":{"@type":"EntryPoint","urlTemplate":"\/?s={search_term_string}"},"query-input":{"@type":"PropertyValueSpecification","valueRequired":true,"valueName":"search_term_string"}}],"inLanguage":"en-US"}]}},"_links":{"self":[{"href":"https:\/\/aquadepotinc.com\/en\/wp-json\/wp\/v2\/product\/10525","targetHints":{"allow":["GET"]}}],"collection":[{"href":"https:\/\/aquadepotinc.com\/en\/wp-json\/wp\/v2\/product"}],"about":[{"href":"https:\/\/aquadepotinc.com\/en\/wp-json\/wp\/v2\/types\/product"}],"wp:featuredmedia":[{"embeddable":true,"href":"https:\/\/aquadepotinc.com\/en\/wp-json\/wp\/v2\/media\/12199"}],"wp:attachment":[{"href":"https:\/\/aquadepotinc.com\/en\/wp-json\/wp\/v2\/media?parent=10525"}],"wp:term":[{"taxonomy":"product_brand","embeddable":true,"href":"https:\/\/aquadepotinc.com\/en\/wp-json\/wp\/v2\/product_brand?post=10525"},{"taxonomy":"product_cat","embeddable":true,"href":"https:\/\/aquadepotinc.com\/en\/wp-json\/wp\/v2\/product_cat?post=10525"},{"taxonomy":"product_tag","embeddable":true,"href":"https:\/\/aquadepotinc.com\/en\/wp-json\/wp\/v2\/product_tag?post=10525"}],"curies":[{"name":"wp","href":"https:\/\/api.w.org\/{rel}","templated":true}]}}