{"id":10556,"date":"2023-07-19T09:04:19","date_gmt":"2023-07-19T15:04:19","guid":{"rendered":"https:\/\/aquadepotinc.com\/?post_type=product&#038;p=10556"},"modified":"2023-07-24T10:51:30","modified_gmt":"2023-07-24T16:51:30","slug":"covertor-solar-midwest-canvas","status":"publish","type":"product","link":"https:\/\/aquadepotinc.com\/en\/productos\/piscinas-y-quimicos\/calentamiento\/covertor-solar-midwest-canvas\/","title":{"rendered":"Midwest Canvas Solar Pool Cover"},"content":{"rendered":"<p>The blue solar covers are made from ultraviolet (U.V.)-protected material with a thickness of 12 mils (0.012 inches).<\/p>\n<p>Solar covers are a fantastic way to take advantage of the sun\u2019s free heat to warm your pool water during the day while preventing heat loss at night.<\/p>\n<p>They work by capturing and transferring heat directly to your pool while allowing maximum sunlight absorption. The dark blue color of these solar blankets absorbs a higher level of heat and retains the heat already present in the water. These solar covers come with a 1-year warranty and are available in various sizes to fit your pool.\n\nIs your cover too big for your pool or spa? No worries! Simply trim the excess material to the desired size with scissors. It\u2019s that easy!<\/p>","protected":false},"excerpt":{"rendered":"<p>Las cubiertas solares azules est\u00e1n fabricadas con material protegido contra los rayos ultravioleta (U.V.) de 8 mil\u00e9simas de pulgada (12 mils). Las cubiertas solares son una forma fant\u00e1stica de aprovechar el calor gratuito del sol para calentar el agua de su piscina durante el d\u00eda y evitar la p\u00e9rdida de calor durante la noche. Funcionan capturando y transmitiendo el calor &#8230; <\/p>\n<div><a href=\"https:\/\/aquadepotinc.com\/en\/productos\/piscinas-y-quimicos\/calentamiento\/covertor-solar-midwest-canvas\/\" class=\"more-link\">Read More<\/a><\/div>","protected":false},"featured_media":10558,"template":"","meta":{"_acf_changed":false,"inline_featured_image":false},"product_brand":[],"product_cat":[1369,15,149],"product_tag":[1657,1658],"class_list":{"0":"post-10556","1":"product","2":"type-product","3":"status-publish","4":"has-post-thumbnail","6":"product_cat-piscinas-y-quimicos","7":"product_cat-nuevos","8":"product_cat-calentamiento","9":"product_tag-midwest-canvas","10":"product_tag-covertor-solar","11":"pa_marca-midwest-canvas","14":"first","15":"instock","16":"shipping-taxable","17":"product-type-simple"},"acf":[],"yoast_head":"<!-- This site is optimized with the Yoast SEO plugin v27.3 - https:\/\/yoast.com\/product\/yoast-seo-wordpress\/ -->\n<title>Covertor Solar Midwest Canvas - AquaDepot, Inc.<\/title>\n<meta name=\"robots\" content=\"index, follow, max-snippet:-1, max-image-preview:large, max-video-preview:-1\" \/>\n<link rel=\"canonical\" href=\"https:\/\/aquadepotinc.com\/en\/productos\/piscinas-y-quimicos\/calentamiento\/covertor-solar-midwest-canvas\/\" \/>\n<meta property=\"og:locale\" content=\"en_US\" \/>\n<meta property=\"og:type\" content=\"article\" \/>\n<meta property=\"og:title\" content=\"Covertor Solar Midwest Canvas - AquaDepot, Inc.\" \/>\n<meta property=\"og:description\" content=\"Las cubiertas solares azules est\u00e1n fabricadas con material protegido contra los rayos ultravioleta (U.V.) de 8 mil\u00e9simas de pulgada (12 mils). Las cubiertas solares son una forma fant\u00e1stica de aprovechar el calor gratuito del sol para calentar el agua de su piscina durante el d\u00eda y evitar la p\u00e9rdida de calor durante la noche. Funcionan capturando y transmitiendo el calor ... Read More\" \/>\n<meta property=\"og:url\" content=\"https:\/\/aquadepotinc.com\/en\/productos\/piscinas-y-quimicos\/calentamiento\/covertor-solar-midwest-canvas\/\" \/>\n<meta property=\"og:site_name\" content=\"AquaDepot, Inc.\" \/>\n<meta property=\"article:modified_time\" content=\"2023-07-24T16:51:30+00:00\" \/>\n<meta property=\"og:image\" content=\"https:\/\/aquadepotinc.com\/wp-content\/uploads\/MicrosoftTeams-image-2.jpg\" \/>\n\t<meta property=\"og:image:width\" content=\"1128\" \/>\n\t<meta property=\"og:image:height\" content=\"1128\" \/>\n\t<meta property=\"og:image:type\" content=\"image\/jpeg\" \/>\n<meta name=\"twitter:card\" content=\"summary_large_image\" \/>\n<meta name=\"twitter:label1\" content=\"Est. reading time\" \/>\n\t<meta name=\"twitter:data1\" content=\"1 minute\" \/>\n<script type=\"application\/ld+json\" class=\"yoast-schema-graph\">{\"@context\":\"https:\\\/\\\/schema.org\",\"@graph\":[{\"@type\":\"WebPage\",\"@id\":\"https:\\\/\\\/aquadepotinc.com\\\/productos\\\/piscinas-y-quimicos\\\/calentamiento\\\/covertor-solar-midwest-canvas\\\/\",\"url\":\"https:\\\/\\\/aquadepotinc.com\\\/productos\\\/piscinas-y-quimicos\\\/calentamiento\\\/covertor-solar-midwest-canvas\\\/\",\"name\":\"Covertor Solar Midwest Canvas - AquaDepot, Inc.\",\"isPartOf\":{\"@id\":\"\\\/#website\"},\"primaryImageOfPage\":{\"@id\":\"https:\\\/\\\/aquadepotinc.com\\\/productos\\\/piscinas-y-quimicos\\\/calentamiento\\\/covertor-solar-midwest-canvas\\\/#primaryimage\"},\"image\":{\"@id\":\"https:\\\/\\\/aquadepotinc.com\\\/productos\\\/piscinas-y-quimicos\\\/calentamiento\\\/covertor-solar-midwest-canvas\\\/#primaryimage\"},\"thumbnailUrl\":\"https:\\\/\\\/aquadepotinc.com\\\/wp-content\\\/uploads\\\/MicrosoftTeams-image-2.jpg\",\"datePublished\":\"2023-07-19T15:04:19+00:00\",\"dateModified\":\"2023-07-24T16:51:30+00:00\",\"breadcrumb\":{\"@id\":\"https:\\\/\\\/aquadepotinc.com\\\/productos\\\/piscinas-y-quimicos\\\/calentamiento\\\/covertor-solar-midwest-canvas\\\/#breadcrumb\"},\"inLanguage\":\"en-US\",\"potentialAction\":[{\"@type\":\"ReadAction\",\"target\":[\"https:\\\/\\\/aquadepotinc.com\\\/productos\\\/piscinas-y-quimicos\\\/calentamiento\\\/covertor-solar-midwest-canvas\\\/\"]}]},{\"@type\":\"ImageObject\",\"inLanguage\":\"en-US\",\"@id\":\"https:\\\/\\\/aquadepotinc.com\\\/productos\\\/piscinas-y-quimicos\\\/calentamiento\\\/covertor-solar-midwest-canvas\\\/#primaryimage\",\"url\":\"https:\\\/\\\/aquadepotinc.com\\\/wp-content\\\/uploads\\\/MicrosoftTeams-image-2.jpg\",\"contentUrl\":\"https:\\\/\\\/aquadepotinc.com\\\/wp-content\\\/uploads\\\/MicrosoftTeams-image-2.jpg\",\"width\":1128,\"height\":1128},{\"@type\":\"BreadcrumbList\",\"@id\":\"https:\\\/\\\/aquadepotinc.com\\\/productos\\\/piscinas-y-quimicos\\\/calentamiento\\\/covertor-solar-midwest-canvas\\\/#breadcrumb\",\"itemListElement\":[{\"@type\":\"ListItem\",\"position\":1,\"name\":\"Home\",\"item\":\"https:\\\/\\\/aquadepotinc.com\\\/\"},{\"@type\":\"ListItem\",\"position\":2,\"name\":\"Covertor Solar Midwest Canvas\"}]},{\"@type\":\"WebSite\",\"@id\":\"\\\/#website\",\"url\":\"\\\/\",\"name\":\"AquaDepot, Inc.\",\"description\":\"Distribuidora Mayorista Exportadora\",\"potentialAction\":[{\"@type\":\"SearchAction\",\"target\":{\"@type\":\"EntryPoint\",\"urlTemplate\":\"\\\/?s={search_term_string}\"},\"query-input\":{\"@type\":\"PropertyValueSpecification\",\"valueRequired\":true,\"valueName\":\"search_term_string\"}}],\"inLanguage\":\"en-US\"}]}<\/script>\n<!-- \/ Yoast SEO plugin. -->","yoast_head_json":{"title":"Covertor Solar Midwest Canvas - AquaDepot, Inc.","robots":{"index":"index","follow":"follow","max-snippet":"max-snippet:-1","max-image-preview":"max-image-preview:large","max-video-preview":"max-video-preview:-1"},"canonical":"https:\/\/aquadepotinc.com\/en\/productos\/piscinas-y-quimicos\/calentamiento\/covertor-solar-midwest-canvas\/","og_locale":"en_US","og_type":"article","og_title":"Covertor Solar Midwest Canvas - AquaDepot, Inc.","og_description":"Las cubiertas solares azules est\u00e1n fabricadas con material protegido contra los rayos ultravioleta (U.V.) de 8 mil\u00e9simas de pulgada (12 mils). Las cubiertas solares son una forma fant\u00e1stica de aprovechar el calor gratuito del sol para calentar el agua de su piscina durante el d\u00eda y evitar la p\u00e9rdida de calor durante la noche. Funcionan capturando y transmitiendo el calor ... Read More","og_url":"https:\/\/aquadepotinc.com\/en\/productos\/piscinas-y-quimicos\/calentamiento\/covertor-solar-midwest-canvas\/","og_site_name":"AquaDepot, Inc.","article_modified_time":"2023-07-24T16:51:30+00:00","og_image":[{"width":1128,"height":1128,"url":"https:\/\/aquadepotinc.com\/wp-content\/uploads\/MicrosoftTeams-image-2.jpg","type":"image\/jpeg"}],"twitter_card":"summary_large_image","twitter_misc":{"Est. reading time":"1 minute"},"schema":{"@context":"https:\/\/schema.org","@graph":[{"@type":"WebPage","@id":"https:\/\/aquadepotinc.com\/productos\/piscinas-y-quimicos\/calentamiento\/covertor-solar-midwest-canvas\/","url":"https:\/\/aquadepotinc.com\/productos\/piscinas-y-quimicos\/calentamiento\/covertor-solar-midwest-canvas\/","name":"Covertor Solar Midwest Canvas - AquaDepot, Inc.","isPartOf":{"@id":"\/#website"},"primaryImageOfPage":{"@id":"https:\/\/aquadepotinc.com\/productos\/piscinas-y-quimicos\/calentamiento\/covertor-solar-midwest-canvas\/#primaryimage"},"image":{"@id":"https:\/\/aquadepotinc.com\/productos\/piscinas-y-quimicos\/calentamiento\/covertor-solar-midwest-canvas\/#primaryimage"},"thumbnailUrl":"https:\/\/aquadepotinc.com\/wp-content\/uploads\/MicrosoftTeams-image-2.jpg","datePublished":"2023-07-19T15:04:19+00:00","dateModified":"2023-07-24T16:51:30+00:00","breadcrumb":{"@id":"https:\/\/aquadepotinc.com\/productos\/piscinas-y-quimicos\/calentamiento\/covertor-solar-midwest-canvas\/#breadcrumb"},"inLanguage":"en-US","potentialAction":[{"@type":"ReadAction","target":["https:\/\/aquadepotinc.com\/productos\/piscinas-y-quimicos\/calentamiento\/covertor-solar-midwest-canvas\/"]}]},{"@type":"ImageObject","inLanguage":"en-US","@id":"https:\/\/aquadepotinc.com\/productos\/piscinas-y-quimicos\/calentamiento\/covertor-solar-midwest-canvas\/#primaryimage","url":"https:\/\/aquadepotinc.com\/wp-content\/uploads\/MicrosoftTeams-image-2.jpg","contentUrl":"https:\/\/aquadepotinc.com\/wp-content\/uploads\/MicrosoftTeams-image-2.jpg","width":1128,"height":1128},{"@type":"BreadcrumbList","@id":"https:\/\/aquadepotinc.com\/productos\/piscinas-y-quimicos\/calentamiento\/covertor-solar-midwest-canvas\/#breadcrumb","itemListElement":[{"@type":"ListItem","position":1,"name":"Home","item":"https:\/\/aquadepotinc.com\/"},{"@type":"ListItem","position":2,"name":"Covertor Solar Midwest Canvas"}]},{"@type":"WebSite","@id":"\/#website","url":"\/","name":"AquaDepot, Inc.","description":"Distribuidora Mayorista Exportadora","potentialAction":[{"@type":"SearchAction","target":{"@type":"EntryPoint","urlTemplate":"\/?s={search_term_string}"},"query-input":{"@type":"PropertyValueSpecification","valueRequired":true,"valueName":"search_term_string"}}],"inLanguage":"en-US"}]}},"_links":{"self":[{"href":"https:\/\/aquadepotinc.com\/en\/wp-json\/wp\/v2\/product\/10556","targetHints":{"allow":["GET"]}}],"collection":[{"href":"https:\/\/aquadepotinc.com\/en\/wp-json\/wp\/v2\/product"}],"about":[{"href":"https:\/\/aquadepotinc.com\/en\/wp-json\/wp\/v2\/types\/product"}],"wp:featuredmedia":[{"embeddable":true,"href":"https:\/\/aquadepotinc.com\/en\/wp-json\/wp\/v2\/media\/10558"}],"wp:attachment":[{"href":"https:\/\/aquadepotinc.com\/en\/wp-json\/wp\/v2\/media?parent=10556"}],"wp:term":[{"taxonomy":"product_brand","embeddable":true,"href":"https:\/\/aquadepotinc.com\/en\/wp-json\/wp\/v2\/product_brand?post=10556"},{"taxonomy":"product_cat","embeddable":true,"href":"https:\/\/aquadepotinc.com\/en\/wp-json\/wp\/v2\/product_cat?post=10556"},{"taxonomy":"product_tag","embeddable":true,"href":"https:\/\/aquadepotinc.com\/en\/wp-json\/wp\/v2\/product_tag?post=10556"}],"curies":[{"name":"wp","href":"https:\/\/api.w.org\/{rel}","templated":true}]}}