{"id":10642,"date":"2023-07-28T08:26:49","date_gmt":"2023-07-28T14:26:49","guid":{"rendered":"https:\/\/aquadepotinc.com\/?post_type=product&#038;p=10642"},"modified":"2024-06-07T12:38:24","modified_gmt":"2024-06-07T18:38:24","slug":"tanques-precargados-pro-fort","status":"publish","type":"product","link":"https:\/\/aquadepotinc.com\/en\/productos\/sistemas-de-bombeo\/tanques-de-presion\/tanques-precargados-pro-fort\/","title":{"rendered":"Precharged Tanks Pro Fort"},"content":{"rendered":"<p>The new line of Pro Fort steel precharged hydro-pneumatic tanks from VERTEX is the perfect solution for your residential pressure system. By combining them in groups, you can also cover commercial applications.<\/p>\n<p>The available models and capacities will make it easier to choose the optimal solution for the best performance of your system, as well as the most aesthetically pleasing installation.<\/p>\n<p>&nbsp;<\/p>","protected":false},"excerpt":{"rendered":"<p>La nueva l\u00ednea de tanques hidroneum\u00e1ticos precargados de acero Pro Fort de VERTEX es la soluci\u00f3n perfecta para su sistema de presi\u00f3n residencial. Y, combin\u00e1ndolos en grupos, podr\u00e1 cubrir tambi\u00e9n aplicaciones comerciales. Los modelos y capacidades disponibles facilitar\u00e1n la selecci\u00f3n para el m\u00e1s optimo funcionamiento de su sistema y la instalaci\u00f3n m\u00e1s est\u00e9tica. &nbsp;<\/p>","protected":false},"featured_media":11534,"template":"","meta":{"_acf_changed":false,"inline_featured_image":false},"product_brand":[],"product_cat":[1376,1371,15],"product_tag":[184,1660,1661],"class_list":{"0":"post-10642","1":"product","2":"type-product","3":"status-publish","4":"has-post-thumbnail","6":"product_cat-tanques-de-presion","7":"product_cat-sistemas-de-bombeo","8":"product_cat-nuevos","9":"product_tag-vertex","10":"product_tag-tanques-precargados","11":"product_tag-pro-fort","12":"pa_marca-vertex","15":"first","16":"instock","17":"shipping-taxable","18":"product-type-simple"},"acf":[],"yoast_head":"<!-- This site is optimized with the Yoast SEO plugin v27.3 - https:\/\/yoast.com\/product\/yoast-seo-wordpress\/ -->\n<title>Tanques Precargados Pro Fort - AquaDepot, Inc.<\/title>\n<meta name=\"robots\" content=\"index, follow, max-snippet:-1, max-image-preview:large, max-video-preview:-1\" \/>\n<link rel=\"canonical\" href=\"https:\/\/aquadepotinc.com\/en\/productos\/sistemas-de-bombeo\/tanques-de-presion\/tanques-precargados-pro-fort\/\" \/>\n<meta property=\"og:locale\" content=\"en_US\" \/>\n<meta property=\"og:type\" content=\"article\" \/>\n<meta property=\"og:title\" content=\"Tanques Precargados Pro Fort - AquaDepot, Inc.\" \/>\n<meta property=\"og:description\" content=\"La nueva l\u00ednea de tanques hidroneum\u00e1ticos precargados de acero Pro Fort de VERTEX es la soluci\u00f3n perfecta para su sistema de presi\u00f3n residencial. Y, combin\u00e1ndolos en grupos, podr\u00e1 cubrir tambi\u00e9n aplicaciones comerciales. Los modelos y capacidades disponibles facilitar\u00e1n la selecci\u00f3n para el m\u00e1s optimo funcionamiento de su sistema y la instalaci\u00f3n m\u00e1s est\u00e9tica. &nbsp;\" \/>\n<meta property=\"og:url\" content=\"https:\/\/aquadepotinc.com\/en\/productos\/sistemas-de-bombeo\/tanques-de-presion\/tanques-precargados-pro-fort\/\" \/>\n<meta property=\"og:site_name\" content=\"AquaDepot, Inc.\" \/>\n<meta property=\"article:modified_time\" content=\"2024-06-07T18:38:24+00:00\" \/>\n<meta property=\"og:image\" content=\"https:\/\/aquadepotinc.com\/wp-content\/uploads\/FAMILIA-PROFORT.jpg\" \/>\n\t<meta property=\"og:image:width\" content=\"1128\" \/>\n\t<meta property=\"og:image:height\" content=\"1128\" \/>\n\t<meta property=\"og:image:type\" content=\"image\/jpeg\" \/>\n<meta name=\"twitter:card\" content=\"summary_large_image\" \/>\n<script type=\"application\/ld+json\" class=\"yoast-schema-graph\">{\"@context\":\"https:\\\/\\\/schema.org\",\"@graph\":[{\"@type\":\"WebPage\",\"@id\":\"https:\\\/\\\/aquadepotinc.com\\\/productos\\\/sistemas-de-bombeo\\\/tanques-de-presion\\\/tanques-precargados-pro-fort\\\/\",\"url\":\"https:\\\/\\\/aquadepotinc.com\\\/productos\\\/sistemas-de-bombeo\\\/tanques-de-presion\\\/tanques-precargados-pro-fort\\\/\",\"name\":\"Tanques Precargados Pro Fort - AquaDepot, Inc.\",\"isPartOf\":{\"@id\":\"\\\/#website\"},\"primaryImageOfPage\":{\"@id\":\"https:\\\/\\\/aquadepotinc.com\\\/productos\\\/sistemas-de-bombeo\\\/tanques-de-presion\\\/tanques-precargados-pro-fort\\\/#primaryimage\"},\"image\":{\"@id\":\"https:\\\/\\\/aquadepotinc.com\\\/productos\\\/sistemas-de-bombeo\\\/tanques-de-presion\\\/tanques-precargados-pro-fort\\\/#primaryimage\"},\"thumbnailUrl\":\"https:\\\/\\\/aquadepotinc.com\\\/wp-content\\\/uploads\\\/FAMILIA-PROFORT.jpg\",\"datePublished\":\"2023-07-28T14:26:49+00:00\",\"dateModified\":\"2024-06-07T18:38:24+00:00\",\"breadcrumb\":{\"@id\":\"https:\\\/\\\/aquadepotinc.com\\\/productos\\\/sistemas-de-bombeo\\\/tanques-de-presion\\\/tanques-precargados-pro-fort\\\/#breadcrumb\"},\"inLanguage\":\"en-US\",\"potentialAction\":[{\"@type\":\"ReadAction\",\"target\":[\"https:\\\/\\\/aquadepotinc.com\\\/productos\\\/sistemas-de-bombeo\\\/tanques-de-presion\\\/tanques-precargados-pro-fort\\\/\"]}]},{\"@type\":\"ImageObject\",\"inLanguage\":\"en-US\",\"@id\":\"https:\\\/\\\/aquadepotinc.com\\\/productos\\\/sistemas-de-bombeo\\\/tanques-de-presion\\\/tanques-precargados-pro-fort\\\/#primaryimage\",\"url\":\"https:\\\/\\\/aquadepotinc.com\\\/wp-content\\\/uploads\\\/FAMILIA-PROFORT.jpg\",\"contentUrl\":\"https:\\\/\\\/aquadepotinc.com\\\/wp-content\\\/uploads\\\/FAMILIA-PROFORT.jpg\",\"width\":1128,\"height\":1128},{\"@type\":\"BreadcrumbList\",\"@id\":\"https:\\\/\\\/aquadepotinc.com\\\/productos\\\/sistemas-de-bombeo\\\/tanques-de-presion\\\/tanques-precargados-pro-fort\\\/#breadcrumb\",\"itemListElement\":[{\"@type\":\"ListItem\",\"position\":1,\"name\":\"Home\",\"item\":\"https:\\\/\\\/aquadepotinc.com\\\/\"},{\"@type\":\"ListItem\",\"position\":2,\"name\":\"Tanques Precargados Pro Fort\"}]},{\"@type\":\"WebSite\",\"@id\":\"\\\/#website\",\"url\":\"\\\/\",\"name\":\"AquaDepot, Inc.\",\"description\":\"Distribuidora Mayorista Exportadora\",\"potentialAction\":[{\"@type\":\"SearchAction\",\"target\":{\"@type\":\"EntryPoint\",\"urlTemplate\":\"\\\/?s={search_term_string}\"},\"query-input\":{\"@type\":\"PropertyValueSpecification\",\"valueRequired\":true,\"valueName\":\"search_term_string\"}}],\"inLanguage\":\"en-US\"}]}<\/script>\n<!-- \/ Yoast SEO plugin. -->","yoast_head_json":{"title":"Tanques Precargados Pro Fort - AquaDepot, Inc.","robots":{"index":"index","follow":"follow","max-snippet":"max-snippet:-1","max-image-preview":"max-image-preview:large","max-video-preview":"max-video-preview:-1"},"canonical":"https:\/\/aquadepotinc.com\/en\/productos\/sistemas-de-bombeo\/tanques-de-presion\/tanques-precargados-pro-fort\/","og_locale":"en_US","og_type":"article","og_title":"Tanques Precargados Pro Fort - AquaDepot, Inc.","og_description":"La nueva l\u00ednea de tanques hidroneum\u00e1ticos precargados de acero Pro Fort de VERTEX es la soluci\u00f3n perfecta para su sistema de presi\u00f3n residencial. Y, combin\u00e1ndolos en grupos, podr\u00e1 cubrir tambi\u00e9n aplicaciones comerciales. Los modelos y capacidades disponibles facilitar\u00e1n la selecci\u00f3n para el m\u00e1s optimo funcionamiento de su sistema y la instalaci\u00f3n m\u00e1s est\u00e9tica. &nbsp;","og_url":"https:\/\/aquadepotinc.com\/en\/productos\/sistemas-de-bombeo\/tanques-de-presion\/tanques-precargados-pro-fort\/","og_site_name":"AquaDepot, Inc.","article_modified_time":"2024-06-07T18:38:24+00:00","og_image":[{"width":1128,"height":1128,"url":"https:\/\/aquadepotinc.com\/wp-content\/uploads\/FAMILIA-PROFORT.jpg","type":"image\/jpeg"}],"twitter_card":"summary_large_image","schema":{"@context":"https:\/\/schema.org","@graph":[{"@type":"WebPage","@id":"https:\/\/aquadepotinc.com\/productos\/sistemas-de-bombeo\/tanques-de-presion\/tanques-precargados-pro-fort\/","url":"https:\/\/aquadepotinc.com\/productos\/sistemas-de-bombeo\/tanques-de-presion\/tanques-precargados-pro-fort\/","name":"Tanques Precargados Pro Fort - AquaDepot, Inc.","isPartOf":{"@id":"\/#website"},"primaryImageOfPage":{"@id":"https:\/\/aquadepotinc.com\/productos\/sistemas-de-bombeo\/tanques-de-presion\/tanques-precargados-pro-fort\/#primaryimage"},"image":{"@id":"https:\/\/aquadepotinc.com\/productos\/sistemas-de-bombeo\/tanques-de-presion\/tanques-precargados-pro-fort\/#primaryimage"},"thumbnailUrl":"https:\/\/aquadepotinc.com\/wp-content\/uploads\/FAMILIA-PROFORT.jpg","datePublished":"2023-07-28T14:26:49+00:00","dateModified":"2024-06-07T18:38:24+00:00","breadcrumb":{"@id":"https:\/\/aquadepotinc.com\/productos\/sistemas-de-bombeo\/tanques-de-presion\/tanques-precargados-pro-fort\/#breadcrumb"},"inLanguage":"en-US","potentialAction":[{"@type":"ReadAction","target":["https:\/\/aquadepotinc.com\/productos\/sistemas-de-bombeo\/tanques-de-presion\/tanques-precargados-pro-fort\/"]}]},{"@type":"ImageObject","inLanguage":"en-US","@id":"https:\/\/aquadepotinc.com\/productos\/sistemas-de-bombeo\/tanques-de-presion\/tanques-precargados-pro-fort\/#primaryimage","url":"https:\/\/aquadepotinc.com\/wp-content\/uploads\/FAMILIA-PROFORT.jpg","contentUrl":"https:\/\/aquadepotinc.com\/wp-content\/uploads\/FAMILIA-PROFORT.jpg","width":1128,"height":1128},{"@type":"BreadcrumbList","@id":"https:\/\/aquadepotinc.com\/productos\/sistemas-de-bombeo\/tanques-de-presion\/tanques-precargados-pro-fort\/#breadcrumb","itemListElement":[{"@type":"ListItem","position":1,"name":"Home","item":"https:\/\/aquadepotinc.com\/"},{"@type":"ListItem","position":2,"name":"Tanques Precargados Pro Fort"}]},{"@type":"WebSite","@id":"\/#website","url":"\/","name":"AquaDepot, Inc.","description":"Distribuidora Mayorista Exportadora","potentialAction":[{"@type":"SearchAction","target":{"@type":"EntryPoint","urlTemplate":"\/?s={search_term_string}"},"query-input":{"@type":"PropertyValueSpecification","valueRequired":true,"valueName":"search_term_string"}}],"inLanguage":"en-US"}]}},"_links":{"self":[{"href":"https:\/\/aquadepotinc.com\/en\/wp-json\/wp\/v2\/product\/10642","targetHints":{"allow":["GET"]}}],"collection":[{"href":"https:\/\/aquadepotinc.com\/en\/wp-json\/wp\/v2\/product"}],"about":[{"href":"https:\/\/aquadepotinc.com\/en\/wp-json\/wp\/v2\/types\/product"}],"wp:featuredmedia":[{"embeddable":true,"href":"https:\/\/aquadepotinc.com\/en\/wp-json\/wp\/v2\/media\/11534"}],"wp:attachment":[{"href":"https:\/\/aquadepotinc.com\/en\/wp-json\/wp\/v2\/media?parent=10642"}],"wp:term":[{"taxonomy":"product_brand","embeddable":true,"href":"https:\/\/aquadepotinc.com\/en\/wp-json\/wp\/v2\/product_brand?post=10642"},{"taxonomy":"product_cat","embeddable":true,"href":"https:\/\/aquadepotinc.com\/en\/wp-json\/wp\/v2\/product_cat?post=10642"},{"taxonomy":"product_tag","embeddable":true,"href":"https:\/\/aquadepotinc.com\/en\/wp-json\/wp\/v2\/product_tag?post=10642"}],"curies":[{"name":"wp","href":"https:\/\/api.w.org\/{rel}","templated":true}]}}