{"id":13196,"date":"2024-05-20T15:42:10","date_gmt":"2024-05-20T21:42:10","guid":{"rendered":"https:\/\/aquadepotinc.com\/?post_type=product&#038;p=13196"},"modified":"2024-07-16T14:53:52","modified_gmt":"2024-07-16T20:53:52","slug":"esybox-mini","status":"publish","type":"product","link":"https:\/\/aquadepotinc.com\/en\/productos\/sistemas-de-bombeo\/tanques-de-presion\/esybox-mini\/","title":{"rendered":"E.sybox Mini Pressure Booster Pump"},"content":{"rendered":"<p><strong>EsyBox is a patented high-performance<\/strong>\u00a0pressure group with greater efficiency. With its compact design, it is easy to install, maintain and operate. Provides maximum satisfaction for both the installer and the end user. EsyBox has changed the way people use our most important resource, water.\u00a0<strong>EsyBox is also smart and versatile.<\/strong>\u00a0It can create pump groups by combining up to two units together.<\/p>","protected":false},"excerpt":{"rendered":"<p>EsyBox es un grupo de presi\u00f3n patentado\u00a0de alto rendimiento y mayor eficiencia. Con su dise\u00f1o compacto es f\u00e1cil de instalar, mantener y operar. M\u00e1xima satisfacci\u00f3n para el instalador y usuario final. EsyBox ha cambiado la forma en que las personas utilizan nuestro recurso m\u00e1s importante, el agua.\u00a0EsyBox tambi\u00e9n es inteligente y vers\u00e1til.\u00a0Puede crear grupos de bombas agrupando hasta dos unidades &#8230; <\/p>\n<div><a href=\"https:\/\/aquadepotinc.com\/en\/productos\/sistemas-de-bombeo\/tanques-de-presion\/esybox-mini\/\" class=\"more-link\">Read More<\/a><\/div>","protected":false},"featured_media":13203,"template":"","meta":{"_acf_changed":false,"inline_featured_image":false},"product_brand":[],"product_cat":[1376,1371],"product_tag":[1670,1671],"class_list":{"0":"post-13196","1":"product","2":"type-product","3":"status-publish","4":"has-post-thumbnail","6":"product_cat-tanques-de-presion","7":"product_cat-sistemas-de-bombeo","8":"product_tag-dab","9":"product_tag-presurizadora","10":"pa_marca-dab","13":"first","14":"instock","15":"shipping-taxable","16":"product-type-simple"},"acf":[],"yoast_head":"<!-- This site is optimized with the Yoast SEO plugin v27.3 - https:\/\/yoast.com\/product\/yoast-seo-wordpress\/ -->\n<title>Presurizadora E.sybox Mini - AquaDepot, Inc.<\/title>\n<meta name=\"robots\" content=\"index, follow, max-snippet:-1, max-image-preview:large, max-video-preview:-1\" \/>\n<link rel=\"canonical\" href=\"https:\/\/aquadepotinc.com\/en\/productos\/sistemas-de-bombeo\/tanques-de-presion\/esybox-mini\/\" \/>\n<meta property=\"og:locale\" content=\"en_US\" \/>\n<meta property=\"og:type\" content=\"article\" \/>\n<meta property=\"og:title\" content=\"Presurizadora E.sybox Mini - AquaDepot, Inc.\" \/>\n<meta property=\"og:description\" content=\"EsyBox es un grupo de presi\u00f3n patentado\u00a0de alto rendimiento y mayor eficiencia. Con su dise\u00f1o compacto es f\u00e1cil de instalar, mantener y operar. M\u00e1xima satisfacci\u00f3n para el instalador y usuario final. EsyBox ha cambiado la forma en que las personas utilizan nuestro recurso m\u00e1s importante, el agua.\u00a0EsyBox tambi\u00e9n es inteligente y vers\u00e1til.\u00a0Puede crear grupos de bombas agrupando hasta dos unidades ... Read More\" \/>\n<meta property=\"og:url\" content=\"https:\/\/aquadepotinc.com\/en\/productos\/sistemas-de-bombeo\/tanques-de-presion\/esybox-mini\/\" \/>\n<meta property=\"og:site_name\" content=\"AquaDepot, Inc.\" \/>\n<meta property=\"article:modified_time\" content=\"2024-07-16T20:53:52+00:00\" \/>\n<meta property=\"og:image\" content=\"https:\/\/aquadepotinc.com\/wp-content\/uploads\/DAB-ESYBOX-MINI.jpg\" \/>\n\t<meta property=\"og:image:width\" content=\"1128\" \/>\n\t<meta property=\"og:image:height\" content=\"1128\" \/>\n\t<meta property=\"og:image:type\" content=\"image\/jpeg\" \/>\n<meta name=\"twitter:card\" content=\"summary_large_image\" \/>\n<script type=\"application\/ld+json\" class=\"yoast-schema-graph\">{\"@context\":\"https:\\\/\\\/schema.org\",\"@graph\":[{\"@type\":\"WebPage\",\"@id\":\"https:\\\/\\\/aquadepotinc.com\\\/productos\\\/sistemas-de-bombeo\\\/tanques-de-presion\\\/esybox-mini\\\/\",\"url\":\"https:\\\/\\\/aquadepotinc.com\\\/productos\\\/sistemas-de-bombeo\\\/tanques-de-presion\\\/esybox-mini\\\/\",\"name\":\"Presurizadora E.sybox Mini - AquaDepot, Inc.\",\"isPartOf\":{\"@id\":\"\\\/#website\"},\"primaryImageOfPage\":{\"@id\":\"https:\\\/\\\/aquadepotinc.com\\\/productos\\\/sistemas-de-bombeo\\\/tanques-de-presion\\\/esybox-mini\\\/#primaryimage\"},\"image\":{\"@id\":\"https:\\\/\\\/aquadepotinc.com\\\/productos\\\/sistemas-de-bombeo\\\/tanques-de-presion\\\/esybox-mini\\\/#primaryimage\"},\"thumbnailUrl\":\"https:\\\/\\\/aquadepotinc.com\\\/wp-content\\\/uploads\\\/DAB-ESYBOX-MINI.jpg\",\"datePublished\":\"2024-05-20T21:42:10+00:00\",\"dateModified\":\"2024-07-16T20:53:52+00:00\",\"breadcrumb\":{\"@id\":\"https:\\\/\\\/aquadepotinc.com\\\/productos\\\/sistemas-de-bombeo\\\/tanques-de-presion\\\/esybox-mini\\\/#breadcrumb\"},\"inLanguage\":\"en-US\",\"potentialAction\":[{\"@type\":\"ReadAction\",\"target\":[\"https:\\\/\\\/aquadepotinc.com\\\/productos\\\/sistemas-de-bombeo\\\/tanques-de-presion\\\/esybox-mini\\\/\"]}]},{\"@type\":\"ImageObject\",\"inLanguage\":\"en-US\",\"@id\":\"https:\\\/\\\/aquadepotinc.com\\\/productos\\\/sistemas-de-bombeo\\\/tanques-de-presion\\\/esybox-mini\\\/#primaryimage\",\"url\":\"https:\\\/\\\/aquadepotinc.com\\\/wp-content\\\/uploads\\\/DAB-ESYBOX-MINI.jpg\",\"contentUrl\":\"https:\\\/\\\/aquadepotinc.com\\\/wp-content\\\/uploads\\\/DAB-ESYBOX-MINI.jpg\",\"width\":1128,\"height\":1128},{\"@type\":\"BreadcrumbList\",\"@id\":\"https:\\\/\\\/aquadepotinc.com\\\/productos\\\/sistemas-de-bombeo\\\/tanques-de-presion\\\/esybox-mini\\\/#breadcrumb\",\"itemListElement\":[{\"@type\":\"ListItem\",\"position\":1,\"name\":\"Home\",\"item\":\"https:\\\/\\\/aquadepotinc.com\\\/\"},{\"@type\":\"ListItem\",\"position\":2,\"name\":\"Presurizadora E.sybox Mini\"}]},{\"@type\":\"WebSite\",\"@id\":\"\\\/#website\",\"url\":\"\\\/\",\"name\":\"AquaDepot, Inc.\",\"description\":\"Distribuidora Mayorista Exportadora\",\"potentialAction\":[{\"@type\":\"SearchAction\",\"target\":{\"@type\":\"EntryPoint\",\"urlTemplate\":\"\\\/?s={search_term_string}\"},\"query-input\":{\"@type\":\"PropertyValueSpecification\",\"valueRequired\":true,\"valueName\":\"search_term_string\"}}],\"inLanguage\":\"en-US\"}]}<\/script>\n<!-- \/ Yoast SEO plugin. -->","yoast_head_json":{"title":"Presurizadora E.sybox Mini - AquaDepot, Inc.","robots":{"index":"index","follow":"follow","max-snippet":"max-snippet:-1","max-image-preview":"max-image-preview:large","max-video-preview":"max-video-preview:-1"},"canonical":"https:\/\/aquadepotinc.com\/en\/productos\/sistemas-de-bombeo\/tanques-de-presion\/esybox-mini\/","og_locale":"en_US","og_type":"article","og_title":"Presurizadora E.sybox Mini - AquaDepot, Inc.","og_description":"EsyBox es un grupo de presi\u00f3n patentado\u00a0de alto rendimiento y mayor eficiencia. Con su dise\u00f1o compacto es f\u00e1cil de instalar, mantener y operar. M\u00e1xima satisfacci\u00f3n para el instalador y usuario final. EsyBox ha cambiado la forma en que las personas utilizan nuestro recurso m\u00e1s importante, el agua.\u00a0EsyBox tambi\u00e9n es inteligente y vers\u00e1til.\u00a0Puede crear grupos de bombas agrupando hasta dos unidades ... Read More","og_url":"https:\/\/aquadepotinc.com\/en\/productos\/sistemas-de-bombeo\/tanques-de-presion\/esybox-mini\/","og_site_name":"AquaDepot, Inc.","article_modified_time":"2024-07-16T20:53:52+00:00","og_image":[{"width":1128,"height":1128,"url":"https:\/\/aquadepotinc.com\/wp-content\/uploads\/DAB-ESYBOX-MINI.jpg","type":"image\/jpeg"}],"twitter_card":"summary_large_image","schema":{"@context":"https:\/\/schema.org","@graph":[{"@type":"WebPage","@id":"https:\/\/aquadepotinc.com\/productos\/sistemas-de-bombeo\/tanques-de-presion\/esybox-mini\/","url":"https:\/\/aquadepotinc.com\/productos\/sistemas-de-bombeo\/tanques-de-presion\/esybox-mini\/","name":"Presurizadora E.sybox Mini - AquaDepot, Inc.","isPartOf":{"@id":"\/#website"},"primaryImageOfPage":{"@id":"https:\/\/aquadepotinc.com\/productos\/sistemas-de-bombeo\/tanques-de-presion\/esybox-mini\/#primaryimage"},"image":{"@id":"https:\/\/aquadepotinc.com\/productos\/sistemas-de-bombeo\/tanques-de-presion\/esybox-mini\/#primaryimage"},"thumbnailUrl":"https:\/\/aquadepotinc.com\/wp-content\/uploads\/DAB-ESYBOX-MINI.jpg","datePublished":"2024-05-20T21:42:10+00:00","dateModified":"2024-07-16T20:53:52+00:00","breadcrumb":{"@id":"https:\/\/aquadepotinc.com\/productos\/sistemas-de-bombeo\/tanques-de-presion\/esybox-mini\/#breadcrumb"},"inLanguage":"en-US","potentialAction":[{"@type":"ReadAction","target":["https:\/\/aquadepotinc.com\/productos\/sistemas-de-bombeo\/tanques-de-presion\/esybox-mini\/"]}]},{"@type":"ImageObject","inLanguage":"en-US","@id":"https:\/\/aquadepotinc.com\/productos\/sistemas-de-bombeo\/tanques-de-presion\/esybox-mini\/#primaryimage","url":"https:\/\/aquadepotinc.com\/wp-content\/uploads\/DAB-ESYBOX-MINI.jpg","contentUrl":"https:\/\/aquadepotinc.com\/wp-content\/uploads\/DAB-ESYBOX-MINI.jpg","width":1128,"height":1128},{"@type":"BreadcrumbList","@id":"https:\/\/aquadepotinc.com\/productos\/sistemas-de-bombeo\/tanques-de-presion\/esybox-mini\/#breadcrumb","itemListElement":[{"@type":"ListItem","position":1,"name":"Home","item":"https:\/\/aquadepotinc.com\/"},{"@type":"ListItem","position":2,"name":"Presurizadora E.sybox Mini"}]},{"@type":"WebSite","@id":"\/#website","url":"\/","name":"AquaDepot, Inc.","description":"Distribuidora Mayorista Exportadora","potentialAction":[{"@type":"SearchAction","target":{"@type":"EntryPoint","urlTemplate":"\/?s={search_term_string}"},"query-input":{"@type":"PropertyValueSpecification","valueRequired":true,"valueName":"search_term_string"}}],"inLanguage":"en-US"}]}},"_links":{"self":[{"href":"https:\/\/aquadepotinc.com\/en\/wp-json\/wp\/v2\/product\/13196","targetHints":{"allow":["GET"]}}],"collection":[{"href":"https:\/\/aquadepotinc.com\/en\/wp-json\/wp\/v2\/product"}],"about":[{"href":"https:\/\/aquadepotinc.com\/en\/wp-json\/wp\/v2\/types\/product"}],"wp:featuredmedia":[{"embeddable":true,"href":"https:\/\/aquadepotinc.com\/en\/wp-json\/wp\/v2\/media\/13203"}],"wp:attachment":[{"href":"https:\/\/aquadepotinc.com\/en\/wp-json\/wp\/v2\/media?parent=13196"}],"wp:term":[{"taxonomy":"product_brand","embeddable":true,"href":"https:\/\/aquadepotinc.com\/en\/wp-json\/wp\/v2\/product_brand?post=13196"},{"taxonomy":"product_cat","embeddable":true,"href":"https:\/\/aquadepotinc.com\/en\/wp-json\/wp\/v2\/product_cat?post=13196"},{"taxonomy":"product_tag","embeddable":true,"href":"https:\/\/aquadepotinc.com\/en\/wp-json\/wp\/v2\/product_tag?post=13196"}],"curies":[{"name":"wp","href":"https:\/\/api.w.org\/{rel}","templated":true}]}}