{"id":18227,"date":"2026-01-26T09:48:29","date_gmt":"2026-01-26T15:48:29","guid":{"rendered":"https:\/\/aquadepotinc.com\/?post_type=product&#038;p=18227"},"modified":"2026-01-26T12:03:24","modified_gmt":"2026-01-26T18:03:24","slug":"a70210-7-day-tabs","status":"publish","type":"product","link":"https:\/\/aquadepotinc.com\/en\/productos\/piscinas-y-quimicos\/quimicos\/a70210-7-day-tabs\/","title":{"rendered":"A70210 7 DAY TABS"},"content":{"rendered":"<p>El producto A70210 ofrece tabletas de 7 d\u00edas de duraci\u00f3n utilizada para la desinfecci\u00f3n de piscinas. Est\u00e1 dise\u00f1ado para su uso en sistemas de desinfecci\u00f3n de piscinas, garantizando una limpieza y esterilizaci\u00f3n del agua eficaces.<\/p>\n<p>&nbsp;<\/p>\n<p>&nbsp;<\/p>","protected":false},"excerpt":{"rendered":"<p>Limpieza y desinfecci\u00f3n del agua eficaces<\/p>","protected":false},"featured_media":18230,"template":"","meta":{"_acf_changed":false,"inline_featured_image":false},"product_brand":[],"product_cat":[1369,15,214],"product_tag":[],"class_list":{"0":"post-18227","1":"product","2":"type-product","3":"status-publish","4":"has-post-thumbnail","6":"product_cat-piscinas-y-quimicos","7":"product_cat-nuevos","8":"product_cat-quimicos","11":"first","12":"instock","13":"shipping-taxable","14":"product-type-simple"},"acf":[],"yoast_head":"<!-- This site is optimized with the Yoast SEO plugin v27.4 - https:\/\/yoast.com\/product\/yoast-seo-wordpress\/ -->\n<title>A70210 7 DAY TABS - AquaDepot, Inc.<\/title>\n<meta name=\"robots\" content=\"index, follow, max-snippet:-1, max-image-preview:large, max-video-preview:-1\" \/>\n<link rel=\"canonical\" href=\"https:\/\/aquadepotinc.com\/en\/productos\/piscinas-y-quimicos\/quimicos\/a70210-7-day-tabs\/\" \/>\n<meta property=\"og:locale\" content=\"en_US\" \/>\n<meta property=\"og:type\" content=\"article\" \/>\n<meta property=\"og:title\" content=\"A70210 7 DAY TABS - AquaDepot, Inc.\" \/>\n<meta property=\"og:description\" content=\"Limpieza y desinfecci\u00f3n del agua eficaces\" \/>\n<meta property=\"og:url\" content=\"https:\/\/aquadepotinc.com\/en\/productos\/piscinas-y-quimicos\/quimicos\/a70210-7-day-tabs\/\" \/>\n<meta property=\"og:site_name\" content=\"AquaDepot, Inc.\" \/>\n<meta property=\"article:modified_time\" content=\"2026-01-26T18:03:24+00:00\" \/>\n<meta property=\"og:image\" content=\"https:\/\/aquadepotinc.com\/wp-content\/uploads\/70250_NUCLO-7-Day-Tabs-8-oz-50-lb-scaled.png\" \/>\n\t<meta property=\"og:image:width\" content=\"1813\" \/>\n\t<meta property=\"og:image:height\" content=\"2560\" \/>\n\t<meta property=\"og:image:type\" content=\"image\/png\" \/>\n<meta name=\"twitter:card\" content=\"summary_large_image\" \/>\n<script type=\"application\/ld+json\" class=\"yoast-schema-graph\">{\"@context\":\"https:\\\/\\\/schema.org\",\"@graph\":[{\"@type\":\"WebPage\",\"@id\":\"https:\\\/\\\/aquadepotinc.com\\\/productos\\\/piscinas-y-quimicos\\\/quimicos\\\/a70210-7-day-tabs\\\/\",\"url\":\"https:\\\/\\\/aquadepotinc.com\\\/productos\\\/piscinas-y-quimicos\\\/quimicos\\\/a70210-7-day-tabs\\\/\",\"name\":\"A70210 7 DAY TABS - AquaDepot, Inc.\",\"isPartOf\":{\"@id\":\"\\\/#website\"},\"primaryImageOfPage\":{\"@id\":\"https:\\\/\\\/aquadepotinc.com\\\/productos\\\/piscinas-y-quimicos\\\/quimicos\\\/a70210-7-day-tabs\\\/#primaryimage\"},\"image\":{\"@id\":\"https:\\\/\\\/aquadepotinc.com\\\/productos\\\/piscinas-y-quimicos\\\/quimicos\\\/a70210-7-day-tabs\\\/#primaryimage\"},\"thumbnailUrl\":\"https:\\\/\\\/aquadepotinc.com\\\/wp-content\\\/uploads\\\/70250_NUCLO-7-Day-Tabs-8-oz-50-lb-scaled.png\",\"datePublished\":\"2026-01-26T15:48:29+00:00\",\"dateModified\":\"2026-01-26T18:03:24+00:00\",\"breadcrumb\":{\"@id\":\"https:\\\/\\\/aquadepotinc.com\\\/productos\\\/piscinas-y-quimicos\\\/quimicos\\\/a70210-7-day-tabs\\\/#breadcrumb\"},\"inLanguage\":\"en-US\",\"potentialAction\":[{\"@type\":\"ReadAction\",\"target\":[\"https:\\\/\\\/aquadepotinc.com\\\/productos\\\/piscinas-y-quimicos\\\/quimicos\\\/a70210-7-day-tabs\\\/\"]}]},{\"@type\":\"ImageObject\",\"inLanguage\":\"en-US\",\"@id\":\"https:\\\/\\\/aquadepotinc.com\\\/productos\\\/piscinas-y-quimicos\\\/quimicos\\\/a70210-7-day-tabs\\\/#primaryimage\",\"url\":\"https:\\\/\\\/aquadepotinc.com\\\/wp-content\\\/uploads\\\/70250_NUCLO-7-Day-Tabs-8-oz-50-lb-scaled.png\",\"contentUrl\":\"https:\\\/\\\/aquadepotinc.com\\\/wp-content\\\/uploads\\\/70250_NUCLO-7-Day-Tabs-8-oz-50-lb-scaled.png\",\"width\":1813,\"height\":2560},{\"@type\":\"BreadcrumbList\",\"@id\":\"https:\\\/\\\/aquadepotinc.com\\\/productos\\\/piscinas-y-quimicos\\\/quimicos\\\/a70210-7-day-tabs\\\/#breadcrumb\",\"itemListElement\":[{\"@type\":\"ListItem\",\"position\":1,\"name\":\"Home\",\"item\":\"https:\\\/\\\/aquadepotinc.com\\\/\"},{\"@type\":\"ListItem\",\"position\":2,\"name\":\"A70210 7 DAY TABS\"}]},{\"@type\":\"WebSite\",\"@id\":\"\\\/#website\",\"url\":\"\\\/\",\"name\":\"AquaDepot, Inc.\",\"description\":\"Distribuidora Mayorista Exportadora\",\"potentialAction\":[{\"@type\":\"SearchAction\",\"target\":{\"@type\":\"EntryPoint\",\"urlTemplate\":\"\\\/?s={search_term_string}\"},\"query-input\":{\"@type\":\"PropertyValueSpecification\",\"valueRequired\":true,\"valueName\":\"search_term_string\"}}],\"inLanguage\":\"en-US\"}]}<\/script>\n<!-- \/ Yoast SEO plugin. -->","yoast_head_json":{"title":"A70210 7 DAY TABS - AquaDepot, Inc.","robots":{"index":"index","follow":"follow","max-snippet":"max-snippet:-1","max-image-preview":"max-image-preview:large","max-video-preview":"max-video-preview:-1"},"canonical":"https:\/\/aquadepotinc.com\/en\/productos\/piscinas-y-quimicos\/quimicos\/a70210-7-day-tabs\/","og_locale":"en_US","og_type":"article","og_title":"A70210 7 DAY TABS - AquaDepot, Inc.","og_description":"Limpieza y desinfecci\u00f3n del agua eficaces","og_url":"https:\/\/aquadepotinc.com\/en\/productos\/piscinas-y-quimicos\/quimicos\/a70210-7-day-tabs\/","og_site_name":"AquaDepot, Inc.","article_modified_time":"2026-01-26T18:03:24+00:00","og_image":[{"url":"https:\/\/aquadepotinc.com\/wp-content\/uploads\/70250_NUCLO-7-Day-Tabs-8-oz-50-lb-scaled.png","width":1813,"height":2560,"type":"image\/png"}],"twitter_card":"summary_large_image","schema":{"@context":"https:\/\/schema.org","@graph":[{"@type":"WebPage","@id":"https:\/\/aquadepotinc.com\/productos\/piscinas-y-quimicos\/quimicos\/a70210-7-day-tabs\/","url":"https:\/\/aquadepotinc.com\/productos\/piscinas-y-quimicos\/quimicos\/a70210-7-day-tabs\/","name":"A70210 7 DAY TABS - AquaDepot, Inc.","isPartOf":{"@id":"\/#website"},"primaryImageOfPage":{"@id":"https:\/\/aquadepotinc.com\/productos\/piscinas-y-quimicos\/quimicos\/a70210-7-day-tabs\/#primaryimage"},"image":{"@id":"https:\/\/aquadepotinc.com\/productos\/piscinas-y-quimicos\/quimicos\/a70210-7-day-tabs\/#primaryimage"},"thumbnailUrl":"https:\/\/aquadepotinc.com\/wp-content\/uploads\/70250_NUCLO-7-Day-Tabs-8-oz-50-lb-scaled.png","datePublished":"2026-01-26T15:48:29+00:00","dateModified":"2026-01-26T18:03:24+00:00","breadcrumb":{"@id":"https:\/\/aquadepotinc.com\/productos\/piscinas-y-quimicos\/quimicos\/a70210-7-day-tabs\/#breadcrumb"},"inLanguage":"en-US","potentialAction":[{"@type":"ReadAction","target":["https:\/\/aquadepotinc.com\/productos\/piscinas-y-quimicos\/quimicos\/a70210-7-day-tabs\/"]}]},{"@type":"ImageObject","inLanguage":"en-US","@id":"https:\/\/aquadepotinc.com\/productos\/piscinas-y-quimicos\/quimicos\/a70210-7-day-tabs\/#primaryimage","url":"https:\/\/aquadepotinc.com\/wp-content\/uploads\/70250_NUCLO-7-Day-Tabs-8-oz-50-lb-scaled.png","contentUrl":"https:\/\/aquadepotinc.com\/wp-content\/uploads\/70250_NUCLO-7-Day-Tabs-8-oz-50-lb-scaled.png","width":1813,"height":2560},{"@type":"BreadcrumbList","@id":"https:\/\/aquadepotinc.com\/productos\/piscinas-y-quimicos\/quimicos\/a70210-7-day-tabs\/#breadcrumb","itemListElement":[{"@type":"ListItem","position":1,"name":"Home","item":"https:\/\/aquadepotinc.com\/"},{"@type":"ListItem","position":2,"name":"A70210 7 DAY TABS"}]},{"@type":"WebSite","@id":"\/#website","url":"\/","name":"AquaDepot, Inc.","description":"Distribuidora Mayorista Exportadora","potentialAction":[{"@type":"SearchAction","target":{"@type":"EntryPoint","urlTemplate":"\/?s={search_term_string}"},"query-input":{"@type":"PropertyValueSpecification","valueRequired":true,"valueName":"search_term_string"}}],"inLanguage":"en-US"}]}},"_links":{"self":[{"href":"https:\/\/aquadepotinc.com\/en\/wp-json\/wp\/v2\/product\/18227","targetHints":{"allow":["GET"]}}],"collection":[{"href":"https:\/\/aquadepotinc.com\/en\/wp-json\/wp\/v2\/product"}],"about":[{"href":"https:\/\/aquadepotinc.com\/en\/wp-json\/wp\/v2\/types\/product"}],"wp:featuredmedia":[{"embeddable":true,"href":"https:\/\/aquadepotinc.com\/en\/wp-json\/wp\/v2\/media\/18230"}],"wp:attachment":[{"href":"https:\/\/aquadepotinc.com\/en\/wp-json\/wp\/v2\/media?parent=18227"}],"wp:term":[{"taxonomy":"product_brand","embeddable":true,"href":"https:\/\/aquadepotinc.com\/en\/wp-json\/wp\/v2\/product_brand?post=18227"},{"taxonomy":"product_cat","embeddable":true,"href":"https:\/\/aquadepotinc.com\/en\/wp-json\/wp\/v2\/product_cat?post=18227"},{"taxonomy":"product_tag","embeddable":true,"href":"https:\/\/aquadepotinc.com\/en\/wp-json\/wp\/v2\/product_tag?post=18227"}],"curies":[{"name":"wp","href":"https:\/\/api.w.org\/{rel}","templated":true}]}}