{"id":18232,"date":"2026-01-26T10:09:14","date_gmt":"2026-01-26T16:09:14","guid":{"rendered":"https:\/\/aquadepotinc.com\/?post_type=product&#038;p=18232"},"modified":"2026-01-26T12:02:59","modified_gmt":"2026-01-26T18:02:59","slug":"a71704-conditioner","status":"publish","type":"product","link":"https:\/\/aquadepotinc.com\/en\/productos\/piscinas-y-quimicos\/quimicos\/a71704-conditioner\/","title":{"rendered":"A71704 CONDITIONER"},"content":{"rendered":"<p>El acondicionador A71704 es un producto de Qualco Chemicals, clasificado espec\u00edficamente como acondicionador y estabilizador. Est\u00e1 dise\u00f1ado para su uso en diversas aplicaciones, incluyendo el tratamiento qu\u00edmico de piscinas. Este acondicionador ayuda a mantener los niveles ideales de estabilizador y mantiene los niveles de cloro residual bajo control.\u00a0Ayuda a minimizar el impacto y los da\u00f1os causados \u200b\u200bpor los rayos UV del sol en las superficies de la piscina.<\/p>","protected":false},"excerpt":{"rendered":"<p>Clasificado espec\u00edficamente como acondicionador y estabilizador.<\/p>","protected":false},"featured_media":18234,"template":"","meta":{"_acf_changed":false,"inline_featured_image":false},"product_brand":[],"product_cat":[1369,214],"product_tag":[],"class_list":{"0":"post-18232","1":"product","2":"type-product","3":"status-publish","4":"has-post-thumbnail","6":"product_cat-piscinas-y-quimicos","7":"product_cat-quimicos","10":"first","11":"instock","12":"shipping-taxable","13":"product-type-simple"},"acf":[],"yoast_head":"<!-- This site is optimized with the Yoast SEO plugin v27.4 - https:\/\/yoast.com\/product\/yoast-seo-wordpress\/ -->\n<title>A71704 CONDITIONER - AquaDepot, Inc.<\/title>\n<meta name=\"robots\" content=\"index, follow, max-snippet:-1, max-image-preview:large, max-video-preview:-1\" \/>\n<link rel=\"canonical\" href=\"https:\/\/aquadepotinc.com\/en\/productos\/piscinas-y-quimicos\/quimicos\/a71704-conditioner\/\" \/>\n<meta property=\"og:locale\" content=\"en_US\" \/>\n<meta property=\"og:type\" content=\"article\" \/>\n<meta property=\"og:title\" content=\"A71704 CONDITIONER - AquaDepot, Inc.\" \/>\n<meta property=\"og:description\" content=\"Clasificado espec\u00edficamente como acondicionador y estabilizador.\" \/>\n<meta property=\"og:url\" content=\"https:\/\/aquadepotinc.com\/en\/productos\/piscinas-y-quimicos\/quimicos\/a71704-conditioner\/\" \/>\n<meta property=\"og:site_name\" content=\"AquaDepot, Inc.\" \/>\n<meta property=\"article:modified_time\" content=\"2026-01-26T18:02:59+00:00\" \/>\n<meta property=\"og:image\" content=\"https:\/\/aquadepotinc.com\/wp-content\/uploads\/71704_NUCLO-Conditioner-4-lbs-scaled.png\" \/>\n\t<meta property=\"og:image:width\" content=\"2560\" \/>\n\t<meta property=\"og:image:height\" content=\"2427\" \/>\n\t<meta property=\"og:image:type\" content=\"image\/png\" \/>\n<meta name=\"twitter:card\" content=\"summary_large_image\" \/>\n<script type=\"application\/ld+json\" class=\"yoast-schema-graph\">{\"@context\":\"https:\\\/\\\/schema.org\",\"@graph\":[{\"@type\":\"WebPage\",\"@id\":\"https:\\\/\\\/aquadepotinc.com\\\/productos\\\/piscinas-y-quimicos\\\/quimicos\\\/a71704-conditioner\\\/\",\"url\":\"https:\\\/\\\/aquadepotinc.com\\\/productos\\\/piscinas-y-quimicos\\\/quimicos\\\/a71704-conditioner\\\/\",\"name\":\"A71704 CONDITIONER - AquaDepot, Inc.\",\"isPartOf\":{\"@id\":\"\\\/#website\"},\"primaryImageOfPage\":{\"@id\":\"https:\\\/\\\/aquadepotinc.com\\\/productos\\\/piscinas-y-quimicos\\\/quimicos\\\/a71704-conditioner\\\/#primaryimage\"},\"image\":{\"@id\":\"https:\\\/\\\/aquadepotinc.com\\\/productos\\\/piscinas-y-quimicos\\\/quimicos\\\/a71704-conditioner\\\/#primaryimage\"},\"thumbnailUrl\":\"https:\\\/\\\/aquadepotinc.com\\\/wp-content\\\/uploads\\\/71704_NUCLO-Conditioner-4-lbs-scaled.png\",\"datePublished\":\"2026-01-26T16:09:14+00:00\",\"dateModified\":\"2026-01-26T18:02:59+00:00\",\"breadcrumb\":{\"@id\":\"https:\\\/\\\/aquadepotinc.com\\\/productos\\\/piscinas-y-quimicos\\\/quimicos\\\/a71704-conditioner\\\/#breadcrumb\"},\"inLanguage\":\"en-US\",\"potentialAction\":[{\"@type\":\"ReadAction\",\"target\":[\"https:\\\/\\\/aquadepotinc.com\\\/productos\\\/piscinas-y-quimicos\\\/quimicos\\\/a71704-conditioner\\\/\"]}]},{\"@type\":\"ImageObject\",\"inLanguage\":\"en-US\",\"@id\":\"https:\\\/\\\/aquadepotinc.com\\\/productos\\\/piscinas-y-quimicos\\\/quimicos\\\/a71704-conditioner\\\/#primaryimage\",\"url\":\"https:\\\/\\\/aquadepotinc.com\\\/wp-content\\\/uploads\\\/71704_NUCLO-Conditioner-4-lbs-scaled.png\",\"contentUrl\":\"https:\\\/\\\/aquadepotinc.com\\\/wp-content\\\/uploads\\\/71704_NUCLO-Conditioner-4-lbs-scaled.png\",\"width\":2560,\"height\":2427},{\"@type\":\"BreadcrumbList\",\"@id\":\"https:\\\/\\\/aquadepotinc.com\\\/productos\\\/piscinas-y-quimicos\\\/quimicos\\\/a71704-conditioner\\\/#breadcrumb\",\"itemListElement\":[{\"@type\":\"ListItem\",\"position\":1,\"name\":\"Home\",\"item\":\"https:\\\/\\\/aquadepotinc.com\\\/\"},{\"@type\":\"ListItem\",\"position\":2,\"name\":\"A71704 CONDITIONER\"}]},{\"@type\":\"WebSite\",\"@id\":\"\\\/#website\",\"url\":\"\\\/\",\"name\":\"AquaDepot, Inc.\",\"description\":\"Distribuidora Mayorista Exportadora\",\"potentialAction\":[{\"@type\":\"SearchAction\",\"target\":{\"@type\":\"EntryPoint\",\"urlTemplate\":\"\\\/?s={search_term_string}\"},\"query-input\":{\"@type\":\"PropertyValueSpecification\",\"valueRequired\":true,\"valueName\":\"search_term_string\"}}],\"inLanguage\":\"en-US\"}]}<\/script>\n<!-- \/ Yoast SEO plugin. -->","yoast_head_json":{"title":"A71704 CONDITIONER - AquaDepot, Inc.","robots":{"index":"index","follow":"follow","max-snippet":"max-snippet:-1","max-image-preview":"max-image-preview:large","max-video-preview":"max-video-preview:-1"},"canonical":"https:\/\/aquadepotinc.com\/en\/productos\/piscinas-y-quimicos\/quimicos\/a71704-conditioner\/","og_locale":"en_US","og_type":"article","og_title":"A71704 CONDITIONER - AquaDepot, Inc.","og_description":"Clasificado espec\u00edficamente como acondicionador y estabilizador.","og_url":"https:\/\/aquadepotinc.com\/en\/productos\/piscinas-y-quimicos\/quimicos\/a71704-conditioner\/","og_site_name":"AquaDepot, Inc.","article_modified_time":"2026-01-26T18:02:59+00:00","og_image":[{"url":"https:\/\/aquadepotinc.com\/wp-content\/uploads\/71704_NUCLO-Conditioner-4-lbs-scaled.png","width":2560,"height":2427,"type":"image\/png"}],"twitter_card":"summary_large_image","schema":{"@context":"https:\/\/schema.org","@graph":[{"@type":"WebPage","@id":"https:\/\/aquadepotinc.com\/productos\/piscinas-y-quimicos\/quimicos\/a71704-conditioner\/","url":"https:\/\/aquadepotinc.com\/productos\/piscinas-y-quimicos\/quimicos\/a71704-conditioner\/","name":"A71704 CONDITIONER - AquaDepot, Inc.","isPartOf":{"@id":"\/#website"},"primaryImageOfPage":{"@id":"https:\/\/aquadepotinc.com\/productos\/piscinas-y-quimicos\/quimicos\/a71704-conditioner\/#primaryimage"},"image":{"@id":"https:\/\/aquadepotinc.com\/productos\/piscinas-y-quimicos\/quimicos\/a71704-conditioner\/#primaryimage"},"thumbnailUrl":"https:\/\/aquadepotinc.com\/wp-content\/uploads\/71704_NUCLO-Conditioner-4-lbs-scaled.png","datePublished":"2026-01-26T16:09:14+00:00","dateModified":"2026-01-26T18:02:59+00:00","breadcrumb":{"@id":"https:\/\/aquadepotinc.com\/productos\/piscinas-y-quimicos\/quimicos\/a71704-conditioner\/#breadcrumb"},"inLanguage":"en-US","potentialAction":[{"@type":"ReadAction","target":["https:\/\/aquadepotinc.com\/productos\/piscinas-y-quimicos\/quimicos\/a71704-conditioner\/"]}]},{"@type":"ImageObject","inLanguage":"en-US","@id":"https:\/\/aquadepotinc.com\/productos\/piscinas-y-quimicos\/quimicos\/a71704-conditioner\/#primaryimage","url":"https:\/\/aquadepotinc.com\/wp-content\/uploads\/71704_NUCLO-Conditioner-4-lbs-scaled.png","contentUrl":"https:\/\/aquadepotinc.com\/wp-content\/uploads\/71704_NUCLO-Conditioner-4-lbs-scaled.png","width":2560,"height":2427},{"@type":"BreadcrumbList","@id":"https:\/\/aquadepotinc.com\/productos\/piscinas-y-quimicos\/quimicos\/a71704-conditioner\/#breadcrumb","itemListElement":[{"@type":"ListItem","position":1,"name":"Home","item":"https:\/\/aquadepotinc.com\/"},{"@type":"ListItem","position":2,"name":"A71704 CONDITIONER"}]},{"@type":"WebSite","@id":"\/#website","url":"\/","name":"AquaDepot, Inc.","description":"Distribuidora Mayorista Exportadora","potentialAction":[{"@type":"SearchAction","target":{"@type":"EntryPoint","urlTemplate":"\/?s={search_term_string}"},"query-input":{"@type":"PropertyValueSpecification","valueRequired":true,"valueName":"search_term_string"}}],"inLanguage":"en-US"}]}},"_links":{"self":[{"href":"https:\/\/aquadepotinc.com\/en\/wp-json\/wp\/v2\/product\/18232","targetHints":{"allow":["GET"]}}],"collection":[{"href":"https:\/\/aquadepotinc.com\/en\/wp-json\/wp\/v2\/product"}],"about":[{"href":"https:\/\/aquadepotinc.com\/en\/wp-json\/wp\/v2\/types\/product"}],"wp:featuredmedia":[{"embeddable":true,"href":"https:\/\/aquadepotinc.com\/en\/wp-json\/wp\/v2\/media\/18234"}],"wp:attachment":[{"href":"https:\/\/aquadepotinc.com\/en\/wp-json\/wp\/v2\/media?parent=18232"}],"wp:term":[{"taxonomy":"product_brand","embeddable":true,"href":"https:\/\/aquadepotinc.com\/en\/wp-json\/wp\/v2\/product_brand?post=18232"},{"taxonomy":"product_cat","embeddable":true,"href":"https:\/\/aquadepotinc.com\/en\/wp-json\/wp\/v2\/product_cat?post=18232"},{"taxonomy":"product_tag","embeddable":true,"href":"https:\/\/aquadepotinc.com\/en\/wp-json\/wp\/v2\/product_tag?post=18232"}],"curies":[{"name":"wp","href":"https:\/\/api.w.org\/{rel}","templated":true}]}}