{"id":328,"date":"2021-02-17T05:02:58","date_gmt":"2021-02-17T11:02:58","guid":{"rendered":"http:\/\/aquadepotinc.com\/?post_type=product&#038;p=328"},"modified":"2023-08-18T09:25:24","modified_gmt":"2023-08-18T15:25:24","slug":"reflector-led-crystalogic","status":"publish","type":"product","link":"https:\/\/aquadepotinc.com\/en\/productos\/piscinas-y-quimicos\/iluminacion\/reflector-led-crystalogic\/","title":{"rendered":"CrystaLogic\u00ae LED Reflector"},"content":{"rendered":"<p><strong>CrystaLogic\u00ae by Hayward\u00ae<\/strong> is availably to virtually everyone, its entirely plastic structure is truly universal. UL-approved to fit almost any installed niche, it allows for easy replacement with newer models. These fully plastic, 12V, 2-wire lights can be installed just 4 inches elow the waterline and can even be oriented upward without a protective shield, opening up a wide range of new applications.<br \/>\nThe optical design and optimized LED delivers exceptional lumen-per-watt energy savings and extended lifespan cost benefits. Our 300W and 500W pool lights and 100W spa lights are the brightest in the industry for their energy rating. All pool and spa light provide significant energy savings, up to 84% compared to the incandescent lights they replace.<\/p>\n<p><em>* According to test data measured at the time of printing this information.<\/em><\/p>\n<p><strong>Caracter\u00edsticas y beneficios:<\/strong><\/p>\n<ul>\n<li>The brightest 100W spa LED lights and 300W and 500W equivalent pool LED lights.<\/li>\n<li>Consumes up to 84% less energy than incandescent lights and lasts up to 10 times more.<\/li>\n<li>Being UL-approved to fit the installed niches of most manufacturers, CrystaLogic\u00ae  is truly universal.<\/li>\n<li>Entirely plastic structure, 12V and 2-wire design, and shatterproof lens make these lights intrinsically safe and easy to install.<\/li>\n<li>Energy and maintenance savings can result in a payback period of less than two years.<\/li>\n<li>They can be installed just 4 inches from the waterline or oriented upward without a protective siheld, making them suitable for primary lighting in pools or spas, beach entries, steps, ledges, water features and more.<\/li>\n<li>The slim Universal ColorLogic\u00ae (UCL) niche provides excellent savings when installing new structures.<\/li>\n<li>The decorative colored rings for pool and spa lights include both smooth bright white and silver flashes; both are included with the product.<\/li>\n<li>Additional decorative ring options include white flashes, as well as black, blue, beige, and gray colors<\/li>\n<\/ul>","protected":false},"excerpt":{"rendered":"<p class=\"\">The optical design and optimized LED provides extraordinary lumen-per-watt enegry savings and extended lifespan-related cost benefits.<\/p>","protected":false},"featured_media":5029,"template":"","meta":{"_acf_changed":false,"inline_featured_image":false},"product_brand":[],"product_cat":[161],"product_tag":[189,177,187,188],"class_list":{"0":"post-328","1":"product","2":"type-product","3":"status-publish","4":"has-post-thumbnail","6":"product_cat-iluminacion","7":"product_tag-crystalogic","8":"product_tag-hayward","9":"product_tag-led","10":"product_tag-blanco","11":"pa_marca-hayward","14":"first","15":"instock","16":"featured","17":"shipping-taxable","18":"product-type-simple"},"acf":[],"yoast_head":"<!-- This site is optimized with the Yoast SEO plugin v27.3 - https:\/\/yoast.com\/product\/yoast-seo-wordpress\/ -->\n<title>Reflector LED CrystaLogic\u00ae - AquaDepot, Inc.<\/title>\n<meta name=\"robots\" content=\"index, follow, max-snippet:-1, max-image-preview:large, max-video-preview:-1\" \/>\n<link rel=\"canonical\" href=\"https:\/\/aquadepotinc.com\/en\/productos\/piscinas-y-quimicos\/iluminacion\/reflector-led-crystalogic\/\" \/>\n<meta property=\"og:locale\" content=\"en_US\" \/>\n<meta property=\"og:type\" content=\"article\" \/>\n<meta property=\"og:title\" content=\"Reflector LED CrystaLogic\u00ae - AquaDepot, Inc.\" \/>\n<meta property=\"og:description\" content=\"El dise\u00f1o \u00f3ptico y de LED optimizado ofrece un extraordinario ahorro de energ\u00eda de lumen por vatio y los costos de vida \u00fatil prolongada relacionados\" \/>\n<meta property=\"og:url\" content=\"https:\/\/aquadepotinc.com\/en\/productos\/piscinas-y-quimicos\/iluminacion\/reflector-led-crystalogic\/\" \/>\n<meta property=\"og:site_name\" content=\"AquaDepot, Inc.\" \/>\n<meta property=\"article:modified_time\" content=\"2023-08-18T15:25:24+00:00\" \/>\n<meta property=\"og:image\" content=\"https:\/\/aquadepotinc.com\/wp-content\/uploads\/iluminacion-crystalogic-1-1.jpg\" \/>\n\t<meta property=\"og:image:width\" content=\"1128\" \/>\n\t<meta property=\"og:image:height\" content=\"1128\" \/>\n\t<meta property=\"og:image:type\" content=\"image\/jpeg\" \/>\n<meta name=\"twitter:card\" content=\"summary_large_image\" \/>\n<meta name=\"twitter:label1\" content=\"Est. reading time\" \/>\n\t<meta name=\"twitter:data1\" content=\"2 minutes\" \/>\n<script type=\"application\/ld+json\" class=\"yoast-schema-graph\">{\"@context\":\"https:\\\/\\\/schema.org\",\"@graph\":[{\"@type\":\"WebPage\",\"@id\":\"https:\\\/\\\/aquadepotinc.com\\\/en\\\/productos\\\/piscinas-y-quimicos\\\/iluminacion\\\/reflector-led-crystalogic\\\/\",\"url\":\"https:\\\/\\\/aquadepotinc.com\\\/en\\\/productos\\\/piscinas-y-quimicos\\\/iluminacion\\\/reflector-led-crystalogic\\\/\",\"name\":\"Reflector LED CrystaLogic\u00ae - AquaDepot, Inc.\",\"isPartOf\":{\"@id\":\"\\\/#website\"},\"primaryImageOfPage\":{\"@id\":\"https:\\\/\\\/aquadepotinc.com\\\/en\\\/productos\\\/piscinas-y-quimicos\\\/iluminacion\\\/reflector-led-crystalogic\\\/#primaryimage\"},\"image\":{\"@id\":\"https:\\\/\\\/aquadepotinc.com\\\/en\\\/productos\\\/piscinas-y-quimicos\\\/iluminacion\\\/reflector-led-crystalogic\\\/#primaryimage\"},\"thumbnailUrl\":\"https:\\\/\\\/aquadepotinc.com\\\/wp-content\\\/uploads\\\/iluminacion-crystalogic-1-1.jpg\",\"datePublished\":\"2021-02-17T11:02:58+00:00\",\"dateModified\":\"2023-08-18T15:25:24+00:00\",\"breadcrumb\":{\"@id\":\"https:\\\/\\\/aquadepotinc.com\\\/en\\\/productos\\\/piscinas-y-quimicos\\\/iluminacion\\\/reflector-led-crystalogic\\\/#breadcrumb\"},\"inLanguage\":\"en-US\",\"potentialAction\":[{\"@type\":\"ReadAction\",\"target\":[\"https:\\\/\\\/aquadepotinc.com\\\/en\\\/productos\\\/piscinas-y-quimicos\\\/iluminacion\\\/reflector-led-crystalogic\\\/\"]}]},{\"@type\":\"ImageObject\",\"inLanguage\":\"en-US\",\"@id\":\"https:\\\/\\\/aquadepotinc.com\\\/en\\\/productos\\\/piscinas-y-quimicos\\\/iluminacion\\\/reflector-led-crystalogic\\\/#primaryimage\",\"url\":\"https:\\\/\\\/aquadepotinc.com\\\/wp-content\\\/uploads\\\/iluminacion-crystalogic-1-1.jpg\",\"contentUrl\":\"https:\\\/\\\/aquadepotinc.com\\\/wp-content\\\/uploads\\\/iluminacion-crystalogic-1-1.jpg\",\"width\":1128,\"height\":1128},{\"@type\":\"BreadcrumbList\",\"@id\":\"https:\\\/\\\/aquadepotinc.com\\\/en\\\/productos\\\/piscinas-y-quimicos\\\/iluminacion\\\/reflector-led-crystalogic\\\/#breadcrumb\",\"itemListElement\":[{\"@type\":\"ListItem\",\"position\":1,\"name\":\"Home\",\"item\":\"https:\\\/\\\/aquadepotinc.com\\\/\"},{\"@type\":\"ListItem\",\"position\":2,\"name\":\"Reflector LED CrystaLogic\u00ae\"}]},{\"@type\":\"WebSite\",\"@id\":\"\\\/#website\",\"url\":\"\\\/\",\"name\":\"AquaDepot, Inc.\",\"description\":\"Distribuidora Mayorista Exportadora\",\"potentialAction\":[{\"@type\":\"SearchAction\",\"target\":{\"@type\":\"EntryPoint\",\"urlTemplate\":\"\\\/?s={search_term_string}\"},\"query-input\":{\"@type\":\"PropertyValueSpecification\",\"valueRequired\":true,\"valueName\":\"search_term_string\"}}],\"inLanguage\":\"en-US\"}]}<\/script>\n<!-- \/ Yoast SEO plugin. -->","yoast_head_json":{"title":"Reflector LED CrystaLogic\u00ae - AquaDepot, Inc.","robots":{"index":"index","follow":"follow","max-snippet":"max-snippet:-1","max-image-preview":"max-image-preview:large","max-video-preview":"max-video-preview:-1"},"canonical":"https:\/\/aquadepotinc.com\/en\/productos\/piscinas-y-quimicos\/iluminacion\/reflector-led-crystalogic\/","og_locale":"en_US","og_type":"article","og_title":"Reflector LED CrystaLogic\u00ae - AquaDepot, Inc.","og_description":"El dise\u00f1o \u00f3ptico y de LED optimizado ofrece un extraordinario ahorro de energ\u00eda de lumen por vatio y los costos de vida \u00fatil prolongada relacionados","og_url":"https:\/\/aquadepotinc.com\/en\/productos\/piscinas-y-quimicos\/iluminacion\/reflector-led-crystalogic\/","og_site_name":"AquaDepot, Inc.","article_modified_time":"2023-08-18T15:25:24+00:00","og_image":[{"width":1128,"height":1128,"url":"https:\/\/aquadepotinc.com\/wp-content\/uploads\/iluminacion-crystalogic-1-1.jpg","type":"image\/jpeg"}],"twitter_card":"summary_large_image","twitter_misc":{"Est. reading time":"2 minutes"},"schema":{"@context":"https:\/\/schema.org","@graph":[{"@type":"WebPage","@id":"https:\/\/aquadepotinc.com\/en\/productos\/piscinas-y-quimicos\/iluminacion\/reflector-led-crystalogic\/","url":"https:\/\/aquadepotinc.com\/en\/productos\/piscinas-y-quimicos\/iluminacion\/reflector-led-crystalogic\/","name":"Reflector LED CrystaLogic\u00ae - AquaDepot, Inc.","isPartOf":{"@id":"\/#website"},"primaryImageOfPage":{"@id":"https:\/\/aquadepotinc.com\/en\/productos\/piscinas-y-quimicos\/iluminacion\/reflector-led-crystalogic\/#primaryimage"},"image":{"@id":"https:\/\/aquadepotinc.com\/en\/productos\/piscinas-y-quimicos\/iluminacion\/reflector-led-crystalogic\/#primaryimage"},"thumbnailUrl":"https:\/\/aquadepotinc.com\/wp-content\/uploads\/iluminacion-crystalogic-1-1.jpg","datePublished":"2021-02-17T11:02:58+00:00","dateModified":"2023-08-18T15:25:24+00:00","breadcrumb":{"@id":"https:\/\/aquadepotinc.com\/en\/productos\/piscinas-y-quimicos\/iluminacion\/reflector-led-crystalogic\/#breadcrumb"},"inLanguage":"en-US","potentialAction":[{"@type":"ReadAction","target":["https:\/\/aquadepotinc.com\/en\/productos\/piscinas-y-quimicos\/iluminacion\/reflector-led-crystalogic\/"]}]},{"@type":"ImageObject","inLanguage":"en-US","@id":"https:\/\/aquadepotinc.com\/en\/productos\/piscinas-y-quimicos\/iluminacion\/reflector-led-crystalogic\/#primaryimage","url":"https:\/\/aquadepotinc.com\/wp-content\/uploads\/iluminacion-crystalogic-1-1.jpg","contentUrl":"https:\/\/aquadepotinc.com\/wp-content\/uploads\/iluminacion-crystalogic-1-1.jpg","width":1128,"height":1128},{"@type":"BreadcrumbList","@id":"https:\/\/aquadepotinc.com\/en\/productos\/piscinas-y-quimicos\/iluminacion\/reflector-led-crystalogic\/#breadcrumb","itemListElement":[{"@type":"ListItem","position":1,"name":"Home","item":"https:\/\/aquadepotinc.com\/"},{"@type":"ListItem","position":2,"name":"Reflector LED CrystaLogic\u00ae"}]},{"@type":"WebSite","@id":"\/#website","url":"\/","name":"AquaDepot, Inc.","description":"Distribuidora Mayorista Exportadora","potentialAction":[{"@type":"SearchAction","target":{"@type":"EntryPoint","urlTemplate":"\/?s={search_term_string}"},"query-input":{"@type":"PropertyValueSpecification","valueRequired":true,"valueName":"search_term_string"}}],"inLanguage":"en-US"}]}},"_links":{"self":[{"href":"https:\/\/aquadepotinc.com\/en\/wp-json\/wp\/v2\/product\/328","targetHints":{"allow":["GET"]}}],"collection":[{"href":"https:\/\/aquadepotinc.com\/en\/wp-json\/wp\/v2\/product"}],"about":[{"href":"https:\/\/aquadepotinc.com\/en\/wp-json\/wp\/v2\/types\/product"}],"wp:featuredmedia":[{"embeddable":true,"href":"https:\/\/aquadepotinc.com\/en\/wp-json\/wp\/v2\/media\/5029"}],"wp:attachment":[{"href":"https:\/\/aquadepotinc.com\/en\/wp-json\/wp\/v2\/media?parent=328"}],"wp:term":[{"taxonomy":"product_brand","embeddable":true,"href":"https:\/\/aquadepotinc.com\/en\/wp-json\/wp\/v2\/product_brand?post=328"},{"taxonomy":"product_cat","embeddable":true,"href":"https:\/\/aquadepotinc.com\/en\/wp-json\/wp\/v2\/product_cat?post=328"},{"taxonomy":"product_tag","embeddable":true,"href":"https:\/\/aquadepotinc.com\/en\/wp-json\/wp\/v2\/product_tag?post=328"}],"curies":[{"name":"wp","href":"https:\/\/api.w.org\/{rel}","templated":true}]}}