{"id":5063,"date":"2021-12-14T11:55:17","date_gmt":"2021-12-14T17:55:17","guid":{"rendered":"http:\/\/aquadepotinc.com\/?post_type=product&#038;p=5063"},"modified":"2023-03-09T08:30:58","modified_gmt":"2023-03-09T14:30:58","slug":"hidromasaje","status":"publish","type":"product","link":"https:\/\/aquadepotinc.com\/en\/productos\/piscinas-y-quimicos\/hidromasaje\/hidromasaje\/","title":{"rendered":"Hydromassage Pump Hidrobath\u00ae SIBRAPE"},"content":{"rendered":"<p>\u25cf Affordable 7.5 and 9.0 Amp pump for hydromassage.<br \/>\nMade of polypropylene material with fiberglass, the<br \/>\nimpeller is injection-molded in Noryl and joined through<br \/>\nultrasound.<br \/>\n\u25cf Compact design, ideal for installations under the tub.<br \/>\n\u25cf Equipped with a quick-connect nut that allows easy<br \/>\ninstallation and service without affecting the piping.<br \/>\n\u25cf Integrated microswitch to operate the pump with a<br \/>\npneumatic button.<br \/>\n\u25cf Includes a cable with a plug to connect to 115V power.<\/p>","protected":false},"excerpt":{"rendered":"<p>\u25cf Econ\u00f3mica motobomba de 7.5 y 9.0 Amp para hidromasaje. \u25cf Fabricada en material polipropileno con fibra de vidrio, el impulsor esta inyectado en Noryl y unido por medio de ultrasonido. \u25cf Dise\u00f1o compacto ideal para instalaciones bajo la tina. \u25cf Provista de tuerca de conexi\u00f3n r\u00e1pida que permite f\u00e1cil instalaci\u00f3n y servicio sin afectar la tuber\u00eda. \u25cf Microswicht integrado &#8230; <\/p>\n<div><a href=\"https:\/\/aquadepotinc.com\/en\/productos\/piscinas-y-quimicos\/hidromasaje\/hidromasaje\/\" class=\"more-link\">Read More<\/a><\/div>","protected":false},"featured_media":5514,"template":"","meta":{"_acf_changed":false,"inline_featured_image":false},"product_brand":[],"product_cat":[1369,1366],"product_tag":[111,184,1401,1431],"class_list":{"0":"post-5063","1":"product","2":"type-product","3":"status-publish","4":"has-post-thumbnail","6":"product_cat-piscinas-y-quimicos","7":"product_cat-hidromasaje","8":"product_tag-sibrape","9":"product_tag-vertex","10":"product_tag-hidromasaje","11":"product_tag-hidrobath","12":"pa_marca-sibrape","13":"pa_marca-vertex","14":"pa_marca-hidrobath","17":"first","18":"instock","19":"shipping-taxable","20":"product-type-simple"},"acf":[],"yoast_head":"<!-- This site is optimized with the Yoast SEO plugin v27.5 - https:\/\/yoast.com\/product\/yoast-seo-wordpress\/ -->\n<title>Motobomba de Hidromasaje Hidrobath\u00ae SIBRAPE - AquaDepot, Inc.<\/title>\n<meta name=\"robots\" content=\"index, follow, max-snippet:-1, max-image-preview:large, max-video-preview:-1\" \/>\n<link rel=\"canonical\" href=\"https:\/\/aquadepotinc.com\/en\/productos\/piscinas-y-quimicos\/hidromasaje\/hidromasaje\/\" \/>\n<meta property=\"og:locale\" content=\"en_US\" \/>\n<meta property=\"og:type\" content=\"article\" \/>\n<meta property=\"og:title\" content=\"Motobomba de Hidromasaje Hidrobath\u00ae SIBRAPE - AquaDepot, Inc.\" \/>\n<meta property=\"og:description\" content=\"\u25cf Econ\u00f3mica motobomba de 7.5 y 9.0 Amp para hidromasaje. \u25cf Fabricada en material polipropileno con fibra de vidrio, el impulsor esta inyectado en Noryl y unido por medio de ultrasonido. \u25cf Dise\u00f1o compacto ideal para instalaciones bajo la tina. \u25cf Provista de tuerca de conexi\u00f3n r\u00e1pida que permite f\u00e1cil instalaci\u00f3n y servicio sin afectar la tuber\u00eda. \u25cf Microswicht integrado ... Read More\" \/>\n<meta property=\"og:url\" content=\"https:\/\/aquadepotinc.com\/en\/productos\/piscinas-y-quimicos\/hidromasaje\/hidromasaje\/\" \/>\n<meta property=\"og:site_name\" content=\"AquaDepot, Inc.\" \/>\n<meta property=\"article:modified_time\" content=\"2023-03-09T14:30:58+00:00\" \/>\n<meta property=\"og:image\" content=\"https:\/\/aquadepotinc.com\/wp-content\/uploads\/HIDROBATH.jpg\" \/>\n\t<meta property=\"og:image:width\" content=\"1128\" \/>\n\t<meta property=\"og:image:height\" content=\"1128\" \/>\n\t<meta property=\"og:image:type\" content=\"image\/jpeg\" \/>\n<meta name=\"twitter:card\" content=\"summary_large_image\" \/>\n<script type=\"application\/ld+json\" class=\"yoast-schema-graph\">{\"@context\":\"https:\\\/\\\/schema.org\",\"@graph\":[{\"@type\":\"WebPage\",\"@id\":\"https:\\\/\\\/aquadepotinc.com\\\/productos\\\/piscinas-y-quimicos\\\/hidromasaje\\\/hidromasaje\\\/\",\"url\":\"https:\\\/\\\/aquadepotinc.com\\\/productos\\\/piscinas-y-quimicos\\\/hidromasaje\\\/hidromasaje\\\/\",\"name\":\"Motobomba de Hidromasaje Hidrobath\u00ae SIBRAPE - AquaDepot, Inc.\",\"isPartOf\":{\"@id\":\"\\\/#website\"},\"primaryImageOfPage\":{\"@id\":\"https:\\\/\\\/aquadepotinc.com\\\/productos\\\/piscinas-y-quimicos\\\/hidromasaje\\\/hidromasaje\\\/#primaryimage\"},\"image\":{\"@id\":\"https:\\\/\\\/aquadepotinc.com\\\/productos\\\/piscinas-y-quimicos\\\/hidromasaje\\\/hidromasaje\\\/#primaryimage\"},\"thumbnailUrl\":\"https:\\\/\\\/aquadepotinc.com\\\/wp-content\\\/uploads\\\/HIDROBATH.jpg\",\"datePublished\":\"2021-12-14T17:55:17+00:00\",\"dateModified\":\"2023-03-09T14:30:58+00:00\",\"breadcrumb\":{\"@id\":\"https:\\\/\\\/aquadepotinc.com\\\/productos\\\/piscinas-y-quimicos\\\/hidromasaje\\\/hidromasaje\\\/#breadcrumb\"},\"inLanguage\":\"en-US\",\"potentialAction\":[{\"@type\":\"ReadAction\",\"target\":[\"https:\\\/\\\/aquadepotinc.com\\\/productos\\\/piscinas-y-quimicos\\\/hidromasaje\\\/hidromasaje\\\/\"]}]},{\"@type\":\"ImageObject\",\"inLanguage\":\"en-US\",\"@id\":\"https:\\\/\\\/aquadepotinc.com\\\/productos\\\/piscinas-y-quimicos\\\/hidromasaje\\\/hidromasaje\\\/#primaryimage\",\"url\":\"https:\\\/\\\/aquadepotinc.com\\\/wp-content\\\/uploads\\\/HIDROBATH.jpg\",\"contentUrl\":\"https:\\\/\\\/aquadepotinc.com\\\/wp-content\\\/uploads\\\/HIDROBATH.jpg\",\"width\":1128,\"height\":1128},{\"@type\":\"BreadcrumbList\",\"@id\":\"https:\\\/\\\/aquadepotinc.com\\\/productos\\\/piscinas-y-quimicos\\\/hidromasaje\\\/hidromasaje\\\/#breadcrumb\",\"itemListElement\":[{\"@type\":\"ListItem\",\"position\":1,\"name\":\"Home\",\"item\":\"https:\\\/\\\/aquadepotinc.com\\\/\"},{\"@type\":\"ListItem\",\"position\":2,\"name\":\"Motobomba de Hidromasaje Hidrobath\u00ae SIBRAPE\"}]},{\"@type\":\"WebSite\",\"@id\":\"\\\/#website\",\"url\":\"\\\/\",\"name\":\"AquaDepot, Inc.\",\"description\":\"Distribuidora Mayorista Exportadora\",\"potentialAction\":[{\"@type\":\"SearchAction\",\"target\":{\"@type\":\"EntryPoint\",\"urlTemplate\":\"\\\/?s={search_term_string}\"},\"query-input\":{\"@type\":\"PropertyValueSpecification\",\"valueRequired\":true,\"valueName\":\"search_term_string\"}}],\"inLanguage\":\"en-US\"}]}<\/script>\n<!-- \/ Yoast SEO plugin. -->","yoast_head_json":{"title":"Motobomba de Hidromasaje Hidrobath\u00ae SIBRAPE - AquaDepot, Inc.","robots":{"index":"index","follow":"follow","max-snippet":"max-snippet:-1","max-image-preview":"max-image-preview:large","max-video-preview":"max-video-preview:-1"},"canonical":"https:\/\/aquadepotinc.com\/en\/productos\/piscinas-y-quimicos\/hidromasaje\/hidromasaje\/","og_locale":"en_US","og_type":"article","og_title":"Motobomba de Hidromasaje Hidrobath\u00ae SIBRAPE - AquaDepot, Inc.","og_description":"\u25cf Econ\u00f3mica motobomba de 7.5 y 9.0 Amp para hidromasaje. \u25cf Fabricada en material polipropileno con fibra de vidrio, el impulsor esta inyectado en Noryl y unido por medio de ultrasonido. \u25cf Dise\u00f1o compacto ideal para instalaciones bajo la tina. \u25cf Provista de tuerca de conexi\u00f3n r\u00e1pida que permite f\u00e1cil instalaci\u00f3n y servicio sin afectar la tuber\u00eda. \u25cf Microswicht integrado ... Read More","og_url":"https:\/\/aquadepotinc.com\/en\/productos\/piscinas-y-quimicos\/hidromasaje\/hidromasaje\/","og_site_name":"AquaDepot, Inc.","article_modified_time":"2023-03-09T14:30:58+00:00","og_image":[{"width":1128,"height":1128,"url":"https:\/\/aquadepotinc.com\/wp-content\/uploads\/HIDROBATH.jpg","type":"image\/jpeg"}],"twitter_card":"summary_large_image","schema":{"@context":"https:\/\/schema.org","@graph":[{"@type":"WebPage","@id":"https:\/\/aquadepotinc.com\/productos\/piscinas-y-quimicos\/hidromasaje\/hidromasaje\/","url":"https:\/\/aquadepotinc.com\/productos\/piscinas-y-quimicos\/hidromasaje\/hidromasaje\/","name":"Motobomba de Hidromasaje Hidrobath\u00ae SIBRAPE - AquaDepot, Inc.","isPartOf":{"@id":"\/#website"},"primaryImageOfPage":{"@id":"https:\/\/aquadepotinc.com\/productos\/piscinas-y-quimicos\/hidromasaje\/hidromasaje\/#primaryimage"},"image":{"@id":"https:\/\/aquadepotinc.com\/productos\/piscinas-y-quimicos\/hidromasaje\/hidromasaje\/#primaryimage"},"thumbnailUrl":"https:\/\/aquadepotinc.com\/wp-content\/uploads\/HIDROBATH.jpg","datePublished":"2021-12-14T17:55:17+00:00","dateModified":"2023-03-09T14:30:58+00:00","breadcrumb":{"@id":"https:\/\/aquadepotinc.com\/productos\/piscinas-y-quimicos\/hidromasaje\/hidromasaje\/#breadcrumb"},"inLanguage":"en-US","potentialAction":[{"@type":"ReadAction","target":["https:\/\/aquadepotinc.com\/productos\/piscinas-y-quimicos\/hidromasaje\/hidromasaje\/"]}]},{"@type":"ImageObject","inLanguage":"en-US","@id":"https:\/\/aquadepotinc.com\/productos\/piscinas-y-quimicos\/hidromasaje\/hidromasaje\/#primaryimage","url":"https:\/\/aquadepotinc.com\/wp-content\/uploads\/HIDROBATH.jpg","contentUrl":"https:\/\/aquadepotinc.com\/wp-content\/uploads\/HIDROBATH.jpg","width":1128,"height":1128},{"@type":"BreadcrumbList","@id":"https:\/\/aquadepotinc.com\/productos\/piscinas-y-quimicos\/hidromasaje\/hidromasaje\/#breadcrumb","itemListElement":[{"@type":"ListItem","position":1,"name":"Home","item":"https:\/\/aquadepotinc.com\/"},{"@type":"ListItem","position":2,"name":"Motobomba de Hidromasaje Hidrobath\u00ae SIBRAPE"}]},{"@type":"WebSite","@id":"\/#website","url":"\/","name":"AquaDepot, Inc.","description":"Distribuidora Mayorista Exportadora","potentialAction":[{"@type":"SearchAction","target":{"@type":"EntryPoint","urlTemplate":"\/?s={search_term_string}"},"query-input":{"@type":"PropertyValueSpecification","valueRequired":true,"valueName":"search_term_string"}}],"inLanguage":"en-US"}]}},"_links":{"self":[{"href":"https:\/\/aquadepotinc.com\/en\/wp-json\/wp\/v2\/product\/5063","targetHints":{"allow":["GET"]}}],"collection":[{"href":"https:\/\/aquadepotinc.com\/en\/wp-json\/wp\/v2\/product"}],"about":[{"href":"https:\/\/aquadepotinc.com\/en\/wp-json\/wp\/v2\/types\/product"}],"wp:featuredmedia":[{"embeddable":true,"href":"https:\/\/aquadepotinc.com\/en\/wp-json\/wp\/v2\/media\/5514"}],"wp:attachment":[{"href":"https:\/\/aquadepotinc.com\/en\/wp-json\/wp\/v2\/media?parent=5063"}],"wp:term":[{"taxonomy":"product_brand","embeddable":true,"href":"https:\/\/aquadepotinc.com\/en\/wp-json\/wp\/v2\/product_brand?post=5063"},{"taxonomy":"product_cat","embeddable":true,"href":"https:\/\/aquadepotinc.com\/en\/wp-json\/wp\/v2\/product_cat?post=5063"},{"taxonomy":"product_tag","embeddable":true,"href":"https:\/\/aquadepotinc.com\/en\/wp-json\/wp\/v2\/product_tag?post=5063"}],"curies":[{"name":"wp","href":"https:\/\/api.w.org\/{rel}","templated":true}]}}