{"id":5644,"date":"2022-03-10T17:17:04","date_gmt":"2022-03-10T23:17:04","guid":{"rendered":"http:\/\/aquadepotinc.com\/?post_type=product&#038;p=5644"},"modified":"2023-09-27T09:29:34","modified_gmt":"2023-09-27T15:29:34","slug":"super-clarifier-pool-care","status":"publish","type":"product","link":"https:\/\/aquadepotinc.com\/en\/productos\/piscinas-y-quimicos\/quimicos\/super-clarifier-pool-care\/","title":{"rendered":"Super Clarifier Pool Care\u00ae"},"content":{"rendered":"<p>Pool Care Super Clarifier has been formulated to solve issues of cloudiness and completely green water caused by rain, dust, excess swimmers, and lack of bactericidal product.<br \/>\nIt takes care of eliminating this unpleasant condition and leaves your water crystal clear.<\/p>\n<p>Action: Clarifies the water through the process of flocculation.<\/p>\n<p>USAGE RECOMMENDATIONS:<br \/>\nFor better results and to maximize its performance, it is recommended to adjust the pH to at least 7.8 before dosing. To adjust and raise the pH, use Pool Care pH Up.<\/p>","protected":false},"excerpt":{"rendered":"<p>Pool Care Super Clarifier ha sido formulado para solucionar problemas de turbidez y agua totalmente verde provocado por lluvia, polvo, exceso de ba\u00f1istas y falta de producto bactericida. Se encarga de eliminar esta condici\u00f3n poco agradable y dejar su agua cristalina. Acci\u00f3n: Clarifica el agua mediante el proceso de floculaci\u00f3n. RECOMENDACIONES DE USO. Para obtener un mejor resultado y aprovechar &#8230; <\/p>\n<div><a href=\"https:\/\/aquadepotinc.com\/en\/productos\/piscinas-y-quimicos\/quimicos\/super-clarifier-pool-care\/\" class=\"more-link\">Read More<\/a><\/div>","protected":false},"featured_media":5546,"template":"","meta":{"_acf_changed":false,"inline_featured_image":false},"product_brand":[],"product_cat":[287,1369,214],"product_tag":[334,1506,1516,1517],"class_list":{"0":"post-5644","1":"product","2":"type-product","3":"status-publish","4":"has-post-thumbnail","6":"product_cat-algicida","7":"product_cat-piscinas-y-quimicos","8":"product_cat-quimicos","9":"product_tag-algicida","10":"product_tag-alguicida","11":"product_tag-super-algicier","12":"product_tag-pool-care","13":"pa_marca-pool-care","16":"first","17":"instock","18":"shipping-taxable","19":"product-type-simple"},"acf":[],"yoast_head":"<!-- This site is optimized with the Yoast SEO plugin v27.5 - https:\/\/yoast.com\/product\/yoast-seo-wordpress\/ -->\n<title>Super Clarifier Pool Care\u00ae - AquaDepot, Inc.<\/title>\n<meta name=\"robots\" content=\"index, follow, max-snippet:-1, max-image-preview:large, max-video-preview:-1\" \/>\n<link rel=\"canonical\" href=\"https:\/\/aquadepotinc.com\/en\/productos\/piscinas-y-quimicos\/quimicos\/super-clarifier-pool-care\/\" \/>\n<meta property=\"og:locale\" content=\"en_US\" \/>\n<meta property=\"og:type\" content=\"article\" \/>\n<meta property=\"og:title\" content=\"Super Clarifier Pool Care\u00ae - AquaDepot, Inc.\" \/>\n<meta property=\"og:description\" content=\"Pool Care Super Clarifier ha sido formulado para solucionar problemas de turbidez y agua totalmente verde provocado por lluvia, polvo, exceso de ba\u00f1istas y falta de producto bactericida. Se encarga de eliminar esta condici\u00f3n poco agradable y dejar su agua cristalina. Acci\u00f3n: Clarifica el agua mediante el proceso de floculaci\u00f3n. RECOMENDACIONES DE USO. Para obtener un mejor resultado y aprovechar ... Read More\" \/>\n<meta property=\"og:url\" content=\"https:\/\/aquadepotinc.com\/en\/productos\/piscinas-y-quimicos\/quimicos\/super-clarifier-pool-care\/\" \/>\n<meta property=\"og:site_name\" content=\"AquaDepot, Inc.\" \/>\n<meta property=\"article:modified_time\" content=\"2023-09-27T15:29:34+00:00\" \/>\n<meta property=\"og:image\" content=\"https:\/\/aquadepotinc.com\/wp-content\/uploads\/Super-Clarifier.jpg\" \/>\n\t<meta property=\"og:image:width\" content=\"1128\" \/>\n\t<meta property=\"og:image:height\" content=\"1128\" \/>\n\t<meta property=\"og:image:type\" content=\"image\/jpeg\" \/>\n<meta name=\"twitter:card\" content=\"summary_large_image\" \/>\n<meta name=\"twitter:label1\" content=\"Est. reading time\" \/>\n\t<meta name=\"twitter:data1\" content=\"1 minute\" \/>\n<script type=\"application\/ld+json\" class=\"yoast-schema-graph\">{\"@context\":\"https:\\\/\\\/schema.org\",\"@graph\":[{\"@type\":\"WebPage\",\"@id\":\"https:\\\/\\\/aquadepotinc.com\\\/productos\\\/piscinas-y-quimicos\\\/quimicos\\\/super-clarifier-pool-care\\\/\",\"url\":\"https:\\\/\\\/aquadepotinc.com\\\/productos\\\/piscinas-y-quimicos\\\/quimicos\\\/super-clarifier-pool-care\\\/\",\"name\":\"Super Clarifier Pool Care\u00ae - AquaDepot, Inc.\",\"isPartOf\":{\"@id\":\"\\\/#website\"},\"primaryImageOfPage\":{\"@id\":\"https:\\\/\\\/aquadepotinc.com\\\/productos\\\/piscinas-y-quimicos\\\/quimicos\\\/super-clarifier-pool-care\\\/#primaryimage\"},\"image\":{\"@id\":\"https:\\\/\\\/aquadepotinc.com\\\/productos\\\/piscinas-y-quimicos\\\/quimicos\\\/super-clarifier-pool-care\\\/#primaryimage\"},\"thumbnailUrl\":\"https:\\\/\\\/aquadepotinc.com\\\/wp-content\\\/uploads\\\/Super-Clarifier.jpg\",\"datePublished\":\"2022-03-10T23:17:04+00:00\",\"dateModified\":\"2023-09-27T15:29:34+00:00\",\"breadcrumb\":{\"@id\":\"https:\\\/\\\/aquadepotinc.com\\\/productos\\\/piscinas-y-quimicos\\\/quimicos\\\/super-clarifier-pool-care\\\/#breadcrumb\"},\"inLanguage\":\"en-US\",\"potentialAction\":[{\"@type\":\"ReadAction\",\"target\":[\"https:\\\/\\\/aquadepotinc.com\\\/productos\\\/piscinas-y-quimicos\\\/quimicos\\\/super-clarifier-pool-care\\\/\"]}]},{\"@type\":\"ImageObject\",\"inLanguage\":\"en-US\",\"@id\":\"https:\\\/\\\/aquadepotinc.com\\\/productos\\\/piscinas-y-quimicos\\\/quimicos\\\/super-clarifier-pool-care\\\/#primaryimage\",\"url\":\"https:\\\/\\\/aquadepotinc.com\\\/wp-content\\\/uploads\\\/Super-Clarifier.jpg\",\"contentUrl\":\"https:\\\/\\\/aquadepotinc.com\\\/wp-content\\\/uploads\\\/Super-Clarifier.jpg\",\"width\":1128,\"height\":1128},{\"@type\":\"BreadcrumbList\",\"@id\":\"https:\\\/\\\/aquadepotinc.com\\\/productos\\\/piscinas-y-quimicos\\\/quimicos\\\/super-clarifier-pool-care\\\/#breadcrumb\",\"itemListElement\":[{\"@type\":\"ListItem\",\"position\":1,\"name\":\"Home\",\"item\":\"https:\\\/\\\/aquadepotinc.com\\\/\"},{\"@type\":\"ListItem\",\"position\":2,\"name\":\"Super Clarifier Pool Care\u00ae\"}]},{\"@type\":\"WebSite\",\"@id\":\"\\\/#website\",\"url\":\"\\\/\",\"name\":\"AquaDepot, Inc.\",\"description\":\"Distribuidora Mayorista Exportadora\",\"potentialAction\":[{\"@type\":\"SearchAction\",\"target\":{\"@type\":\"EntryPoint\",\"urlTemplate\":\"\\\/?s={search_term_string}\"},\"query-input\":{\"@type\":\"PropertyValueSpecification\",\"valueRequired\":true,\"valueName\":\"search_term_string\"}}],\"inLanguage\":\"en-US\"}]}<\/script>\n<!-- \/ Yoast SEO plugin. -->","yoast_head_json":{"title":"Super Clarifier Pool Care\u00ae - AquaDepot, Inc.","robots":{"index":"index","follow":"follow","max-snippet":"max-snippet:-1","max-image-preview":"max-image-preview:large","max-video-preview":"max-video-preview:-1"},"canonical":"https:\/\/aquadepotinc.com\/en\/productos\/piscinas-y-quimicos\/quimicos\/super-clarifier-pool-care\/","og_locale":"en_US","og_type":"article","og_title":"Super Clarifier Pool Care\u00ae - AquaDepot, Inc.","og_description":"Pool Care Super Clarifier ha sido formulado para solucionar problemas de turbidez y agua totalmente verde provocado por lluvia, polvo, exceso de ba\u00f1istas y falta de producto bactericida. Se encarga de eliminar esta condici\u00f3n poco agradable y dejar su agua cristalina. Acci\u00f3n: Clarifica el agua mediante el proceso de floculaci\u00f3n. RECOMENDACIONES DE USO. Para obtener un mejor resultado y aprovechar ... Read More","og_url":"https:\/\/aquadepotinc.com\/en\/productos\/piscinas-y-quimicos\/quimicos\/super-clarifier-pool-care\/","og_site_name":"AquaDepot, Inc.","article_modified_time":"2023-09-27T15:29:34+00:00","og_image":[{"width":1128,"height":1128,"url":"https:\/\/aquadepotinc.com\/wp-content\/uploads\/Super-Clarifier.jpg","type":"image\/jpeg"}],"twitter_card":"summary_large_image","twitter_misc":{"Est. reading time":"1 minute"},"schema":{"@context":"https:\/\/schema.org","@graph":[{"@type":"WebPage","@id":"https:\/\/aquadepotinc.com\/productos\/piscinas-y-quimicos\/quimicos\/super-clarifier-pool-care\/","url":"https:\/\/aquadepotinc.com\/productos\/piscinas-y-quimicos\/quimicos\/super-clarifier-pool-care\/","name":"Super Clarifier Pool Care\u00ae - AquaDepot, Inc.","isPartOf":{"@id":"\/#website"},"primaryImageOfPage":{"@id":"https:\/\/aquadepotinc.com\/productos\/piscinas-y-quimicos\/quimicos\/super-clarifier-pool-care\/#primaryimage"},"image":{"@id":"https:\/\/aquadepotinc.com\/productos\/piscinas-y-quimicos\/quimicos\/super-clarifier-pool-care\/#primaryimage"},"thumbnailUrl":"https:\/\/aquadepotinc.com\/wp-content\/uploads\/Super-Clarifier.jpg","datePublished":"2022-03-10T23:17:04+00:00","dateModified":"2023-09-27T15:29:34+00:00","breadcrumb":{"@id":"https:\/\/aquadepotinc.com\/productos\/piscinas-y-quimicos\/quimicos\/super-clarifier-pool-care\/#breadcrumb"},"inLanguage":"en-US","potentialAction":[{"@type":"ReadAction","target":["https:\/\/aquadepotinc.com\/productos\/piscinas-y-quimicos\/quimicos\/super-clarifier-pool-care\/"]}]},{"@type":"ImageObject","inLanguage":"en-US","@id":"https:\/\/aquadepotinc.com\/productos\/piscinas-y-quimicos\/quimicos\/super-clarifier-pool-care\/#primaryimage","url":"https:\/\/aquadepotinc.com\/wp-content\/uploads\/Super-Clarifier.jpg","contentUrl":"https:\/\/aquadepotinc.com\/wp-content\/uploads\/Super-Clarifier.jpg","width":1128,"height":1128},{"@type":"BreadcrumbList","@id":"https:\/\/aquadepotinc.com\/productos\/piscinas-y-quimicos\/quimicos\/super-clarifier-pool-care\/#breadcrumb","itemListElement":[{"@type":"ListItem","position":1,"name":"Home","item":"https:\/\/aquadepotinc.com\/"},{"@type":"ListItem","position":2,"name":"Super Clarifier Pool Care\u00ae"}]},{"@type":"WebSite","@id":"\/#website","url":"\/","name":"AquaDepot, Inc.","description":"Distribuidora Mayorista Exportadora","potentialAction":[{"@type":"SearchAction","target":{"@type":"EntryPoint","urlTemplate":"\/?s={search_term_string}"},"query-input":{"@type":"PropertyValueSpecification","valueRequired":true,"valueName":"search_term_string"}}],"inLanguage":"en-US"}]}},"_links":{"self":[{"href":"https:\/\/aquadepotinc.com\/en\/wp-json\/wp\/v2\/product\/5644","targetHints":{"allow":["GET"]}}],"collection":[{"href":"https:\/\/aquadepotinc.com\/en\/wp-json\/wp\/v2\/product"}],"about":[{"href":"https:\/\/aquadepotinc.com\/en\/wp-json\/wp\/v2\/types\/product"}],"wp:featuredmedia":[{"embeddable":true,"href":"https:\/\/aquadepotinc.com\/en\/wp-json\/wp\/v2\/media\/5546"}],"wp:attachment":[{"href":"https:\/\/aquadepotinc.com\/en\/wp-json\/wp\/v2\/media?parent=5644"}],"wp:term":[{"taxonomy":"product_brand","embeddable":true,"href":"https:\/\/aquadepotinc.com\/en\/wp-json\/wp\/v2\/product_brand?post=5644"},{"taxonomy":"product_cat","embeddable":true,"href":"https:\/\/aquadepotinc.com\/en\/wp-json\/wp\/v2\/product_cat?post=5644"},{"taxonomy":"product_tag","embeddable":true,"href":"https:\/\/aquadepotinc.com\/en\/wp-json\/wp\/v2\/product_tag?post=5644"}],"curies":[{"name":"wp","href":"https:\/\/api.w.org\/{rel}","templated":true}]}}