{"id":5701,"date":"2022-03-18T11:22:52","date_gmt":"2022-03-18T17:22:52","guid":{"rendered":"http:\/\/aquadepotinc.com\/?post_type=product&#038;p=5701"},"modified":"2023-08-09T08:20:17","modified_gmt":"2023-08-09T14:20:17","slug":"iluminacion-de-piscina-astrolite","status":"publish","type":"product","link":"https:\/\/aquadepotinc.com\/en\/productos\/piscinas-y-quimicos\/iluminacion\/iluminacion-de-piscina-astrolite\/","title":{"rendered":"AstroLite\u2122 Pool Lighting"},"content":{"rendered":"<p>&nbsp;<\/p>\n<p>The AstroLite series light accesories are available in a choice of attractive face rim models, from an injection-molded patterned design, made of rugged, noncorrosive glass-filled polypropylene, to a smooth, machine-polished stainless steel design. Additionally, they are available in a wide range of standard voltages, wattages, and cord lengths to satisfy any installation. Combined with Hayward's niches, no other pool lighting system provides such value.<\/p>\n<ul>\n<li>Circular cover design in stainless steel, ornamental, thermoplastic, or smooth options that  provide corrosion-resistant performance<\/li>\n<li>E-Z Lock clamp and reflector assembly for simple re-lamping<\/li>\n<\/ul>","protected":false},"excerpt":{"rendered":"<p>&nbsp; Los accesorios de luces de la serie AstroLite se encuentran disponibles en una variedad de modelos atractivos de tapa circular, desde dise\u00f1os ornamentados moldeados por inyecci\u00f3n, hechos de polipropileno relleno de fibra de vidrio no corrosivo y resistente, hasta un dise\u00f1o liso de acero inoxidable pulido a m\u00e1quina. Adem\u00e1s, se ofrecen de forma est\u00e1ndar en una amplia variedad de &#8230; <\/p>\n<div><a href=\"https:\/\/aquadepotinc.com\/en\/productos\/piscinas-y-quimicos\/iluminacion\/iluminacion-de-piscina-astrolite\/\" class=\"more-link\">Read More<\/a><\/div>","protected":false},"featured_media":5664,"template":"","meta":{"_acf_changed":false,"inline_featured_image":false},"product_brand":[],"product_cat":[161],"product_tag":[177,187,188,189],"class_list":{"0":"post-5701","1":"product","2":"type-product","3":"status-publish","4":"has-post-thumbnail","6":"product_cat-iluminacion","7":"product_tag-hayward","8":"product_tag-led","9":"product_tag-blanco","10":"product_tag-crystalogic","11":"pa_marca-hayward","14":"first","15":"instock","16":"featured","17":"shipping-taxable","18":"product-type-simple"},"acf":[],"yoast_head":"<!-- This site is optimized with the Yoast SEO plugin v27.3 - https:\/\/yoast.com\/product\/yoast-seo-wordpress\/ -->\n<title>Iluminaci\u00f3n de piscina AstroLite\u2122 - AquaDepot, Inc.<\/title>\n<meta name=\"robots\" content=\"index, follow, max-snippet:-1, max-image-preview:large, max-video-preview:-1\" \/>\n<link rel=\"canonical\" href=\"https:\/\/aquadepotinc.com\/en\/productos\/piscinas-y-quimicos\/iluminacion\/iluminacion-de-piscina-astrolite\/\" \/>\n<meta property=\"og:locale\" content=\"en_US\" \/>\n<meta property=\"og:type\" content=\"article\" \/>\n<meta property=\"og:title\" content=\"Iluminaci\u00f3n de piscina AstroLite\u2122 - AquaDepot, Inc.\" \/>\n<meta property=\"og:description\" content=\"&nbsp; Los accesorios de luces de la serie AstroLite se encuentran disponibles en una variedad de modelos atractivos de tapa circular, desde dise\u00f1os ornamentados moldeados por inyecci\u00f3n, hechos de polipropileno relleno de fibra de vidrio no corrosivo y resistente, hasta un dise\u00f1o liso de acero inoxidable pulido a m\u00e1quina. Adem\u00e1s, se ofrecen de forma est\u00e1ndar en una amplia variedad de ... Read More\" \/>\n<meta property=\"og:url\" content=\"https:\/\/aquadepotinc.com\/en\/productos\/piscinas-y-quimicos\/iluminacion\/iluminacion-de-piscina-astrolite\/\" \/>\n<meta property=\"og:site_name\" content=\"AquaDepot, Inc.\" \/>\n<meta property=\"article:modified_time\" content=\"2023-08-09T14:20:17+00:00\" \/>\n<meta property=\"og:image\" content=\"https:\/\/aquadepotinc.com\/wp-content\/uploads\/Astro-Lite.jpg\" \/>\n\t<meta property=\"og:image:width\" content=\"1128\" \/>\n\t<meta property=\"og:image:height\" content=\"1128\" \/>\n\t<meta property=\"og:image:type\" content=\"image\/jpeg\" \/>\n<meta name=\"twitter:card\" content=\"summary_large_image\" \/>\n<meta name=\"twitter:label1\" content=\"Est. reading time\" \/>\n\t<meta name=\"twitter:data1\" content=\"1 minute\" \/>\n<script type=\"application\/ld+json\" class=\"yoast-schema-graph\">{\"@context\":\"https:\\\/\\\/schema.org\",\"@graph\":[{\"@type\":\"WebPage\",\"@id\":\"https:\\\/\\\/aquadepotinc.com\\\/productos\\\/piscinas-y-quimicos\\\/iluminacion\\\/iluminacion-de-piscina-astrolite\\\/\",\"url\":\"https:\\\/\\\/aquadepotinc.com\\\/productos\\\/piscinas-y-quimicos\\\/iluminacion\\\/iluminacion-de-piscina-astrolite\\\/\",\"name\":\"Iluminaci\u00f3n de piscina AstroLite\u2122 - AquaDepot, Inc.\",\"isPartOf\":{\"@id\":\"\\\/#website\"},\"primaryImageOfPage\":{\"@id\":\"https:\\\/\\\/aquadepotinc.com\\\/productos\\\/piscinas-y-quimicos\\\/iluminacion\\\/iluminacion-de-piscina-astrolite\\\/#primaryimage\"},\"image\":{\"@id\":\"https:\\\/\\\/aquadepotinc.com\\\/productos\\\/piscinas-y-quimicos\\\/iluminacion\\\/iluminacion-de-piscina-astrolite\\\/#primaryimage\"},\"thumbnailUrl\":\"https:\\\/\\\/aquadepotinc.com\\\/wp-content\\\/uploads\\\/Astro-Lite.jpg\",\"datePublished\":\"2022-03-18T17:22:52+00:00\",\"dateModified\":\"2023-08-09T14:20:17+00:00\",\"breadcrumb\":{\"@id\":\"https:\\\/\\\/aquadepotinc.com\\\/productos\\\/piscinas-y-quimicos\\\/iluminacion\\\/iluminacion-de-piscina-astrolite\\\/#breadcrumb\"},\"inLanguage\":\"en-US\",\"potentialAction\":[{\"@type\":\"ReadAction\",\"target\":[\"https:\\\/\\\/aquadepotinc.com\\\/productos\\\/piscinas-y-quimicos\\\/iluminacion\\\/iluminacion-de-piscina-astrolite\\\/\"]}]},{\"@type\":\"ImageObject\",\"inLanguage\":\"en-US\",\"@id\":\"https:\\\/\\\/aquadepotinc.com\\\/productos\\\/piscinas-y-quimicos\\\/iluminacion\\\/iluminacion-de-piscina-astrolite\\\/#primaryimage\",\"url\":\"https:\\\/\\\/aquadepotinc.com\\\/wp-content\\\/uploads\\\/Astro-Lite.jpg\",\"contentUrl\":\"https:\\\/\\\/aquadepotinc.com\\\/wp-content\\\/uploads\\\/Astro-Lite.jpg\",\"width\":1128,\"height\":1128},{\"@type\":\"BreadcrumbList\",\"@id\":\"https:\\\/\\\/aquadepotinc.com\\\/productos\\\/piscinas-y-quimicos\\\/iluminacion\\\/iluminacion-de-piscina-astrolite\\\/#breadcrumb\",\"itemListElement\":[{\"@type\":\"ListItem\",\"position\":1,\"name\":\"Home\",\"item\":\"https:\\\/\\\/aquadepotinc.com\\\/\"},{\"@type\":\"ListItem\",\"position\":2,\"name\":\"Iluminaci\u00f3n de piscina AstroLite\u2122\"}]},{\"@type\":\"WebSite\",\"@id\":\"\\\/#website\",\"url\":\"\\\/\",\"name\":\"AquaDepot, Inc.\",\"description\":\"Distribuidora Mayorista Exportadora\",\"potentialAction\":[{\"@type\":\"SearchAction\",\"target\":{\"@type\":\"EntryPoint\",\"urlTemplate\":\"\\\/?s={search_term_string}\"},\"query-input\":{\"@type\":\"PropertyValueSpecification\",\"valueRequired\":true,\"valueName\":\"search_term_string\"}}],\"inLanguage\":\"en-US\"}]}<\/script>\n<!-- \/ Yoast SEO plugin. -->","yoast_head_json":{"title":"Iluminaci\u00f3n de piscina AstroLite\u2122 - AquaDepot, Inc.","robots":{"index":"index","follow":"follow","max-snippet":"max-snippet:-1","max-image-preview":"max-image-preview:large","max-video-preview":"max-video-preview:-1"},"canonical":"https:\/\/aquadepotinc.com\/en\/productos\/piscinas-y-quimicos\/iluminacion\/iluminacion-de-piscina-astrolite\/","og_locale":"en_US","og_type":"article","og_title":"Iluminaci\u00f3n de piscina AstroLite\u2122 - AquaDepot, Inc.","og_description":"&nbsp; Los accesorios de luces de la serie AstroLite se encuentran disponibles en una variedad de modelos atractivos de tapa circular, desde dise\u00f1os ornamentados moldeados por inyecci\u00f3n, hechos de polipropileno relleno de fibra de vidrio no corrosivo y resistente, hasta un dise\u00f1o liso de acero inoxidable pulido a m\u00e1quina. Adem\u00e1s, se ofrecen de forma est\u00e1ndar en una amplia variedad de ... Read More","og_url":"https:\/\/aquadepotinc.com\/en\/productos\/piscinas-y-quimicos\/iluminacion\/iluminacion-de-piscina-astrolite\/","og_site_name":"AquaDepot, Inc.","article_modified_time":"2023-08-09T14:20:17+00:00","og_image":[{"width":1128,"height":1128,"url":"https:\/\/aquadepotinc.com\/wp-content\/uploads\/Astro-Lite.jpg","type":"image\/jpeg"}],"twitter_card":"summary_large_image","twitter_misc":{"Est. reading time":"1 minute"},"schema":{"@context":"https:\/\/schema.org","@graph":[{"@type":"WebPage","@id":"https:\/\/aquadepotinc.com\/productos\/piscinas-y-quimicos\/iluminacion\/iluminacion-de-piscina-astrolite\/","url":"https:\/\/aquadepotinc.com\/productos\/piscinas-y-quimicos\/iluminacion\/iluminacion-de-piscina-astrolite\/","name":"Iluminaci\u00f3n de piscina AstroLite\u2122 - AquaDepot, Inc.","isPartOf":{"@id":"\/#website"},"primaryImageOfPage":{"@id":"https:\/\/aquadepotinc.com\/productos\/piscinas-y-quimicos\/iluminacion\/iluminacion-de-piscina-astrolite\/#primaryimage"},"image":{"@id":"https:\/\/aquadepotinc.com\/productos\/piscinas-y-quimicos\/iluminacion\/iluminacion-de-piscina-astrolite\/#primaryimage"},"thumbnailUrl":"https:\/\/aquadepotinc.com\/wp-content\/uploads\/Astro-Lite.jpg","datePublished":"2022-03-18T17:22:52+00:00","dateModified":"2023-08-09T14:20:17+00:00","breadcrumb":{"@id":"https:\/\/aquadepotinc.com\/productos\/piscinas-y-quimicos\/iluminacion\/iluminacion-de-piscina-astrolite\/#breadcrumb"},"inLanguage":"en-US","potentialAction":[{"@type":"ReadAction","target":["https:\/\/aquadepotinc.com\/productos\/piscinas-y-quimicos\/iluminacion\/iluminacion-de-piscina-astrolite\/"]}]},{"@type":"ImageObject","inLanguage":"en-US","@id":"https:\/\/aquadepotinc.com\/productos\/piscinas-y-quimicos\/iluminacion\/iluminacion-de-piscina-astrolite\/#primaryimage","url":"https:\/\/aquadepotinc.com\/wp-content\/uploads\/Astro-Lite.jpg","contentUrl":"https:\/\/aquadepotinc.com\/wp-content\/uploads\/Astro-Lite.jpg","width":1128,"height":1128},{"@type":"BreadcrumbList","@id":"https:\/\/aquadepotinc.com\/productos\/piscinas-y-quimicos\/iluminacion\/iluminacion-de-piscina-astrolite\/#breadcrumb","itemListElement":[{"@type":"ListItem","position":1,"name":"Home","item":"https:\/\/aquadepotinc.com\/"},{"@type":"ListItem","position":2,"name":"Iluminaci\u00f3n de piscina AstroLite\u2122"}]},{"@type":"WebSite","@id":"\/#website","url":"\/","name":"AquaDepot, Inc.","description":"Distribuidora Mayorista Exportadora","potentialAction":[{"@type":"SearchAction","target":{"@type":"EntryPoint","urlTemplate":"\/?s={search_term_string}"},"query-input":{"@type":"PropertyValueSpecification","valueRequired":true,"valueName":"search_term_string"}}],"inLanguage":"en-US"}]}},"_links":{"self":[{"href":"https:\/\/aquadepotinc.com\/en\/wp-json\/wp\/v2\/product\/5701","targetHints":{"allow":["GET"]}}],"collection":[{"href":"https:\/\/aquadepotinc.com\/en\/wp-json\/wp\/v2\/product"}],"about":[{"href":"https:\/\/aquadepotinc.com\/en\/wp-json\/wp\/v2\/types\/product"}],"wp:featuredmedia":[{"embeddable":true,"href":"https:\/\/aquadepotinc.com\/en\/wp-json\/wp\/v2\/media\/5664"}],"wp:attachment":[{"href":"https:\/\/aquadepotinc.com\/en\/wp-json\/wp\/v2\/media?parent=5701"}],"wp:term":[{"taxonomy":"product_brand","embeddable":true,"href":"https:\/\/aquadepotinc.com\/en\/wp-json\/wp\/v2\/product_brand?post=5701"},{"taxonomy":"product_cat","embeddable":true,"href":"https:\/\/aquadepotinc.com\/en\/wp-json\/wp\/v2\/product_cat?post=5701"},{"taxonomy":"product_tag","embeddable":true,"href":"https:\/\/aquadepotinc.com\/en\/wp-json\/wp\/v2\/product_tag?post=5701"}],"curies":[{"name":"wp","href":"https:\/\/api.w.org\/{rel}","templated":true}]}}