{"id":6214,"date":"2022-06-03T12:03:49","date_gmt":"2022-06-03T17:03:49","guid":{"rendered":"http:\/\/aquadepotinc.com\/?post_type=product&#038;p=6214"},"modified":"2023-09-27T11:08:19","modified_gmt":"2023-09-27T17:08:19","slug":"tanques-c2-lite-cad","status":"publish","type":"product","link":"https:\/\/aquadepotinc.com\/en\/productos\/sistemas-de-bombeo\/tanques-de-presion\/tanques-c2-lite-cad\/","title":{"rendered":"C2-Lite CAD\u2122 Tanks"},"content":{"rendered":"<p>If you are looking for a tank with the proven performance of a GWS steel tank but with a lightweight fiber design, the C2-Lite CAD\u2122 series is the answer. Efficient and cost-effective, \nC2-Lite CAD\u2122 tanks are designed with the patented controlled action diaphragm system of GWS Challenger tanks. Unlike other composite tanks with outdated bag-in-plastic structures, the patented CAD-2 diaphragm design is more durable and will not break or suffer wear out.<\/p>\n<ul>\n<li>Patented CAD-2 controlled action diaphgram technology<\/li>\n<li>Unique three-piece body construction<\/li>\n<li>Reinforced plastic connection<\/li>\n<li>High-durability fiberglass fabric rolled and sealed with epoxy resin<\/li>\n<li>CE \/ PED, WRAS, ACS, ISO 9001, Evrazes Certified<\/li>\n<li>Compact Copolymer Polypropylene Base<\/li>\n<li>Bronze Air Valve Sealed with O-Ring<\/li>\n<li>Exclusive condensation-free design<\/li>\n<li>Thorough testing<\/li>\n<li>Maintenance free<\/li>\n<\/ul>","protected":false},"excerpt":{"rendered":"<p>Si est\u00e1 buscando un dep\u00f3sito con el rendimiento probado de un tanque de acero GWS pero con un dise\u00f1o ligero en fibra, la gama C2-Lite CAD\u2122 es la respuesta. Los eficientes y econ\u00f3micos tanques C2-Lite CAD\u2122 est\u00e1n dise\u00f1ados con el sistema patentado de diafragma de acci\u00f3n controladora de los tanques GWS Challenger. A diferencia de otros dep\u00f3sitos de fibra con &#8230; <\/p>\n<div><a href=\"https:\/\/aquadepotinc.com\/en\/productos\/sistemas-de-bombeo\/tanques-de-presion\/tanques-c2-lite-cad\/\" class=\"more-link\">Read More<\/a><\/div>","protected":false},"featured_media":6242,"template":"","meta":{"_acf_changed":false,"inline_featured_image":false},"product_brand":[],"product_cat":[1376,1371],"product_tag":[1568],"class_list":{"0":"post-6214","1":"product","2":"type-product","3":"status-publish","4":"has-post-thumbnail","6":"product_cat-tanques-de-presion","7":"product_cat-sistemas-de-bombeo","8":"product_tag-tanques-global-water-solutions","9":"pa_marca-globalwater-solutions","12":"first","13":"instock","14":"shipping-taxable","15":"product-type-simple"},"acf":[],"yoast_head":"<!-- This site is optimized with the Yoast SEO plugin v27.3 - https:\/\/yoast.com\/product\/yoast-seo-wordpress\/ -->\n<title>Tanques C2-Lite CAD\u2122 - AquaDepot, Inc.<\/title>\n<meta name=\"robots\" content=\"index, follow, max-snippet:-1, max-image-preview:large, max-video-preview:-1\" \/>\n<link rel=\"canonical\" href=\"https:\/\/aquadepotinc.com\/en\/productos\/sistemas-de-bombeo\/tanques-de-presion\/tanques-c2-lite-cad\/\" \/>\n<meta property=\"og:locale\" content=\"en_US\" \/>\n<meta property=\"og:type\" content=\"article\" \/>\n<meta property=\"og:title\" content=\"Tanques C2-Lite CAD\u2122 - AquaDepot, Inc.\" \/>\n<meta property=\"og:description\" content=\"Si est\u00e1 buscando un dep\u00f3sito con el rendimiento probado de un tanque de acero GWS pero con un dise\u00f1o ligero en fibra, la gama C2-Lite CAD\u2122 es la respuesta. Los eficientes y econ\u00f3micos tanques C2-Lite CAD\u2122 est\u00e1n dise\u00f1ados con el sistema patentado de diafragma de acci\u00f3n controladora de los tanques GWS Challenger. A diferencia de otros dep\u00f3sitos de fibra con ... Read More\" \/>\n<meta property=\"og:url\" content=\"https:\/\/aquadepotinc.com\/en\/productos\/sistemas-de-bombeo\/tanques-de-presion\/tanques-c2-lite-cad\/\" \/>\n<meta property=\"og:site_name\" content=\"AquaDepot, Inc.\" \/>\n<meta property=\"article:modified_time\" content=\"2023-09-27T17:08:19+00:00\" \/>\n<meta property=\"og:image\" content=\"https:\/\/aquadepotinc.com\/wp-content\/uploads\/C2-Lite-3.jpg\" \/>\n\t<meta property=\"og:image:width\" content=\"1128\" \/>\n\t<meta property=\"og:image:height\" content=\"1128\" \/>\n\t<meta property=\"og:image:type\" content=\"image\/jpeg\" \/>\n<meta name=\"twitter:card\" content=\"summary_large_image\" \/>\n<meta name=\"twitter:label1\" content=\"Est. reading time\" \/>\n\t<meta name=\"twitter:data1\" content=\"1 minute\" \/>\n<script type=\"application\/ld+json\" class=\"yoast-schema-graph\">{\"@context\":\"https:\\\/\\\/schema.org\",\"@graph\":[{\"@type\":\"WebPage\",\"@id\":\"https:\\\/\\\/aquadepotinc.com\\\/productos\\\/sistemas-de-bombeo\\\/tanques-de-presion\\\/tanques-c2-lite-cad\\\/\",\"url\":\"https:\\\/\\\/aquadepotinc.com\\\/productos\\\/sistemas-de-bombeo\\\/tanques-de-presion\\\/tanques-c2-lite-cad\\\/\",\"name\":\"Tanques C2-Lite CAD\u2122 - AquaDepot, Inc.\",\"isPartOf\":{\"@id\":\"\\\/#website\"},\"primaryImageOfPage\":{\"@id\":\"https:\\\/\\\/aquadepotinc.com\\\/productos\\\/sistemas-de-bombeo\\\/tanques-de-presion\\\/tanques-c2-lite-cad\\\/#primaryimage\"},\"image\":{\"@id\":\"https:\\\/\\\/aquadepotinc.com\\\/productos\\\/sistemas-de-bombeo\\\/tanques-de-presion\\\/tanques-c2-lite-cad\\\/#primaryimage\"},\"thumbnailUrl\":\"https:\\\/\\\/aquadepotinc.com\\\/wp-content\\\/uploads\\\/C2-Lite-3.jpg\",\"datePublished\":\"2022-06-03T17:03:49+00:00\",\"dateModified\":\"2023-09-27T17:08:19+00:00\",\"breadcrumb\":{\"@id\":\"https:\\\/\\\/aquadepotinc.com\\\/productos\\\/sistemas-de-bombeo\\\/tanques-de-presion\\\/tanques-c2-lite-cad\\\/#breadcrumb\"},\"inLanguage\":\"en-US\",\"potentialAction\":[{\"@type\":\"ReadAction\",\"target\":[\"https:\\\/\\\/aquadepotinc.com\\\/productos\\\/sistemas-de-bombeo\\\/tanques-de-presion\\\/tanques-c2-lite-cad\\\/\"]}]},{\"@type\":\"ImageObject\",\"inLanguage\":\"en-US\",\"@id\":\"https:\\\/\\\/aquadepotinc.com\\\/productos\\\/sistemas-de-bombeo\\\/tanques-de-presion\\\/tanques-c2-lite-cad\\\/#primaryimage\",\"url\":\"https:\\\/\\\/aquadepotinc.com\\\/wp-content\\\/uploads\\\/C2-Lite-3.jpg\",\"contentUrl\":\"https:\\\/\\\/aquadepotinc.com\\\/wp-content\\\/uploads\\\/C2-Lite-3.jpg\",\"width\":1128,\"height\":1128},{\"@type\":\"BreadcrumbList\",\"@id\":\"https:\\\/\\\/aquadepotinc.com\\\/productos\\\/sistemas-de-bombeo\\\/tanques-de-presion\\\/tanques-c2-lite-cad\\\/#breadcrumb\",\"itemListElement\":[{\"@type\":\"ListItem\",\"position\":1,\"name\":\"Home\",\"item\":\"https:\\\/\\\/aquadepotinc.com\\\/\"},{\"@type\":\"ListItem\",\"position\":2,\"name\":\"Tanques C2-Lite CAD\u2122\"}]},{\"@type\":\"WebSite\",\"@id\":\"\\\/#website\",\"url\":\"\\\/\",\"name\":\"AquaDepot, Inc.\",\"description\":\"Distribuidora Mayorista Exportadora\",\"potentialAction\":[{\"@type\":\"SearchAction\",\"target\":{\"@type\":\"EntryPoint\",\"urlTemplate\":\"\\\/?s={search_term_string}\"},\"query-input\":{\"@type\":\"PropertyValueSpecification\",\"valueRequired\":true,\"valueName\":\"search_term_string\"}}],\"inLanguage\":\"en-US\"}]}<\/script>\n<!-- \/ Yoast SEO plugin. -->","yoast_head_json":{"title":"Tanques C2-Lite CAD\u2122 - AquaDepot, Inc.","robots":{"index":"index","follow":"follow","max-snippet":"max-snippet:-1","max-image-preview":"max-image-preview:large","max-video-preview":"max-video-preview:-1"},"canonical":"https:\/\/aquadepotinc.com\/en\/productos\/sistemas-de-bombeo\/tanques-de-presion\/tanques-c2-lite-cad\/","og_locale":"en_US","og_type":"article","og_title":"Tanques C2-Lite CAD\u2122 - AquaDepot, Inc.","og_description":"Si est\u00e1 buscando un dep\u00f3sito con el rendimiento probado de un tanque de acero GWS pero con un dise\u00f1o ligero en fibra, la gama C2-Lite CAD\u2122 es la respuesta. Los eficientes y econ\u00f3micos tanques C2-Lite CAD\u2122 est\u00e1n dise\u00f1ados con el sistema patentado de diafragma de acci\u00f3n controladora de los tanques GWS Challenger. A diferencia de otros dep\u00f3sitos de fibra con ... Read More","og_url":"https:\/\/aquadepotinc.com\/en\/productos\/sistemas-de-bombeo\/tanques-de-presion\/tanques-c2-lite-cad\/","og_site_name":"AquaDepot, Inc.","article_modified_time":"2023-09-27T17:08:19+00:00","og_image":[{"width":1128,"height":1128,"url":"https:\/\/aquadepotinc.com\/wp-content\/uploads\/C2-Lite-3.jpg","type":"image\/jpeg"}],"twitter_card":"summary_large_image","twitter_misc":{"Est. reading time":"1 minute"},"schema":{"@context":"https:\/\/schema.org","@graph":[{"@type":"WebPage","@id":"https:\/\/aquadepotinc.com\/productos\/sistemas-de-bombeo\/tanques-de-presion\/tanques-c2-lite-cad\/","url":"https:\/\/aquadepotinc.com\/productos\/sistemas-de-bombeo\/tanques-de-presion\/tanques-c2-lite-cad\/","name":"Tanques C2-Lite CAD\u2122 - AquaDepot, Inc.","isPartOf":{"@id":"\/#website"},"primaryImageOfPage":{"@id":"https:\/\/aquadepotinc.com\/productos\/sistemas-de-bombeo\/tanques-de-presion\/tanques-c2-lite-cad\/#primaryimage"},"image":{"@id":"https:\/\/aquadepotinc.com\/productos\/sistemas-de-bombeo\/tanques-de-presion\/tanques-c2-lite-cad\/#primaryimage"},"thumbnailUrl":"https:\/\/aquadepotinc.com\/wp-content\/uploads\/C2-Lite-3.jpg","datePublished":"2022-06-03T17:03:49+00:00","dateModified":"2023-09-27T17:08:19+00:00","breadcrumb":{"@id":"https:\/\/aquadepotinc.com\/productos\/sistemas-de-bombeo\/tanques-de-presion\/tanques-c2-lite-cad\/#breadcrumb"},"inLanguage":"en-US","potentialAction":[{"@type":"ReadAction","target":["https:\/\/aquadepotinc.com\/productos\/sistemas-de-bombeo\/tanques-de-presion\/tanques-c2-lite-cad\/"]}]},{"@type":"ImageObject","inLanguage":"en-US","@id":"https:\/\/aquadepotinc.com\/productos\/sistemas-de-bombeo\/tanques-de-presion\/tanques-c2-lite-cad\/#primaryimage","url":"https:\/\/aquadepotinc.com\/wp-content\/uploads\/C2-Lite-3.jpg","contentUrl":"https:\/\/aquadepotinc.com\/wp-content\/uploads\/C2-Lite-3.jpg","width":1128,"height":1128},{"@type":"BreadcrumbList","@id":"https:\/\/aquadepotinc.com\/productos\/sistemas-de-bombeo\/tanques-de-presion\/tanques-c2-lite-cad\/#breadcrumb","itemListElement":[{"@type":"ListItem","position":1,"name":"Home","item":"https:\/\/aquadepotinc.com\/"},{"@type":"ListItem","position":2,"name":"Tanques C2-Lite CAD\u2122"}]},{"@type":"WebSite","@id":"\/#website","url":"\/","name":"AquaDepot, Inc.","description":"Distribuidora Mayorista Exportadora","potentialAction":[{"@type":"SearchAction","target":{"@type":"EntryPoint","urlTemplate":"\/?s={search_term_string}"},"query-input":{"@type":"PropertyValueSpecification","valueRequired":true,"valueName":"search_term_string"}}],"inLanguage":"en-US"}]}},"_links":{"self":[{"href":"https:\/\/aquadepotinc.com\/en\/wp-json\/wp\/v2\/product\/6214","targetHints":{"allow":["GET"]}}],"collection":[{"href":"https:\/\/aquadepotinc.com\/en\/wp-json\/wp\/v2\/product"}],"about":[{"href":"https:\/\/aquadepotinc.com\/en\/wp-json\/wp\/v2\/types\/product"}],"wp:featuredmedia":[{"embeddable":true,"href":"https:\/\/aquadepotinc.com\/en\/wp-json\/wp\/v2\/media\/6242"}],"wp:attachment":[{"href":"https:\/\/aquadepotinc.com\/en\/wp-json\/wp\/v2\/media?parent=6214"}],"wp:term":[{"taxonomy":"product_brand","embeddable":true,"href":"https:\/\/aquadepotinc.com\/en\/wp-json\/wp\/v2\/product_brand?post=6214"},{"taxonomy":"product_cat","embeddable":true,"href":"https:\/\/aquadepotinc.com\/en\/wp-json\/wp\/v2\/product_cat?post=6214"},{"taxonomy":"product_tag","embeddable":true,"href":"https:\/\/aquadepotinc.com\/en\/wp-json\/wp\/v2\/product_tag?post=6214"}],"curies":[{"name":"wp","href":"https:\/\/api.w.org\/{rel}","templated":true}]}}