{"id":6480,"date":"2022-06-20T11:41:22","date_gmt":"2022-06-20T16:41:22","guid":{"rendered":"http:\/\/aquadepotinc.com\/?post_type=product&#038;p=6480"},"modified":"2023-03-02T11:51:16","modified_gmt":"2023-03-02T17:51:16","slug":"bomba-sumergible-dominator","status":"publish","type":"product","link":"https:\/\/aquadepotinc.com\/en\/productos\/sistemas-de-bombeo\/bombas-sumergibles-para-pozo\/bomba-sumergible-dominator\/","title":{"rendered":"Dominator Submersible Pump"},"content":{"rendered":"<p>The Dominator submersible pump is designed to operate in cisterns. It is a highly versatile pump that delivers high head pressure. Ideal for residential and light commercial hydro-pneumatic systems, water transfer systems, residential irrigation, and can be an excellent option when combined with frequency converters to create constant pressure systems<\/p>\n<p>&nbsp;<\/p>\n<p>1 1\/4\u2033 Discharge<br \/>\n6-stage impellers in Acetal<br \/>\nPolycarbonate diffusers with ceramic insert<br \/>\n304 Stainless Steel Housing<br \/>\nShaft: Hexagonal type, 303 stainless steel<br \/>\nMotor: Single-phase, 2 wires, 3450 RPM, 60 Hz<\/p>","protected":false},"excerpt":{"rendered":"<p>La bomba sumergible Dominator est\u00e1 dise\u00f1ada para operar en cisternas, Es una bomba muy variable que entrega altas cargas. Ideal para sistemas hidroneum\u00e1ticos residenciales y comercial ligero, sistemas de transferencias de agua, riego residenciales y puede ser una excelente opcion para trabajar combinados con variadores de frecuencia y crear sistemas de presi\u00f3n constante &nbsp; Descarga 1 1\/4&#8243; Impusores 6 etapas &#8230; <\/p>\n<div><a href=\"https:\/\/aquadepotinc.com\/en\/productos\/sistemas-de-bombeo\/bombas-sumergibles-para-pozo\/bomba-sumergible-dominator\/\" class=\"more-link\">Read More<\/a><\/div>","protected":false},"featured_media":0,"template":"","meta":{"_acf_changed":false,"inline_featured_image":false},"product_brand":[],"product_cat":[1371,1378],"product_tag":[],"class_list":{"0":"post-6480","1":"product","2":"type-product","3":"status-publish","5":"product_cat-sistemas-de-bombeo","6":"product_cat-bombas-sumergibles-para-pozo","7":"no-post-thumbnail","9":"first","10":"instock","11":"shipping-taxable","12":"product-type-simple"},"acf":[],"yoast_head":"<!-- This site is optimized with the Yoast SEO plugin v27.5 - https:\/\/yoast.com\/product\/yoast-seo-wordpress\/ -->\n<title>Bomba Sumergible Dominator - AquaDepot, Inc.<\/title>\n<meta name=\"robots\" content=\"index, follow, max-snippet:-1, max-image-preview:large, max-video-preview:-1\" \/>\n<link rel=\"canonical\" href=\"https:\/\/aquadepotinc.com\/en\/productos\/sistemas-de-bombeo\/bombas-sumergibles-para-pozo\/bomba-sumergible-dominator\/\" \/>\n<meta property=\"og:locale\" content=\"en_US\" \/>\n<meta property=\"og:type\" content=\"article\" \/>\n<meta property=\"og:title\" content=\"Bomba Sumergible Dominator - AquaDepot, Inc.\" \/>\n<meta property=\"og:description\" content=\"La bomba sumergible Dominator est\u00e1 dise\u00f1ada para operar en cisternas, Es una bomba muy variable que entrega altas cargas. Ideal para sistemas hidroneum\u00e1ticos residenciales y comercial ligero, sistemas de transferencias de agua, riego residenciales y puede ser una excelente opcion para trabajar combinados con variadores de frecuencia y crear sistemas de presi\u00f3n constante &nbsp; Descarga 1 1\/4&#8243; Impusores 6 etapas ... Read More\" \/>\n<meta property=\"og:url\" content=\"https:\/\/aquadepotinc.com\/en\/productos\/sistemas-de-bombeo\/bombas-sumergibles-para-pozo\/bomba-sumergible-dominator\/\" \/>\n<meta property=\"og:site_name\" content=\"AquaDepot, Inc.\" \/>\n<meta property=\"article:modified_time\" content=\"2023-03-02T17:51:16+00:00\" \/>\n<meta name=\"twitter:card\" content=\"summary_large_image\" \/>\n<meta name=\"twitter:label1\" content=\"Est. reading time\" \/>\n\t<meta name=\"twitter:data1\" content=\"1 minute\" \/>\n<script type=\"application\/ld+json\" class=\"yoast-schema-graph\">{\"@context\":\"https:\\\/\\\/schema.org\",\"@graph\":[{\"@type\":\"WebPage\",\"@id\":\"https:\\\/\\\/aquadepotinc.com\\\/en\\\/productos\\\/sistemas-de-bombeo\\\/bombas-sumergibles-para-pozo\\\/bomba-sumergible-dominator\\\/\",\"url\":\"https:\\\/\\\/aquadepotinc.com\\\/en\\\/productos\\\/sistemas-de-bombeo\\\/bombas-sumergibles-para-pozo\\\/bomba-sumergible-dominator\\\/\",\"name\":\"Bomba Sumergible Dominator - AquaDepot, Inc.\",\"isPartOf\":{\"@id\":\"\\\/#website\"},\"datePublished\":\"2022-06-20T16:41:22+00:00\",\"dateModified\":\"2023-03-02T17:51:16+00:00\",\"breadcrumb\":{\"@id\":\"https:\\\/\\\/aquadepotinc.com\\\/en\\\/productos\\\/sistemas-de-bombeo\\\/bombas-sumergibles-para-pozo\\\/bomba-sumergible-dominator\\\/#breadcrumb\"},\"inLanguage\":\"en-US\",\"potentialAction\":[{\"@type\":\"ReadAction\",\"target\":[\"https:\\\/\\\/aquadepotinc.com\\\/en\\\/productos\\\/sistemas-de-bombeo\\\/bombas-sumergibles-para-pozo\\\/bomba-sumergible-dominator\\\/\"]}]},{\"@type\":\"BreadcrumbList\",\"@id\":\"https:\\\/\\\/aquadepotinc.com\\\/en\\\/productos\\\/sistemas-de-bombeo\\\/bombas-sumergibles-para-pozo\\\/bomba-sumergible-dominator\\\/#breadcrumb\",\"itemListElement\":[{\"@type\":\"ListItem\",\"position\":1,\"name\":\"Home\",\"item\":\"https:\\\/\\\/aquadepotinc.com\\\/\"},{\"@type\":\"ListItem\",\"position\":2,\"name\":\"Bomba Sumergible Dominator\"}]},{\"@type\":\"WebSite\",\"@id\":\"\\\/#website\",\"url\":\"\\\/\",\"name\":\"AquaDepot, Inc.\",\"description\":\"Distribuidora Mayorista Exportadora\",\"potentialAction\":[{\"@type\":\"SearchAction\",\"target\":{\"@type\":\"EntryPoint\",\"urlTemplate\":\"\\\/?s={search_term_string}\"},\"query-input\":{\"@type\":\"PropertyValueSpecification\",\"valueRequired\":true,\"valueName\":\"search_term_string\"}}],\"inLanguage\":\"en-US\"}]}<\/script>\n<!-- \/ Yoast SEO plugin. -->","yoast_head_json":{"title":"Bomba Sumergible Dominator - AquaDepot, Inc.","robots":{"index":"index","follow":"follow","max-snippet":"max-snippet:-1","max-image-preview":"max-image-preview:large","max-video-preview":"max-video-preview:-1"},"canonical":"https:\/\/aquadepotinc.com\/en\/productos\/sistemas-de-bombeo\/bombas-sumergibles-para-pozo\/bomba-sumergible-dominator\/","og_locale":"en_US","og_type":"article","og_title":"Bomba Sumergible Dominator - AquaDepot, Inc.","og_description":"La bomba sumergible Dominator est\u00e1 dise\u00f1ada para operar en cisternas, Es una bomba muy variable que entrega altas cargas. Ideal para sistemas hidroneum\u00e1ticos residenciales y comercial ligero, sistemas de transferencias de agua, riego residenciales y puede ser una excelente opcion para trabajar combinados con variadores de frecuencia y crear sistemas de presi\u00f3n constante &nbsp; Descarga 1 1\/4&#8243; Impusores 6 etapas ... Read More","og_url":"https:\/\/aquadepotinc.com\/en\/productos\/sistemas-de-bombeo\/bombas-sumergibles-para-pozo\/bomba-sumergible-dominator\/","og_site_name":"AquaDepot, Inc.","article_modified_time":"2023-03-02T17:51:16+00:00","twitter_card":"summary_large_image","twitter_misc":{"Est. reading time":"1 minute"},"schema":{"@context":"https:\/\/schema.org","@graph":[{"@type":"WebPage","@id":"https:\/\/aquadepotinc.com\/en\/productos\/sistemas-de-bombeo\/bombas-sumergibles-para-pozo\/bomba-sumergible-dominator\/","url":"https:\/\/aquadepotinc.com\/en\/productos\/sistemas-de-bombeo\/bombas-sumergibles-para-pozo\/bomba-sumergible-dominator\/","name":"Bomba Sumergible Dominator - AquaDepot, Inc.","isPartOf":{"@id":"\/#website"},"datePublished":"2022-06-20T16:41:22+00:00","dateModified":"2023-03-02T17:51:16+00:00","breadcrumb":{"@id":"https:\/\/aquadepotinc.com\/en\/productos\/sistemas-de-bombeo\/bombas-sumergibles-para-pozo\/bomba-sumergible-dominator\/#breadcrumb"},"inLanguage":"en-US","potentialAction":[{"@type":"ReadAction","target":["https:\/\/aquadepotinc.com\/en\/productos\/sistemas-de-bombeo\/bombas-sumergibles-para-pozo\/bomba-sumergible-dominator\/"]}]},{"@type":"BreadcrumbList","@id":"https:\/\/aquadepotinc.com\/en\/productos\/sistemas-de-bombeo\/bombas-sumergibles-para-pozo\/bomba-sumergible-dominator\/#breadcrumb","itemListElement":[{"@type":"ListItem","position":1,"name":"Home","item":"https:\/\/aquadepotinc.com\/"},{"@type":"ListItem","position":2,"name":"Bomba Sumergible Dominator"}]},{"@type":"WebSite","@id":"\/#website","url":"\/","name":"AquaDepot, Inc.","description":"Distribuidora Mayorista Exportadora","potentialAction":[{"@type":"SearchAction","target":{"@type":"EntryPoint","urlTemplate":"\/?s={search_term_string}"},"query-input":{"@type":"PropertyValueSpecification","valueRequired":true,"valueName":"search_term_string"}}],"inLanguage":"en-US"}]}},"_links":{"self":[{"href":"https:\/\/aquadepotinc.com\/en\/wp-json\/wp\/v2\/product\/6480","targetHints":{"allow":["GET"]}}],"collection":[{"href":"https:\/\/aquadepotinc.com\/en\/wp-json\/wp\/v2\/product"}],"about":[{"href":"https:\/\/aquadepotinc.com\/en\/wp-json\/wp\/v2\/types\/product"}],"wp:attachment":[{"href":"https:\/\/aquadepotinc.com\/en\/wp-json\/wp\/v2\/media?parent=6480"}],"wp:term":[{"taxonomy":"product_brand","embeddable":true,"href":"https:\/\/aquadepotinc.com\/en\/wp-json\/wp\/v2\/product_brand?post=6480"},{"taxonomy":"product_cat","embeddable":true,"href":"https:\/\/aquadepotinc.com\/en\/wp-json\/wp\/v2\/product_cat?post=6480"},{"taxonomy":"product_tag","embeddable":true,"href":"https:\/\/aquadepotinc.com\/en\/wp-json\/wp\/v2\/product_tag?post=6480"}],"curies":[{"name":"wp","href":"https:\/\/api.w.org\/{rel}","templated":true}]}}