{"id":7165,"date":"2022-08-08T12:35:32","date_gmt":"2022-08-08T17:35:32","guid":{"rendered":"http:\/\/aquadepotinc.com\/?post_type=product&#038;p=7165"},"modified":"2023-09-28T10:00:05","modified_gmt":"2023-09-28T16:00:05","slug":"generador-de-cloro-claripur","status":"publish","type":"product","link":"https:\/\/aquadepotinc.com\/en\/productos\/piscinas-y-quimicos\/automatizacion\/generador-de-cloro-claripur\/","title":{"rendered":"Claripur Chlorine Generator"},"content":{"rendered":"<p>The CLARIPUR Chlorine Generator has high efficiency for pool chlorination.<\/p>\n<p>CLARIPUR uses high-purity SALT (NaCl) to produce CHLORINE directly in your pool, making the chlorine dosing process automated, eco-friendly, practical, cost-effective, efficient, and safe.<\/p>\n<p>Models Available:<br \/>\n\u2022 CLARIPUR SG20 \u2013 20g\/h for pools up to 65m\u00b3<br \/>\n\u2022 CLARIPUR SG35 \u2013 35g\/h for pools up to 115m\u00b3<br \/>\n*8 hours -- 100% generation<\/p>\n<p>Benefits:<br \/>\n\u2022 Easy setup.<br \/>\n\u2022 SELF-CLEANING system for cell maintenance, preventing calcium buildup.<br \/>\n\u2022 TURBO function for super chlorination.<br \/>\n\u2022 Long lifespan of titanium cells.<br \/>\n\u2022 2\u201d connection.<\/p>\n<p>Dimensions<br \/>\n38x24x27 cm.<br \/>\nApproximate weight<br \/>\n3Kg.<\/p>","protected":false},"excerpt":{"rendered":"<p>El Generador de Cloro CLARIPUR tiene una alta eficiencia para la cloraci\u00f3n de piscinas. CLARIPUR utiliza SAL (NaCl) de alta pureza para producir CLORO directamente en su piscina, esto hace que el proceso de dosificaci\u00f3n de cloro sea automatizado, ecol\u00f3gico, pr\u00e1ctico, econ\u00f3mico, eficiente y seguro. Modelos Disponibles: \u2022 CLARIPUR SG20 &#8211; 20g\/h para piscinas de hasta 65m\u00b3 \u2022 CLARIPUR SG35 &#8230; <\/p>\n<div><a href=\"https:\/\/aquadepotinc.com\/en\/productos\/piscinas-y-quimicos\/automatizacion\/generador-de-cloro-claripur\/\" class=\"more-link\">Read More<\/a><\/div>","protected":false},"featured_media":7211,"template":"","meta":{"_acf_changed":false,"inline_featured_image":false},"product_brand":[],"product_cat":[1369,232,15,222],"product_tag":[1557,1558,111,1537],"class_list":{"0":"post-7165","1":"product","2":"type-product","3":"status-publish","4":"has-post-thumbnail","6":"product_cat-piscinas-y-quimicos","7":"product_cat-cloradores","8":"product_cat-nuevos","9":"product_cat-automatizacion","10":"product_tag-generador-de-cloro","11":"product_tag-sal","12":"product_tag-sibrape","13":"product_tag-generador","14":"pa_marca-sibrape","17":"first","18":"instock","19":"shipping-taxable","20":"product-type-simple"},"acf":[],"yoast_head":"<!-- This site is optimized with the Yoast SEO plugin v27.5 - https:\/\/yoast.com\/product\/yoast-seo-wordpress\/ -->\n<title>Generador de Cloro Claripur - AquaDepot, Inc.<\/title>\n<meta name=\"robots\" content=\"index, follow, max-snippet:-1, max-image-preview:large, max-video-preview:-1\" \/>\n<link rel=\"canonical\" href=\"https:\/\/aquadepotinc.com\/en\/productos\/piscinas-y-quimicos\/automatizacion\/generador-de-cloro-claripur\/\" \/>\n<meta property=\"og:locale\" content=\"en_US\" \/>\n<meta property=\"og:type\" content=\"article\" \/>\n<meta property=\"og:title\" content=\"Generador de Cloro Claripur - AquaDepot, Inc.\" \/>\n<meta property=\"og:description\" content=\"El Generador de Cloro CLARIPUR tiene una alta eficiencia para la cloraci\u00f3n de piscinas. CLARIPUR utiliza SAL (NaCl) de alta pureza para producir CLORO directamente en su piscina, esto hace que el proceso de dosificaci\u00f3n de cloro sea automatizado, ecol\u00f3gico, pr\u00e1ctico, econ\u00f3mico, eficiente y seguro. Modelos Disponibles: \u2022 CLARIPUR SG20 &#8211; 20g\/h para piscinas de hasta 65m\u00b3 \u2022 CLARIPUR SG35 ... Read More\" \/>\n<meta property=\"og:url\" content=\"https:\/\/aquadepotinc.com\/en\/productos\/piscinas-y-quimicos\/automatizacion\/generador-de-cloro-claripur\/\" \/>\n<meta property=\"og:site_name\" content=\"AquaDepot, Inc.\" \/>\n<meta property=\"article:modified_time\" content=\"2023-09-28T16:00:05+00:00\" \/>\n<meta property=\"og:image\" content=\"https:\/\/aquadepotinc.com\/wp-content\/uploads\/Claripur-Sibrape.jpg\" \/>\n\t<meta property=\"og:image:width\" content=\"1128\" \/>\n\t<meta property=\"og:image:height\" content=\"1128\" \/>\n\t<meta property=\"og:image:type\" content=\"image\/jpeg\" \/>\n<meta name=\"twitter:card\" content=\"summary_large_image\" \/>\n<meta name=\"twitter:label1\" content=\"Est. reading time\" \/>\n\t<meta name=\"twitter:data1\" content=\"1 minute\" \/>\n<script type=\"application\/ld+json\" class=\"yoast-schema-graph\">{\"@context\":\"https:\\\/\\\/schema.org\",\"@graph\":[{\"@type\":\"WebPage\",\"@id\":\"https:\\\/\\\/aquadepotinc.com\\\/en\\\/productos\\\/piscinas-y-quimicos\\\/automatizacion\\\/generador-de-cloro-claripur\\\/\",\"url\":\"https:\\\/\\\/aquadepotinc.com\\\/en\\\/productos\\\/piscinas-y-quimicos\\\/automatizacion\\\/generador-de-cloro-claripur\\\/\",\"name\":\"Generador de Cloro Claripur - AquaDepot, Inc.\",\"isPartOf\":{\"@id\":\"\\\/#website\"},\"primaryImageOfPage\":{\"@id\":\"https:\\\/\\\/aquadepotinc.com\\\/en\\\/productos\\\/piscinas-y-quimicos\\\/automatizacion\\\/generador-de-cloro-claripur\\\/#primaryimage\"},\"image\":{\"@id\":\"https:\\\/\\\/aquadepotinc.com\\\/en\\\/productos\\\/piscinas-y-quimicos\\\/automatizacion\\\/generador-de-cloro-claripur\\\/#primaryimage\"},\"thumbnailUrl\":\"https:\\\/\\\/aquadepotinc.com\\\/wp-content\\\/uploads\\\/Claripur-Sibrape.jpg\",\"datePublished\":\"2022-08-08T17:35:32+00:00\",\"dateModified\":\"2023-09-28T16:00:05+00:00\",\"breadcrumb\":{\"@id\":\"https:\\\/\\\/aquadepotinc.com\\\/en\\\/productos\\\/piscinas-y-quimicos\\\/automatizacion\\\/generador-de-cloro-claripur\\\/#breadcrumb\"},\"inLanguage\":\"en-US\",\"potentialAction\":[{\"@type\":\"ReadAction\",\"target\":[\"https:\\\/\\\/aquadepotinc.com\\\/en\\\/productos\\\/piscinas-y-quimicos\\\/automatizacion\\\/generador-de-cloro-claripur\\\/\"]}]},{\"@type\":\"ImageObject\",\"inLanguage\":\"en-US\",\"@id\":\"https:\\\/\\\/aquadepotinc.com\\\/en\\\/productos\\\/piscinas-y-quimicos\\\/automatizacion\\\/generador-de-cloro-claripur\\\/#primaryimage\",\"url\":\"https:\\\/\\\/aquadepotinc.com\\\/wp-content\\\/uploads\\\/Claripur-Sibrape.jpg\",\"contentUrl\":\"https:\\\/\\\/aquadepotinc.com\\\/wp-content\\\/uploads\\\/Claripur-Sibrape.jpg\",\"width\":1128,\"height\":1128},{\"@type\":\"BreadcrumbList\",\"@id\":\"https:\\\/\\\/aquadepotinc.com\\\/en\\\/productos\\\/piscinas-y-quimicos\\\/automatizacion\\\/generador-de-cloro-claripur\\\/#breadcrumb\",\"itemListElement\":[{\"@type\":\"ListItem\",\"position\":1,\"name\":\"Home\",\"item\":\"https:\\\/\\\/aquadepotinc.com\\\/\"},{\"@type\":\"ListItem\",\"position\":2,\"name\":\"Generador de Cloro Claripur\"}]},{\"@type\":\"WebSite\",\"@id\":\"\\\/#website\",\"url\":\"\\\/\",\"name\":\"AquaDepot, Inc.\",\"description\":\"Distribuidora Mayorista Exportadora\",\"potentialAction\":[{\"@type\":\"SearchAction\",\"target\":{\"@type\":\"EntryPoint\",\"urlTemplate\":\"\\\/?s={search_term_string}\"},\"query-input\":{\"@type\":\"PropertyValueSpecification\",\"valueRequired\":true,\"valueName\":\"search_term_string\"}}],\"inLanguage\":\"en-US\"}]}<\/script>\n<!-- \/ Yoast SEO plugin. -->","yoast_head_json":{"title":"Generador de Cloro Claripur - AquaDepot, Inc.","robots":{"index":"index","follow":"follow","max-snippet":"max-snippet:-1","max-image-preview":"max-image-preview:large","max-video-preview":"max-video-preview:-1"},"canonical":"https:\/\/aquadepotinc.com\/en\/productos\/piscinas-y-quimicos\/automatizacion\/generador-de-cloro-claripur\/","og_locale":"en_US","og_type":"article","og_title":"Generador de Cloro Claripur - AquaDepot, Inc.","og_description":"El Generador de Cloro CLARIPUR tiene una alta eficiencia para la cloraci\u00f3n de piscinas. CLARIPUR utiliza SAL (NaCl) de alta pureza para producir CLORO directamente en su piscina, esto hace que el proceso de dosificaci\u00f3n de cloro sea automatizado, ecol\u00f3gico, pr\u00e1ctico, econ\u00f3mico, eficiente y seguro. Modelos Disponibles: \u2022 CLARIPUR SG20 &#8211; 20g\/h para piscinas de hasta 65m\u00b3 \u2022 CLARIPUR SG35 ... Read More","og_url":"https:\/\/aquadepotinc.com\/en\/productos\/piscinas-y-quimicos\/automatizacion\/generador-de-cloro-claripur\/","og_site_name":"AquaDepot, Inc.","article_modified_time":"2023-09-28T16:00:05+00:00","og_image":[{"width":1128,"height":1128,"url":"https:\/\/aquadepotinc.com\/wp-content\/uploads\/Claripur-Sibrape.jpg","type":"image\/jpeg"}],"twitter_card":"summary_large_image","twitter_misc":{"Est. reading time":"1 minute"},"schema":{"@context":"https:\/\/schema.org","@graph":[{"@type":"WebPage","@id":"https:\/\/aquadepotinc.com\/en\/productos\/piscinas-y-quimicos\/automatizacion\/generador-de-cloro-claripur\/","url":"https:\/\/aquadepotinc.com\/en\/productos\/piscinas-y-quimicos\/automatizacion\/generador-de-cloro-claripur\/","name":"Generador de Cloro Claripur - AquaDepot, Inc.","isPartOf":{"@id":"\/#website"},"primaryImageOfPage":{"@id":"https:\/\/aquadepotinc.com\/en\/productos\/piscinas-y-quimicos\/automatizacion\/generador-de-cloro-claripur\/#primaryimage"},"image":{"@id":"https:\/\/aquadepotinc.com\/en\/productos\/piscinas-y-quimicos\/automatizacion\/generador-de-cloro-claripur\/#primaryimage"},"thumbnailUrl":"https:\/\/aquadepotinc.com\/wp-content\/uploads\/Claripur-Sibrape.jpg","datePublished":"2022-08-08T17:35:32+00:00","dateModified":"2023-09-28T16:00:05+00:00","breadcrumb":{"@id":"https:\/\/aquadepotinc.com\/en\/productos\/piscinas-y-quimicos\/automatizacion\/generador-de-cloro-claripur\/#breadcrumb"},"inLanguage":"en-US","potentialAction":[{"@type":"ReadAction","target":["https:\/\/aquadepotinc.com\/en\/productos\/piscinas-y-quimicos\/automatizacion\/generador-de-cloro-claripur\/"]}]},{"@type":"ImageObject","inLanguage":"en-US","@id":"https:\/\/aquadepotinc.com\/en\/productos\/piscinas-y-quimicos\/automatizacion\/generador-de-cloro-claripur\/#primaryimage","url":"https:\/\/aquadepotinc.com\/wp-content\/uploads\/Claripur-Sibrape.jpg","contentUrl":"https:\/\/aquadepotinc.com\/wp-content\/uploads\/Claripur-Sibrape.jpg","width":1128,"height":1128},{"@type":"BreadcrumbList","@id":"https:\/\/aquadepotinc.com\/en\/productos\/piscinas-y-quimicos\/automatizacion\/generador-de-cloro-claripur\/#breadcrumb","itemListElement":[{"@type":"ListItem","position":1,"name":"Home","item":"https:\/\/aquadepotinc.com\/"},{"@type":"ListItem","position":2,"name":"Generador de Cloro Claripur"}]},{"@type":"WebSite","@id":"\/#website","url":"\/","name":"AquaDepot, Inc.","description":"Distribuidora Mayorista Exportadora","potentialAction":[{"@type":"SearchAction","target":{"@type":"EntryPoint","urlTemplate":"\/?s={search_term_string}"},"query-input":{"@type":"PropertyValueSpecification","valueRequired":true,"valueName":"search_term_string"}}],"inLanguage":"en-US"}]}},"_links":{"self":[{"href":"https:\/\/aquadepotinc.com\/en\/wp-json\/wp\/v2\/product\/7165","targetHints":{"allow":["GET"]}}],"collection":[{"href":"https:\/\/aquadepotinc.com\/en\/wp-json\/wp\/v2\/product"}],"about":[{"href":"https:\/\/aquadepotinc.com\/en\/wp-json\/wp\/v2\/types\/product"}],"wp:featuredmedia":[{"embeddable":true,"href":"https:\/\/aquadepotinc.com\/en\/wp-json\/wp\/v2\/media\/7211"}],"wp:attachment":[{"href":"https:\/\/aquadepotinc.com\/en\/wp-json\/wp\/v2\/media?parent=7165"}],"wp:term":[{"taxonomy":"product_brand","embeddable":true,"href":"https:\/\/aquadepotinc.com\/en\/wp-json\/wp\/v2\/product_brand?post=7165"},{"taxonomy":"product_cat","embeddable":true,"href":"https:\/\/aquadepotinc.com\/en\/wp-json\/wp\/v2\/product_cat?post=7165"},{"taxonomy":"product_tag","embeddable":true,"href":"https:\/\/aquadepotinc.com\/en\/wp-json\/wp\/v2\/product_tag?post=7165"}],"curies":[{"name":"wp","href":"https:\/\/api.w.org\/{rel}","templated":true}]}}