{"id":7276,"date":"2022-08-18T12:44:48","date_gmt":"2022-08-18T17:44:48","guid":{"rendered":"http:\/\/aquadepotinc.com\/?post_type=product&#038;p=7276"},"modified":"2023-07-13T11:26:33","modified_gmt":"2023-07-13T17:26:33","slug":"bomba-superflovst","status":"publish","type":"product","link":"https:\/\/aquadepotinc.com\/en\/productos\/piscinas-y-quimicos\/motobombas\/bomba-superflovst\/","title":{"rendered":"SuperFlo\u00ae VST Pool Pump"},"content":{"rendered":"<p>The SuperFlo\u00ae VST Variable Speed Pool Pump is the ideal choice for pool ownerswho want the best option as the heart of their pool\u00b4s circulation system. Its reputation for savings and reliability comes from Pentair, the pioneering company in variable speed pool pumps that continues to lead in variable speed innovations.<\/p>","protected":false},"excerpt":{"rendered":"<p>The SuperFlo\u00ae VST Variable Speed Pool Pump is the ideal choice for pool ownerswho want the best option as the heart of their pool\u00b4s circulation system. Its reputation for savings and reliability comes from Pentair, the pioneering company in variable speed pool pumps that continues to lead in variable speed innovations.<\/p>","protected":false},"featured_media":7341,"template":"","meta":{"_acf_changed":false,"inline_featured_image":false},"product_brand":[],"product_cat":[37,146],"product_tag":[200,202,204,1459,1622],"class_list":{"0":"post-7276","1":"product","2":"type-product","3":"status-publish","4":"has-post-thumbnail","6":"product_cat-motobombas-residenciales","7":"product_cat-motobombas","8":"product_tag-pentair","9":"product_tag-bomba","10":"product_tag-superflo","11":"product_tag-motobomba","12":"product_tag-superflo-vst","13":"pa_marca-pentair","16":"first","17":"instock","18":"featured","19":"shipping-taxable","20":"product-type-simple"},"acf":[],"yoast_head":"<!-- This site is optimized with the Yoast SEO plugin v27.3 - https:\/\/yoast.com\/product\/yoast-seo-wordpress\/ -->\n<title>Motobomba SuperFlo\u00ae VST - AquaDepot, Inc.<\/title>\n<meta name=\"robots\" content=\"index, follow, max-snippet:-1, max-image-preview:large, max-video-preview:-1\" \/>\n<link rel=\"canonical\" href=\"https:\/\/aquadepotinc.com\/en\/productos\/piscinas-y-quimicos\/motobombas\/bomba-superflovst\/\" \/>\n<meta property=\"og:locale\" content=\"en_US\" \/>\n<meta property=\"og:type\" content=\"article\" \/>\n<meta property=\"og:title\" content=\"Motobomba SuperFlo\u00ae VST - AquaDepot, Inc.\" \/>\n<meta property=\"og:description\" content=\"La Bomba de Velocidad Variable SuperFlo VST es la opci\u00f3n ideal para los propietarios de piscinas que desean la mejor opci\u00f3n como coraz\u00f3n del sistema circulatorio de su piscina. Su prestigio de ahorro y confiabilidad proviene de Pentair, la empresa pionera en bombas para piscinas de velocidad variable y que contin\u00faa como l\u00edder en innovaciones de velocidad variable.\" \/>\n<meta property=\"og:url\" content=\"https:\/\/aquadepotinc.com\/en\/productos\/piscinas-y-quimicos\/motobombas\/bomba-superflovst\/\" \/>\n<meta property=\"og:site_name\" content=\"AquaDepot, Inc.\" \/>\n<meta property=\"article:modified_time\" content=\"2023-07-13T17:26:33+00:00\" \/>\n<meta property=\"og:image\" content=\"https:\/\/aquadepotinc.com\/wp-content\/uploads\/Super-Flo-VST.jpg\" \/>\n\t<meta property=\"og:image:width\" content=\"1128\" \/>\n\t<meta property=\"og:image:height\" content=\"1128\" \/>\n\t<meta property=\"og:image:type\" content=\"image\/jpeg\" \/>\n<meta name=\"twitter:card\" content=\"summary_large_image\" \/>\n<script type=\"application\/ld+json\" class=\"yoast-schema-graph\">{\"@context\":\"https:\\\/\\\/schema.org\",\"@graph\":[{\"@type\":\"WebPage\",\"@id\":\"https:\\\/\\\/aquadepotinc.com\\\/productos\\\/piscinas-y-quimicos\\\/motobombas\\\/bomba-superflovst\\\/\",\"url\":\"https:\\\/\\\/aquadepotinc.com\\\/productos\\\/piscinas-y-quimicos\\\/motobombas\\\/bomba-superflovst\\\/\",\"name\":\"Motobomba SuperFlo\u00ae VST - AquaDepot, Inc.\",\"isPartOf\":{\"@id\":\"\\\/#website\"},\"primaryImageOfPage\":{\"@id\":\"https:\\\/\\\/aquadepotinc.com\\\/productos\\\/piscinas-y-quimicos\\\/motobombas\\\/bomba-superflovst\\\/#primaryimage\"},\"image\":{\"@id\":\"https:\\\/\\\/aquadepotinc.com\\\/productos\\\/piscinas-y-quimicos\\\/motobombas\\\/bomba-superflovst\\\/#primaryimage\"},\"thumbnailUrl\":\"https:\\\/\\\/aquadepotinc.com\\\/wp-content\\\/uploads\\\/Super-Flo-VST.jpg\",\"datePublished\":\"2022-08-18T17:44:48+00:00\",\"dateModified\":\"2023-07-13T17:26:33+00:00\",\"breadcrumb\":{\"@id\":\"https:\\\/\\\/aquadepotinc.com\\\/productos\\\/piscinas-y-quimicos\\\/motobombas\\\/bomba-superflovst\\\/#breadcrumb\"},\"inLanguage\":\"en-US\",\"potentialAction\":[{\"@type\":\"ReadAction\",\"target\":[\"https:\\\/\\\/aquadepotinc.com\\\/productos\\\/piscinas-y-quimicos\\\/motobombas\\\/bomba-superflovst\\\/\"]}]},{\"@type\":\"ImageObject\",\"inLanguage\":\"en-US\",\"@id\":\"https:\\\/\\\/aquadepotinc.com\\\/productos\\\/piscinas-y-quimicos\\\/motobombas\\\/bomba-superflovst\\\/#primaryimage\",\"url\":\"https:\\\/\\\/aquadepotinc.com\\\/wp-content\\\/uploads\\\/Super-Flo-VST.jpg\",\"contentUrl\":\"https:\\\/\\\/aquadepotinc.com\\\/wp-content\\\/uploads\\\/Super-Flo-VST.jpg\",\"width\":1128,\"height\":1128},{\"@type\":\"BreadcrumbList\",\"@id\":\"https:\\\/\\\/aquadepotinc.com\\\/productos\\\/piscinas-y-quimicos\\\/motobombas\\\/bomba-superflovst\\\/#breadcrumb\",\"itemListElement\":[{\"@type\":\"ListItem\",\"position\":1,\"name\":\"Home\",\"item\":\"https:\\\/\\\/aquadepotinc.com\\\/\"},{\"@type\":\"ListItem\",\"position\":2,\"name\":\"Motobomba SuperFlo\u00ae VST\"}]},{\"@type\":\"WebSite\",\"@id\":\"\\\/#website\",\"url\":\"\\\/\",\"name\":\"AquaDepot, Inc.\",\"description\":\"Distribuidora Mayorista Exportadora\",\"potentialAction\":[{\"@type\":\"SearchAction\",\"target\":{\"@type\":\"EntryPoint\",\"urlTemplate\":\"\\\/?s={search_term_string}\"},\"query-input\":{\"@type\":\"PropertyValueSpecification\",\"valueRequired\":true,\"valueName\":\"search_term_string\"}}],\"inLanguage\":\"en-US\"}]}<\/script>\n<!-- \/ Yoast SEO plugin. -->","yoast_head_json":{"title":"Motobomba SuperFlo\u00ae VST - AquaDepot, Inc.","robots":{"index":"index","follow":"follow","max-snippet":"max-snippet:-1","max-image-preview":"max-image-preview:large","max-video-preview":"max-video-preview:-1"},"canonical":"https:\/\/aquadepotinc.com\/en\/productos\/piscinas-y-quimicos\/motobombas\/bomba-superflovst\/","og_locale":"en_US","og_type":"article","og_title":"Motobomba SuperFlo\u00ae VST - AquaDepot, Inc.","og_description":"La Bomba de Velocidad Variable SuperFlo VST es la opci\u00f3n ideal para los propietarios de piscinas que desean la mejor opci\u00f3n como coraz\u00f3n del sistema circulatorio de su piscina. Su prestigio de ahorro y confiabilidad proviene de Pentair, la empresa pionera en bombas para piscinas de velocidad variable y que contin\u00faa como l\u00edder en innovaciones de velocidad variable.","og_url":"https:\/\/aquadepotinc.com\/en\/productos\/piscinas-y-quimicos\/motobombas\/bomba-superflovst\/","og_site_name":"AquaDepot, Inc.","article_modified_time":"2023-07-13T17:26:33+00:00","og_image":[{"width":1128,"height":1128,"url":"https:\/\/aquadepotinc.com\/wp-content\/uploads\/Super-Flo-VST.jpg","type":"image\/jpeg"}],"twitter_card":"summary_large_image","schema":{"@context":"https:\/\/schema.org","@graph":[{"@type":"WebPage","@id":"https:\/\/aquadepotinc.com\/productos\/piscinas-y-quimicos\/motobombas\/bomba-superflovst\/","url":"https:\/\/aquadepotinc.com\/productos\/piscinas-y-quimicos\/motobombas\/bomba-superflovst\/","name":"Motobomba SuperFlo\u00ae VST - AquaDepot, Inc.","isPartOf":{"@id":"\/#website"},"primaryImageOfPage":{"@id":"https:\/\/aquadepotinc.com\/productos\/piscinas-y-quimicos\/motobombas\/bomba-superflovst\/#primaryimage"},"image":{"@id":"https:\/\/aquadepotinc.com\/productos\/piscinas-y-quimicos\/motobombas\/bomba-superflovst\/#primaryimage"},"thumbnailUrl":"https:\/\/aquadepotinc.com\/wp-content\/uploads\/Super-Flo-VST.jpg","datePublished":"2022-08-18T17:44:48+00:00","dateModified":"2023-07-13T17:26:33+00:00","breadcrumb":{"@id":"https:\/\/aquadepotinc.com\/productos\/piscinas-y-quimicos\/motobombas\/bomba-superflovst\/#breadcrumb"},"inLanguage":"en-US","potentialAction":[{"@type":"ReadAction","target":["https:\/\/aquadepotinc.com\/productos\/piscinas-y-quimicos\/motobombas\/bomba-superflovst\/"]}]},{"@type":"ImageObject","inLanguage":"en-US","@id":"https:\/\/aquadepotinc.com\/productos\/piscinas-y-quimicos\/motobombas\/bomba-superflovst\/#primaryimage","url":"https:\/\/aquadepotinc.com\/wp-content\/uploads\/Super-Flo-VST.jpg","contentUrl":"https:\/\/aquadepotinc.com\/wp-content\/uploads\/Super-Flo-VST.jpg","width":1128,"height":1128},{"@type":"BreadcrumbList","@id":"https:\/\/aquadepotinc.com\/productos\/piscinas-y-quimicos\/motobombas\/bomba-superflovst\/#breadcrumb","itemListElement":[{"@type":"ListItem","position":1,"name":"Home","item":"https:\/\/aquadepotinc.com\/"},{"@type":"ListItem","position":2,"name":"Motobomba SuperFlo\u00ae VST"}]},{"@type":"WebSite","@id":"\/#website","url":"\/","name":"AquaDepot, Inc.","description":"Distribuidora Mayorista Exportadora","potentialAction":[{"@type":"SearchAction","target":{"@type":"EntryPoint","urlTemplate":"\/?s={search_term_string}"},"query-input":{"@type":"PropertyValueSpecification","valueRequired":true,"valueName":"search_term_string"}}],"inLanguage":"en-US"}]}},"_links":{"self":[{"href":"https:\/\/aquadepotinc.com\/en\/wp-json\/wp\/v2\/product\/7276","targetHints":{"allow":["GET"]}}],"collection":[{"href":"https:\/\/aquadepotinc.com\/en\/wp-json\/wp\/v2\/product"}],"about":[{"href":"https:\/\/aquadepotinc.com\/en\/wp-json\/wp\/v2\/types\/product"}],"wp:featuredmedia":[{"embeddable":true,"href":"https:\/\/aquadepotinc.com\/en\/wp-json\/wp\/v2\/media\/7341"}],"wp:attachment":[{"href":"https:\/\/aquadepotinc.com\/en\/wp-json\/wp\/v2\/media?parent=7276"}],"wp:term":[{"taxonomy":"product_brand","embeddable":true,"href":"https:\/\/aquadepotinc.com\/en\/wp-json\/wp\/v2\/product_brand?post=7276"},{"taxonomy":"product_cat","embeddable":true,"href":"https:\/\/aquadepotinc.com\/en\/wp-json\/wp\/v2\/product_cat?post=7276"},{"taxonomy":"product_tag","embeddable":true,"href":"https:\/\/aquadepotinc.com\/en\/wp-json\/wp\/v2\/product_tag?post=7276"}],"curies":[{"name":"wp","href":"https:\/\/api.w.org\/{rel}","templated":true}]}}