{"id":8015,"date":"2022-10-07T12:02:34","date_gmt":"2022-10-07T17:02:34","guid":{"rendered":"http:\/\/aquadepotinc.com\/?post_type=product&#038;p=8015"},"modified":"2023-08-18T10:00:50","modified_gmt":"2023-08-18T16:00:50","slug":"bomba-de-calor-para-piscinas-oris-inverter","status":"publish","type":"product","link":"https:\/\/aquadepotinc.com\/en\/productos\/piscinas-y-quimicos\/calentamiento\/bomba-de-calor-para-piscinas-oris-inverter\/","title":{"rendered":"ORIS Inverter Pool Heat Pump"},"content":{"rendered":"<p>The ORIS heat pump is the most efficient pool heating equipment on the market.<br \/>\nIts Full Inverter technology allows it to maintain the pool temperature at comfortable levels at a low cost.<br \/>\nWith an almost imperceptible noise level and easy operation from an app on your phone.<\/p>\n<p>&nbsp;<\/p>\n<p>&nbsp;<\/p>","protected":false},"excerpt":{"rendered":"<p>La bomba de calor ORIS, es el equipo para calentamiento de piscinas m\u00e1s eficiente en el mercado. Su tecnolog\u00eda Full Inverter le permite mantener la temperatura de la piscina a niveles agradables a un bajo costo. Con un nivel de ruido casi imperceptible para el o\u00eddo y operada f\u00e1cilmente desde una aplicaci\u00f3n en su tel\u00e9fono. &nbsp; &nbsp;<\/p>","protected":false},"featured_media":8027,"template":"","meta":{"_acf_changed":false,"inline_featured_image":false},"product_brand":[],"product_cat":[157,1369,149],"product_tag":[183,1580,1581],"class_list":{"0":"post-8015","1":"product","2":"type-product","3":"status-publish","4":"has-post-thumbnail","6":"product_cat-bombas-de-calor","7":"product_cat-piscinas-y-quimicos","8":"product_cat-calentamiento","9":"product_tag-calentador","10":"product_tag-oris","11":"product_tag-b","12":"pa_marca-sibrape","15":"first","16":"instock","17":"shipping-taxable","18":"product-type-simple"},"acf":[],"yoast_head":"<!-- This site is optimized with the Yoast SEO plugin v27.4 - https:\/\/yoast.com\/product\/yoast-seo-wordpress\/ -->\n<title>Bomba de Calor Para Piscinas ORIS inverter - AquaDepot, Inc.<\/title>\n<meta name=\"robots\" content=\"index, follow, max-snippet:-1, max-image-preview:large, max-video-preview:-1\" \/>\n<link rel=\"canonical\" href=\"https:\/\/aquadepotinc.com\/en\/productos\/piscinas-y-quimicos\/calentamiento\/bomba-de-calor-para-piscinas-oris-inverter\/\" \/>\n<meta property=\"og:locale\" content=\"en_US\" \/>\n<meta property=\"og:type\" content=\"article\" \/>\n<meta property=\"og:title\" content=\"Bomba de Calor Para Piscinas ORIS inverter - AquaDepot, Inc.\" \/>\n<meta property=\"og:description\" content=\"La bomba de calor ORIS, es el equipo para calentamiento de piscinas m\u00e1s eficiente en el mercado. Su tecnolog\u00eda Full Inverter le permite mantener la temperatura de la piscina a niveles agradables a un bajo costo. Con un nivel de ruido casi imperceptible para el o\u00eddo y operada f\u00e1cilmente desde una aplicaci\u00f3n en su tel\u00e9fono. &nbsp; &nbsp;\" \/>\n<meta property=\"og:url\" content=\"https:\/\/aquadepotinc.com\/en\/productos\/piscinas-y-quimicos\/calentamiento\/bomba-de-calor-para-piscinas-oris-inverter\/\" \/>\n<meta property=\"og:site_name\" content=\"AquaDepot, Inc.\" \/>\n<meta property=\"article:modified_time\" content=\"2023-08-18T16:00:50+00:00\" \/>\n<meta property=\"og:image\" content=\"https:\/\/aquadepotinc.com\/wp-content\/uploads\/ORIS-AD.jpg\" \/>\n\t<meta property=\"og:image:width\" content=\"1128\" \/>\n\t<meta property=\"og:image:height\" content=\"1128\" \/>\n\t<meta property=\"og:image:type\" content=\"image\/jpeg\" \/>\n<meta name=\"twitter:card\" content=\"summary_large_image\" \/>\n<script type=\"application\/ld+json\" class=\"yoast-schema-graph\">{\"@context\":\"https:\\\/\\\/schema.org\",\"@graph\":[{\"@type\":\"WebPage\",\"@id\":\"https:\\\/\\\/aquadepotinc.com\\\/en\\\/productos\\\/piscinas-y-quimicos\\\/calentamiento\\\/bomba-de-calor-para-piscinas-oris-inverter\\\/\",\"url\":\"https:\\\/\\\/aquadepotinc.com\\\/en\\\/productos\\\/piscinas-y-quimicos\\\/calentamiento\\\/bomba-de-calor-para-piscinas-oris-inverter\\\/\",\"name\":\"Bomba de Calor Para Piscinas ORIS inverter - AquaDepot, Inc.\",\"isPartOf\":{\"@id\":\"\\\/#website\"},\"primaryImageOfPage\":{\"@id\":\"https:\\\/\\\/aquadepotinc.com\\\/en\\\/productos\\\/piscinas-y-quimicos\\\/calentamiento\\\/bomba-de-calor-para-piscinas-oris-inverter\\\/#primaryimage\"},\"image\":{\"@id\":\"https:\\\/\\\/aquadepotinc.com\\\/en\\\/productos\\\/piscinas-y-quimicos\\\/calentamiento\\\/bomba-de-calor-para-piscinas-oris-inverter\\\/#primaryimage\"},\"thumbnailUrl\":\"https:\\\/\\\/aquadepotinc.com\\\/wp-content\\\/uploads\\\/ORIS-AD.jpg\",\"datePublished\":\"2022-10-07T17:02:34+00:00\",\"dateModified\":\"2023-08-18T16:00:50+00:00\",\"breadcrumb\":{\"@id\":\"https:\\\/\\\/aquadepotinc.com\\\/en\\\/productos\\\/piscinas-y-quimicos\\\/calentamiento\\\/bomba-de-calor-para-piscinas-oris-inverter\\\/#breadcrumb\"},\"inLanguage\":\"en-US\",\"potentialAction\":[{\"@type\":\"ReadAction\",\"target\":[\"https:\\\/\\\/aquadepotinc.com\\\/en\\\/productos\\\/piscinas-y-quimicos\\\/calentamiento\\\/bomba-de-calor-para-piscinas-oris-inverter\\\/\"]}]},{\"@type\":\"ImageObject\",\"inLanguage\":\"en-US\",\"@id\":\"https:\\\/\\\/aquadepotinc.com\\\/en\\\/productos\\\/piscinas-y-quimicos\\\/calentamiento\\\/bomba-de-calor-para-piscinas-oris-inverter\\\/#primaryimage\",\"url\":\"https:\\\/\\\/aquadepotinc.com\\\/wp-content\\\/uploads\\\/ORIS-AD.jpg\",\"contentUrl\":\"https:\\\/\\\/aquadepotinc.com\\\/wp-content\\\/uploads\\\/ORIS-AD.jpg\",\"width\":1128,\"height\":1128},{\"@type\":\"BreadcrumbList\",\"@id\":\"https:\\\/\\\/aquadepotinc.com\\\/en\\\/productos\\\/piscinas-y-quimicos\\\/calentamiento\\\/bomba-de-calor-para-piscinas-oris-inverter\\\/#breadcrumb\",\"itemListElement\":[{\"@type\":\"ListItem\",\"position\":1,\"name\":\"Home\",\"item\":\"https:\\\/\\\/aquadepotinc.com\\\/\"},{\"@type\":\"ListItem\",\"position\":2,\"name\":\"Bomba de Calor Para Piscinas ORIS inverter\"}]},{\"@type\":\"WebSite\",\"@id\":\"\\\/#website\",\"url\":\"\\\/\",\"name\":\"AquaDepot, Inc.\",\"description\":\"Distribuidora Mayorista Exportadora\",\"potentialAction\":[{\"@type\":\"SearchAction\",\"target\":{\"@type\":\"EntryPoint\",\"urlTemplate\":\"\\\/?s={search_term_string}\"},\"query-input\":{\"@type\":\"PropertyValueSpecification\",\"valueRequired\":true,\"valueName\":\"search_term_string\"}}],\"inLanguage\":\"en-US\"}]}<\/script>\n<!-- \/ Yoast SEO plugin. -->","yoast_head_json":{"title":"Bomba de Calor Para Piscinas ORIS inverter - AquaDepot, Inc.","robots":{"index":"index","follow":"follow","max-snippet":"max-snippet:-1","max-image-preview":"max-image-preview:large","max-video-preview":"max-video-preview:-1"},"canonical":"https:\/\/aquadepotinc.com\/en\/productos\/piscinas-y-quimicos\/calentamiento\/bomba-de-calor-para-piscinas-oris-inverter\/","og_locale":"en_US","og_type":"article","og_title":"Bomba de Calor Para Piscinas ORIS inverter - AquaDepot, Inc.","og_description":"La bomba de calor ORIS, es el equipo para calentamiento de piscinas m\u00e1s eficiente en el mercado. Su tecnolog\u00eda Full Inverter le permite mantener la temperatura de la piscina a niveles agradables a un bajo costo. Con un nivel de ruido casi imperceptible para el o\u00eddo y operada f\u00e1cilmente desde una aplicaci\u00f3n en su tel\u00e9fono. &nbsp; &nbsp;","og_url":"https:\/\/aquadepotinc.com\/en\/productos\/piscinas-y-quimicos\/calentamiento\/bomba-de-calor-para-piscinas-oris-inverter\/","og_site_name":"AquaDepot, Inc.","article_modified_time":"2023-08-18T16:00:50+00:00","og_image":[{"width":1128,"height":1128,"url":"https:\/\/aquadepotinc.com\/wp-content\/uploads\/ORIS-AD.jpg","type":"image\/jpeg"}],"twitter_card":"summary_large_image","schema":{"@context":"https:\/\/schema.org","@graph":[{"@type":"WebPage","@id":"https:\/\/aquadepotinc.com\/en\/productos\/piscinas-y-quimicos\/calentamiento\/bomba-de-calor-para-piscinas-oris-inverter\/","url":"https:\/\/aquadepotinc.com\/en\/productos\/piscinas-y-quimicos\/calentamiento\/bomba-de-calor-para-piscinas-oris-inverter\/","name":"Bomba de Calor Para Piscinas ORIS inverter - AquaDepot, Inc.","isPartOf":{"@id":"\/#website"},"primaryImageOfPage":{"@id":"https:\/\/aquadepotinc.com\/en\/productos\/piscinas-y-quimicos\/calentamiento\/bomba-de-calor-para-piscinas-oris-inverter\/#primaryimage"},"image":{"@id":"https:\/\/aquadepotinc.com\/en\/productos\/piscinas-y-quimicos\/calentamiento\/bomba-de-calor-para-piscinas-oris-inverter\/#primaryimage"},"thumbnailUrl":"https:\/\/aquadepotinc.com\/wp-content\/uploads\/ORIS-AD.jpg","datePublished":"2022-10-07T17:02:34+00:00","dateModified":"2023-08-18T16:00:50+00:00","breadcrumb":{"@id":"https:\/\/aquadepotinc.com\/en\/productos\/piscinas-y-quimicos\/calentamiento\/bomba-de-calor-para-piscinas-oris-inverter\/#breadcrumb"},"inLanguage":"en-US","potentialAction":[{"@type":"ReadAction","target":["https:\/\/aquadepotinc.com\/en\/productos\/piscinas-y-quimicos\/calentamiento\/bomba-de-calor-para-piscinas-oris-inverter\/"]}]},{"@type":"ImageObject","inLanguage":"en-US","@id":"https:\/\/aquadepotinc.com\/en\/productos\/piscinas-y-quimicos\/calentamiento\/bomba-de-calor-para-piscinas-oris-inverter\/#primaryimage","url":"https:\/\/aquadepotinc.com\/wp-content\/uploads\/ORIS-AD.jpg","contentUrl":"https:\/\/aquadepotinc.com\/wp-content\/uploads\/ORIS-AD.jpg","width":1128,"height":1128},{"@type":"BreadcrumbList","@id":"https:\/\/aquadepotinc.com\/en\/productos\/piscinas-y-quimicos\/calentamiento\/bomba-de-calor-para-piscinas-oris-inverter\/#breadcrumb","itemListElement":[{"@type":"ListItem","position":1,"name":"Home","item":"https:\/\/aquadepotinc.com\/"},{"@type":"ListItem","position":2,"name":"Bomba de Calor Para Piscinas ORIS inverter"}]},{"@type":"WebSite","@id":"\/#website","url":"\/","name":"AquaDepot, Inc.","description":"Distribuidora Mayorista Exportadora","potentialAction":[{"@type":"SearchAction","target":{"@type":"EntryPoint","urlTemplate":"\/?s={search_term_string}"},"query-input":{"@type":"PropertyValueSpecification","valueRequired":true,"valueName":"search_term_string"}}],"inLanguage":"en-US"}]}},"_links":{"self":[{"href":"https:\/\/aquadepotinc.com\/en\/wp-json\/wp\/v2\/product\/8015","targetHints":{"allow":["GET"]}}],"collection":[{"href":"https:\/\/aquadepotinc.com\/en\/wp-json\/wp\/v2\/product"}],"about":[{"href":"https:\/\/aquadepotinc.com\/en\/wp-json\/wp\/v2\/types\/product"}],"wp:featuredmedia":[{"embeddable":true,"href":"https:\/\/aquadepotinc.com\/en\/wp-json\/wp\/v2\/media\/8027"}],"wp:attachment":[{"href":"https:\/\/aquadepotinc.com\/en\/wp-json\/wp\/v2\/media?parent=8015"}],"wp:term":[{"taxonomy":"product_brand","embeddable":true,"href":"https:\/\/aquadepotinc.com\/en\/wp-json\/wp\/v2\/product_brand?post=8015"},{"taxonomy":"product_cat","embeddable":true,"href":"https:\/\/aquadepotinc.com\/en\/wp-json\/wp\/v2\/product_cat?post=8015"},{"taxonomy":"product_tag","embeddable":true,"href":"https:\/\/aquadepotinc.com\/en\/wp-json\/wp\/v2\/product_tag?post=8015"}],"curies":[{"name":"wp","href":"https:\/\/api.w.org\/{rel}","templated":true}]}}