{"id":8986,"date":"2023-01-17T12:34:04","date_gmt":"2023-01-17T18:34:04","guid":{"rendered":"http:\/\/aquadepotinc.com\/?post_type=product&#038;p=8986"},"modified":"2023-08-18T10:09:47","modified_gmt":"2023-08-18T16:09:47","slug":"filtro-merus","status":"publish","type":"product","link":"https:\/\/aquadepotinc.com\/en\/productos\/piscinas-y-quimicos\/filtracion\/filtro-merus\/","title":{"rendered":"Merus\u00ae Filter"},"content":{"rendered":"<p>The Merus sand filter line from SIBRAPE combines quality, reliability, and durability at an excellent price.<br \/>\nIts efficient internal water distribution and return system ensures perfect filtration results for your pool.<br \/>\nAnd its 6-way top valve with an additional \"winter\" position provides excellent flow with minimal loss and long-lasting durability.<\/p>","protected":false},"excerpt":{"rendered":"<p>La l\u00ednea de filtros de arena merus de SIBRAPE combina calidad, confiabilidad y resistencia a un excelente precio. Su eficiente sistema interno de distribuci\u00f3n y retorno de agua permite obtener perfectos resultados en el filtrado de su piscina. Y su v\u00e1lvula superior de 6 v\u00edas con posici\u00f3n adicional de \u201cinvierno\u201d ofrece un excelente flujo con m\u00ednimas p\u00e9rdidas y larga duraci\u00f3n.<\/p>","protected":false},"featured_media":9138,"template":"","meta":{"_acf_changed":false,"inline_featured_image":false},"product_brand":[],"product_cat":[295,1369,147],"product_tag":[1466,1582,192],"class_list":{"0":"post-8986","1":"product","2":"type-product","3":"status-publish","4":"has-post-thumbnail","6":"product_cat-paquetes-filtracion","7":"product_cat-piscinas-y-quimicos","8":"product_cat-filtracion","9":"product_tag-filtracion","10":"product_tag-merus","11":"product_tag-filtro","12":"pa_marca-sibrape","13":"pa_marca-vertex","16":"first","17":"instock","18":"shipping-taxable","19":"product-type-simple"},"acf":[],"yoast_head":"<!-- This site is optimized with the Yoast SEO plugin v27.3 - https:\/\/yoast.com\/product\/yoast-seo-wordpress\/ -->\n<title>Filtro Merus - AquaDepot, Inc.<\/title>\n<meta name=\"robots\" content=\"index, follow, max-snippet:-1, max-image-preview:large, max-video-preview:-1\" \/>\n<link rel=\"canonical\" href=\"https:\/\/aquadepotinc.com\/en\/productos\/piscinas-y-quimicos\/filtracion\/filtro-merus\/\" \/>\n<meta property=\"og:locale\" content=\"en_US\" \/>\n<meta property=\"og:type\" content=\"article\" \/>\n<meta property=\"og:title\" content=\"Filtro Merus - AquaDepot, Inc.\" \/>\n<meta property=\"og:description\" content=\"La l\u00ednea de filtros de arena merus de SIBRAPE combina calidad, confiabilidad y resistencia a un excelente precio. Su eficiente sistema interno de distribuci\u00f3n y retorno de agua permite obtener perfectos resultados en el filtrado de su piscina. Y su v\u00e1lvula superior de 6 v\u00edas con posici\u00f3n adicional de \u201cinvierno\u201d ofrece un excelente flujo con m\u00ednimas p\u00e9rdidas y larga duraci\u00f3n.\" \/>\n<meta property=\"og:url\" content=\"https:\/\/aquadepotinc.com\/en\/productos\/piscinas-y-quimicos\/filtracion\/filtro-merus\/\" \/>\n<meta property=\"og:site_name\" content=\"AquaDepot, Inc.\" \/>\n<meta property=\"article:modified_time\" content=\"2023-08-18T16:09:47+00:00\" \/>\n<meta property=\"og:image\" content=\"https:\/\/aquadepotinc.com\/wp-content\/uploads\/Merus-24.jpg\" \/>\n\t<meta property=\"og:image:width\" content=\"1128\" \/>\n\t<meta property=\"og:image:height\" content=\"1128\" \/>\n\t<meta property=\"og:image:type\" content=\"image\/jpeg\" \/>\n<meta name=\"twitter:card\" content=\"summary_large_image\" \/>\n<script type=\"application\/ld+json\" class=\"yoast-schema-graph\">{\"@context\":\"https:\\\/\\\/schema.org\",\"@graph\":[{\"@type\":\"WebPage\",\"@id\":\"https:\\\/\\\/aquadepotinc.com\\\/productos\\\/piscinas-y-quimicos\\\/filtracion\\\/filtro-merus\\\/\",\"url\":\"https:\\\/\\\/aquadepotinc.com\\\/productos\\\/piscinas-y-quimicos\\\/filtracion\\\/filtro-merus\\\/\",\"name\":\"Filtro Merus - AquaDepot, Inc.\",\"isPartOf\":{\"@id\":\"\\\/#website\"},\"primaryImageOfPage\":{\"@id\":\"https:\\\/\\\/aquadepotinc.com\\\/productos\\\/piscinas-y-quimicos\\\/filtracion\\\/filtro-merus\\\/#primaryimage\"},\"image\":{\"@id\":\"https:\\\/\\\/aquadepotinc.com\\\/productos\\\/piscinas-y-quimicos\\\/filtracion\\\/filtro-merus\\\/#primaryimage\"},\"thumbnailUrl\":\"https:\\\/\\\/aquadepotinc.com\\\/wp-content\\\/uploads\\\/Merus-24.jpg\",\"datePublished\":\"2023-01-17T18:34:04+00:00\",\"dateModified\":\"2023-08-18T16:09:47+00:00\",\"breadcrumb\":{\"@id\":\"https:\\\/\\\/aquadepotinc.com\\\/productos\\\/piscinas-y-quimicos\\\/filtracion\\\/filtro-merus\\\/#breadcrumb\"},\"inLanguage\":\"en-US\",\"potentialAction\":[{\"@type\":\"ReadAction\",\"target\":[\"https:\\\/\\\/aquadepotinc.com\\\/productos\\\/piscinas-y-quimicos\\\/filtracion\\\/filtro-merus\\\/\"]}]},{\"@type\":\"ImageObject\",\"inLanguage\":\"en-US\",\"@id\":\"https:\\\/\\\/aquadepotinc.com\\\/productos\\\/piscinas-y-quimicos\\\/filtracion\\\/filtro-merus\\\/#primaryimage\",\"url\":\"https:\\\/\\\/aquadepotinc.com\\\/wp-content\\\/uploads\\\/Merus-24.jpg\",\"contentUrl\":\"https:\\\/\\\/aquadepotinc.com\\\/wp-content\\\/uploads\\\/Merus-24.jpg\",\"width\":1128,\"height\":1128},{\"@type\":\"BreadcrumbList\",\"@id\":\"https:\\\/\\\/aquadepotinc.com\\\/productos\\\/piscinas-y-quimicos\\\/filtracion\\\/filtro-merus\\\/#breadcrumb\",\"itemListElement\":[{\"@type\":\"ListItem\",\"position\":1,\"name\":\"Home\",\"item\":\"https:\\\/\\\/aquadepotinc.com\\\/\"},{\"@type\":\"ListItem\",\"position\":2,\"name\":\"Filtro Merus\"}]},{\"@type\":\"WebSite\",\"@id\":\"\\\/#website\",\"url\":\"\\\/\",\"name\":\"AquaDepot, Inc.\",\"description\":\"Distribuidora Mayorista Exportadora\",\"potentialAction\":[{\"@type\":\"SearchAction\",\"target\":{\"@type\":\"EntryPoint\",\"urlTemplate\":\"\\\/?s={search_term_string}\"},\"query-input\":{\"@type\":\"PropertyValueSpecification\",\"valueRequired\":true,\"valueName\":\"search_term_string\"}}],\"inLanguage\":\"en-US\"}]}<\/script>\n<!-- \/ Yoast SEO plugin. -->","yoast_head_json":{"title":"Filtro Merus - AquaDepot, Inc.","robots":{"index":"index","follow":"follow","max-snippet":"max-snippet:-1","max-image-preview":"max-image-preview:large","max-video-preview":"max-video-preview:-1"},"canonical":"https:\/\/aquadepotinc.com\/en\/productos\/piscinas-y-quimicos\/filtracion\/filtro-merus\/","og_locale":"en_US","og_type":"article","og_title":"Filtro Merus - AquaDepot, Inc.","og_description":"La l\u00ednea de filtros de arena merus de SIBRAPE combina calidad, confiabilidad y resistencia a un excelente precio. Su eficiente sistema interno de distribuci\u00f3n y retorno de agua permite obtener perfectos resultados en el filtrado de su piscina. Y su v\u00e1lvula superior de 6 v\u00edas con posici\u00f3n adicional de \u201cinvierno\u201d ofrece un excelente flujo con m\u00ednimas p\u00e9rdidas y larga duraci\u00f3n.","og_url":"https:\/\/aquadepotinc.com\/en\/productos\/piscinas-y-quimicos\/filtracion\/filtro-merus\/","og_site_name":"AquaDepot, Inc.","article_modified_time":"2023-08-18T16:09:47+00:00","og_image":[{"width":1128,"height":1128,"url":"https:\/\/aquadepotinc.com\/wp-content\/uploads\/Merus-24.jpg","type":"image\/jpeg"}],"twitter_card":"summary_large_image","schema":{"@context":"https:\/\/schema.org","@graph":[{"@type":"WebPage","@id":"https:\/\/aquadepotinc.com\/productos\/piscinas-y-quimicos\/filtracion\/filtro-merus\/","url":"https:\/\/aquadepotinc.com\/productos\/piscinas-y-quimicos\/filtracion\/filtro-merus\/","name":"Filtro Merus - AquaDepot, Inc.","isPartOf":{"@id":"\/#website"},"primaryImageOfPage":{"@id":"https:\/\/aquadepotinc.com\/productos\/piscinas-y-quimicos\/filtracion\/filtro-merus\/#primaryimage"},"image":{"@id":"https:\/\/aquadepotinc.com\/productos\/piscinas-y-quimicos\/filtracion\/filtro-merus\/#primaryimage"},"thumbnailUrl":"https:\/\/aquadepotinc.com\/wp-content\/uploads\/Merus-24.jpg","datePublished":"2023-01-17T18:34:04+00:00","dateModified":"2023-08-18T16:09:47+00:00","breadcrumb":{"@id":"https:\/\/aquadepotinc.com\/productos\/piscinas-y-quimicos\/filtracion\/filtro-merus\/#breadcrumb"},"inLanguage":"en-US","potentialAction":[{"@type":"ReadAction","target":["https:\/\/aquadepotinc.com\/productos\/piscinas-y-quimicos\/filtracion\/filtro-merus\/"]}]},{"@type":"ImageObject","inLanguage":"en-US","@id":"https:\/\/aquadepotinc.com\/productos\/piscinas-y-quimicos\/filtracion\/filtro-merus\/#primaryimage","url":"https:\/\/aquadepotinc.com\/wp-content\/uploads\/Merus-24.jpg","contentUrl":"https:\/\/aquadepotinc.com\/wp-content\/uploads\/Merus-24.jpg","width":1128,"height":1128},{"@type":"BreadcrumbList","@id":"https:\/\/aquadepotinc.com\/productos\/piscinas-y-quimicos\/filtracion\/filtro-merus\/#breadcrumb","itemListElement":[{"@type":"ListItem","position":1,"name":"Home","item":"https:\/\/aquadepotinc.com\/"},{"@type":"ListItem","position":2,"name":"Filtro Merus"}]},{"@type":"WebSite","@id":"\/#website","url":"\/","name":"AquaDepot, Inc.","description":"Distribuidora Mayorista Exportadora","potentialAction":[{"@type":"SearchAction","target":{"@type":"EntryPoint","urlTemplate":"\/?s={search_term_string}"},"query-input":{"@type":"PropertyValueSpecification","valueRequired":true,"valueName":"search_term_string"}}],"inLanguage":"en-US"}]}},"_links":{"self":[{"href":"https:\/\/aquadepotinc.com\/en\/wp-json\/wp\/v2\/product\/8986","targetHints":{"allow":["GET"]}}],"collection":[{"href":"https:\/\/aquadepotinc.com\/en\/wp-json\/wp\/v2\/product"}],"about":[{"href":"https:\/\/aquadepotinc.com\/en\/wp-json\/wp\/v2\/types\/product"}],"wp:featuredmedia":[{"embeddable":true,"href":"https:\/\/aquadepotinc.com\/en\/wp-json\/wp\/v2\/media\/9138"}],"wp:attachment":[{"href":"https:\/\/aquadepotinc.com\/en\/wp-json\/wp\/v2\/media?parent=8986"}],"wp:term":[{"taxonomy":"product_brand","embeddable":true,"href":"https:\/\/aquadepotinc.com\/en\/wp-json\/wp\/v2\/product_brand?post=8986"},{"taxonomy":"product_cat","embeddable":true,"href":"https:\/\/aquadepotinc.com\/en\/wp-json\/wp\/v2\/product_cat?post=8986"},{"taxonomy":"product_tag","embeddable":true,"href":"https:\/\/aquadepotinc.com\/en\/wp-json\/wp\/v2\/product_tag?post=8986"}],"curies":[{"name":"wp","href":"https:\/\/api.w.org\/{rel}","templated":true}]}}