{"id":9150,"date":"2023-02-27T10:47:36","date_gmt":"2023-02-27T16:47:36","guid":{"rendered":"http:\/\/aquadepotinc.com\/?post_type=product&#038;p=9150"},"modified":"2023-08-15T08:57:18","modified_gmt":"2023-08-15T14:57:18","slug":"hydrazzo","status":"publish","type":"product","link":"https:\/\/aquadepotinc.com\/en\/productos\/piscinas-y-quimicos\/acabados-y-recubrimientos\/hydrazzo\/","title":{"rendered":"Hydrazzo"},"content":{"rendered":"<p>Hydrazzo, Polished Marble pool finish is a swimming pool surface of specially\nblended white marble aggregate, white portland cement, graded color aggregate, and\nproprietary ingredients.<\/p>\n<p>This product produces the smoothest non-slip natural finish\navailable, and it\u2019s unique formulation provides resistance to spot etching, permanent scale\nand algae adhesion.<\/p>\n<p>Roughness complaints are eliminated as the surface can be easily polished to a uniform luster.<\/p>\n<p>Hydrazzo is ideal for new or existing residential\nand commercial applications.<\/p>\n<p>BENEFITS<\/p>\n<ul>\n<li>Smoothest Exposed Aggregate Surface Available<\/li>\n<li>Time Proven Natural Ingredients<\/li>\n<li>Resists Permanent Algae and Scale Adhesion<\/li>\n<li>Ease of Application<\/li>\n<li>Long lasting<\/li>\n<li>Easily restored by polishing without resurfacing<\/li>\n<\/ul>","protected":false},"excerpt":{"rendered":"<p>Hydrazzo\u00ae es un recubrimiento de piscina hecho de una selecci\u00f3n especial de grava de m\u00e1rmol, cemento portland blanco y otros\u00a0ingredientes para producir cementos de fuerza superior. Hydrazzo produce los m\u00e1s suaves y antideslizantes acabados de aspecto natural disponibles y su formulaci\u00f3n \u00fanica resiste a manchas y adhesi\u00f3n de algas. Las asperezas se eliminan virtualmente ya que la superficie puede pulirse &#8230; <\/p>\n<div><a href=\"https:\/\/aquadepotinc.com\/en\/productos\/piscinas-y-quimicos\/acabados-y-recubrimientos\/hydrazzo\/\" class=\"more-link\">Read More<\/a><\/div>","protected":false},"featured_media":9194,"template":"","meta":{"_acf_changed":false,"inline_featured_image":false},"product_brand":[],"product_cat":[1369,15,220],"product_tag":[1593,1594,1595],"class_list":{"0":"post-9150","1":"product","2":"type-product","3":"status-publish","4":"has-post-thumbnail","6":"product_cat-piscinas-y-quimicos","7":"product_cat-nuevos","8":"product_cat-acabados-y-recubrimientos","9":"product_tag-recubrimiento","10":"product_tag-hydrazzo","11":"product_tag-hidrazzo","14":"first","15":"instock","16":"shipping-taxable","17":"product-type-simple"},"acf":[],"yoast_head":"<!-- This site is optimized with the Yoast SEO plugin v27.3 - https:\/\/yoast.com\/product\/yoast-seo-wordpress\/ -->\n<title>Hydrazzo - AquaDepot, Inc.<\/title>\n<meta name=\"robots\" content=\"index, follow, max-snippet:-1, max-image-preview:large, max-video-preview:-1\" \/>\n<link rel=\"canonical\" href=\"https:\/\/aquadepotinc.com\/en\/productos\/piscinas-y-quimicos\/acabados-y-recubrimientos\/hydrazzo\/\" \/>\n<meta property=\"og:locale\" content=\"en_US\" \/>\n<meta property=\"og:type\" content=\"article\" \/>\n<meta property=\"og:title\" content=\"Hydrazzo - AquaDepot, Inc.\" \/>\n<meta property=\"og:description\" content=\"Hydrazzo\u00ae es un recubrimiento de piscina hecho de una selecci\u00f3n especial de grava de m\u00e1rmol, cemento portland blanco y otros\u00a0ingredientes para producir cementos de fuerza superior. Hydrazzo produce los m\u00e1s suaves y antideslizantes acabados de aspecto natural disponibles y su formulaci\u00f3n \u00fanica resiste a manchas y adhesi\u00f3n de algas. Las asperezas se eliminan virtualmente ya que la superficie puede pulirse ... Read More\" \/>\n<meta property=\"og:url\" content=\"https:\/\/aquadepotinc.com\/en\/productos\/piscinas-y-quimicos\/acabados-y-recubrimientos\/hydrazzo\/\" \/>\n<meta property=\"og:site_name\" content=\"AquaDepot, Inc.\" \/>\n<meta property=\"article:modified_time\" content=\"2023-08-15T14:57:18+00:00\" \/>\n<meta property=\"og:image\" content=\"https:\/\/aquadepotinc.com\/wp-content\/uploads\/Hidrazzo-todos.jpg\" \/>\n\t<meta property=\"og:image:width\" content=\"1128\" \/>\n\t<meta property=\"og:image:height\" content=\"1128\" \/>\n\t<meta property=\"og:image:type\" content=\"image\/jpeg\" \/>\n<meta name=\"twitter:card\" content=\"summary_large_image\" \/>\n<meta name=\"twitter:label1\" content=\"Est. reading time\" \/>\n\t<meta name=\"twitter:data1\" content=\"1 minute\" \/>\n<script type=\"application\/ld+json\" class=\"yoast-schema-graph\">{\"@context\":\"https:\\\/\\\/schema.org\",\"@graph\":[{\"@type\":\"WebPage\",\"@id\":\"https:\\\/\\\/aquadepotinc.com\\\/productos\\\/piscinas-y-quimicos\\\/acabados-y-recubrimientos\\\/hydrazzo\\\/\",\"url\":\"https:\\\/\\\/aquadepotinc.com\\\/productos\\\/piscinas-y-quimicos\\\/acabados-y-recubrimientos\\\/hydrazzo\\\/\",\"name\":\"Hydrazzo - AquaDepot, Inc.\",\"isPartOf\":{\"@id\":\"\\\/#website\"},\"primaryImageOfPage\":{\"@id\":\"https:\\\/\\\/aquadepotinc.com\\\/productos\\\/piscinas-y-quimicos\\\/acabados-y-recubrimientos\\\/hydrazzo\\\/#primaryimage\"},\"image\":{\"@id\":\"https:\\\/\\\/aquadepotinc.com\\\/productos\\\/piscinas-y-quimicos\\\/acabados-y-recubrimientos\\\/hydrazzo\\\/#primaryimage\"},\"thumbnailUrl\":\"https:\\\/\\\/aquadepotinc.com\\\/wp-content\\\/uploads\\\/Hidrazzo-todos.jpg\",\"datePublished\":\"2023-02-27T16:47:36+00:00\",\"dateModified\":\"2023-08-15T14:57:18+00:00\",\"breadcrumb\":{\"@id\":\"https:\\\/\\\/aquadepotinc.com\\\/productos\\\/piscinas-y-quimicos\\\/acabados-y-recubrimientos\\\/hydrazzo\\\/#breadcrumb\"},\"inLanguage\":\"en-US\",\"potentialAction\":[{\"@type\":\"ReadAction\",\"target\":[\"https:\\\/\\\/aquadepotinc.com\\\/productos\\\/piscinas-y-quimicos\\\/acabados-y-recubrimientos\\\/hydrazzo\\\/\"]}]},{\"@type\":\"ImageObject\",\"inLanguage\":\"en-US\",\"@id\":\"https:\\\/\\\/aquadepotinc.com\\\/productos\\\/piscinas-y-quimicos\\\/acabados-y-recubrimientos\\\/hydrazzo\\\/#primaryimage\",\"url\":\"https:\\\/\\\/aquadepotinc.com\\\/wp-content\\\/uploads\\\/Hidrazzo-todos.jpg\",\"contentUrl\":\"https:\\\/\\\/aquadepotinc.com\\\/wp-content\\\/uploads\\\/Hidrazzo-todos.jpg\",\"width\":1128,\"height\":1128},{\"@type\":\"BreadcrumbList\",\"@id\":\"https:\\\/\\\/aquadepotinc.com\\\/productos\\\/piscinas-y-quimicos\\\/acabados-y-recubrimientos\\\/hydrazzo\\\/#breadcrumb\",\"itemListElement\":[{\"@type\":\"ListItem\",\"position\":1,\"name\":\"Home\",\"item\":\"https:\\\/\\\/aquadepotinc.com\\\/\"},{\"@type\":\"ListItem\",\"position\":2,\"name\":\"Hydrazzo\"}]},{\"@type\":\"WebSite\",\"@id\":\"\\\/#website\",\"url\":\"\\\/\",\"name\":\"AquaDepot, Inc.\",\"description\":\"Distribuidora Mayorista Exportadora\",\"potentialAction\":[{\"@type\":\"SearchAction\",\"target\":{\"@type\":\"EntryPoint\",\"urlTemplate\":\"\\\/?s={search_term_string}\"},\"query-input\":{\"@type\":\"PropertyValueSpecification\",\"valueRequired\":true,\"valueName\":\"search_term_string\"}}],\"inLanguage\":\"en-US\"}]}<\/script>\n<!-- \/ Yoast SEO plugin. -->","yoast_head_json":{"title":"Hydrazzo - AquaDepot, Inc.","robots":{"index":"index","follow":"follow","max-snippet":"max-snippet:-1","max-image-preview":"max-image-preview:large","max-video-preview":"max-video-preview:-1"},"canonical":"https:\/\/aquadepotinc.com\/en\/productos\/piscinas-y-quimicos\/acabados-y-recubrimientos\/hydrazzo\/","og_locale":"en_US","og_type":"article","og_title":"Hydrazzo - AquaDepot, Inc.","og_description":"Hydrazzo\u00ae es un recubrimiento de piscina hecho de una selecci\u00f3n especial de grava de m\u00e1rmol, cemento portland blanco y otros\u00a0ingredientes para producir cementos de fuerza superior. Hydrazzo produce los m\u00e1s suaves y antideslizantes acabados de aspecto natural disponibles y su formulaci\u00f3n \u00fanica resiste a manchas y adhesi\u00f3n de algas. Las asperezas se eliminan virtualmente ya que la superficie puede pulirse ... Read More","og_url":"https:\/\/aquadepotinc.com\/en\/productos\/piscinas-y-quimicos\/acabados-y-recubrimientos\/hydrazzo\/","og_site_name":"AquaDepot, Inc.","article_modified_time":"2023-08-15T14:57:18+00:00","og_image":[{"width":1128,"height":1128,"url":"https:\/\/aquadepotinc.com\/wp-content\/uploads\/Hidrazzo-todos.jpg","type":"image\/jpeg"}],"twitter_card":"summary_large_image","twitter_misc":{"Est. reading time":"1 minute"},"schema":{"@context":"https:\/\/schema.org","@graph":[{"@type":"WebPage","@id":"https:\/\/aquadepotinc.com\/productos\/piscinas-y-quimicos\/acabados-y-recubrimientos\/hydrazzo\/","url":"https:\/\/aquadepotinc.com\/productos\/piscinas-y-quimicos\/acabados-y-recubrimientos\/hydrazzo\/","name":"Hydrazzo - AquaDepot, Inc.","isPartOf":{"@id":"\/#website"},"primaryImageOfPage":{"@id":"https:\/\/aquadepotinc.com\/productos\/piscinas-y-quimicos\/acabados-y-recubrimientos\/hydrazzo\/#primaryimage"},"image":{"@id":"https:\/\/aquadepotinc.com\/productos\/piscinas-y-quimicos\/acabados-y-recubrimientos\/hydrazzo\/#primaryimage"},"thumbnailUrl":"https:\/\/aquadepotinc.com\/wp-content\/uploads\/Hidrazzo-todos.jpg","datePublished":"2023-02-27T16:47:36+00:00","dateModified":"2023-08-15T14:57:18+00:00","breadcrumb":{"@id":"https:\/\/aquadepotinc.com\/productos\/piscinas-y-quimicos\/acabados-y-recubrimientos\/hydrazzo\/#breadcrumb"},"inLanguage":"en-US","potentialAction":[{"@type":"ReadAction","target":["https:\/\/aquadepotinc.com\/productos\/piscinas-y-quimicos\/acabados-y-recubrimientos\/hydrazzo\/"]}]},{"@type":"ImageObject","inLanguage":"en-US","@id":"https:\/\/aquadepotinc.com\/productos\/piscinas-y-quimicos\/acabados-y-recubrimientos\/hydrazzo\/#primaryimage","url":"https:\/\/aquadepotinc.com\/wp-content\/uploads\/Hidrazzo-todos.jpg","contentUrl":"https:\/\/aquadepotinc.com\/wp-content\/uploads\/Hidrazzo-todos.jpg","width":1128,"height":1128},{"@type":"BreadcrumbList","@id":"https:\/\/aquadepotinc.com\/productos\/piscinas-y-quimicos\/acabados-y-recubrimientos\/hydrazzo\/#breadcrumb","itemListElement":[{"@type":"ListItem","position":1,"name":"Home","item":"https:\/\/aquadepotinc.com\/"},{"@type":"ListItem","position":2,"name":"Hydrazzo"}]},{"@type":"WebSite","@id":"\/#website","url":"\/","name":"AquaDepot, Inc.","description":"Distribuidora Mayorista Exportadora","potentialAction":[{"@type":"SearchAction","target":{"@type":"EntryPoint","urlTemplate":"\/?s={search_term_string}"},"query-input":{"@type":"PropertyValueSpecification","valueRequired":true,"valueName":"search_term_string"}}],"inLanguage":"en-US"}]}},"_links":{"self":[{"href":"https:\/\/aquadepotinc.com\/en\/wp-json\/wp\/v2\/product\/9150","targetHints":{"allow":["GET"]}}],"collection":[{"href":"https:\/\/aquadepotinc.com\/en\/wp-json\/wp\/v2\/product"}],"about":[{"href":"https:\/\/aquadepotinc.com\/en\/wp-json\/wp\/v2\/types\/product"}],"wp:featuredmedia":[{"embeddable":true,"href":"https:\/\/aquadepotinc.com\/en\/wp-json\/wp\/v2\/media\/9194"}],"wp:attachment":[{"href":"https:\/\/aquadepotinc.com\/en\/wp-json\/wp\/v2\/media?parent=9150"}],"wp:term":[{"taxonomy":"product_brand","embeddable":true,"href":"https:\/\/aquadepotinc.com\/en\/wp-json\/wp\/v2\/product_brand?post=9150"},{"taxonomy":"product_cat","embeddable":true,"href":"https:\/\/aquadepotinc.com\/en\/wp-json\/wp\/v2\/product_cat?post=9150"},{"taxonomy":"product_tag","embeddable":true,"href":"https:\/\/aquadepotinc.com\/en\/wp-json\/wp\/v2\/product_tag?post=9150"}],"curies":[{"name":"wp","href":"https:\/\/api.w.org\/{rel}","templated":true}]}}