{"id":9272,"date":"2023-03-09T09:57:41","date_gmt":"2023-03-09T15:57:41","guid":{"rendered":"https:\/\/aquadepotinc.com\/?post_type=product&#038;p=9272"},"modified":"2023-08-15T09:09:07","modified_gmt":"2023-08-15T15:09:07","slug":"motobomba-model-95-speck-pumps","status":"publish","type":"product","link":"https:\/\/aquadepotinc.com\/en\/productos\/piscinas-y-quimicos\/motobombas\/motobombas-comerciales\/motobomba-model-95-speck-pumps\/","title":{"rendered":"Motor Pump Model 95 Speck Pumps"},"content":{"rendered":"<p>To make a Big Impact you need a Big Pump!<\/p>\n<p>With Speck Pumps, you have your choice of a wide range of specialized products. Designed with German engineering and built in America to deliver the highest quality in the market. Each of our pump models have varied features and abilities.<\/p>\n<p>Features<\/p>\n<ul>\n<li>Large one-piece housing design with integrated strainer basket for faster pump priming.<\/li>\n<li>This high performance pump comes with our unique (20mm) mechanical shaft seal that allows the pump, if mistreated, to run dry for up to one hour.<\/li>\n<li>The pump can be used for pool water with salt concentration of up to 5000ppm<\/li>\n<li>Equipped with 4\" quick disconnect unions for easy installation and maintenance. A wrench for unions and lid is included with each pump. flanges are available on request.<\/li>\n<li>Available with a heavy duty energy efficient totally enclosed fan cooled (TEFC) or open drip proof (ODP) Motor design<\/li>\n<\/ul>","protected":false},"excerpt":{"rendered":"<p>Para un gran impacto, necesitas una gran motobomba! Con Speck pumps tiene un amplio rango de productos especializados dise\u00f1ados con ingenieria alemana y producidos en Estados Unidos para entregar la mas alta calidad del mercado. Cada motobomba tiene diferentes caracteristicas y habilidades. Caracter\u00edsticas Gran dise\u00f1o de carcasa de una sola pieza cesta con filtro integrado para un cebado m\u00e1s r\u00e1pido. &#8230; <\/p>\n<div><a href=\"https:\/\/aquadepotinc.com\/en\/productos\/piscinas-y-quimicos\/motobombas\/motobombas-comerciales\/motobomba-model-95-speck-pumps\/\" class=\"more-link\">Read More<\/a><\/div>","protected":false},"featured_media":9279,"template":"","meta":{"_acf_changed":false,"inline_featured_image":false},"product_brand":[],"product_cat":[1369,45],"product_tag":[1485],"class_list":{"0":"post-9272","1":"product","2":"type-product","3":"status-publish","4":"has-post-thumbnail","6":"product_cat-piscinas-y-quimicos","7":"product_cat-motobombas-comerciales","8":"product_tag-speck","9":"pa_marca-speck-pumps","12":"first","13":"instock","14":"shipping-taxable","15":"product-type-simple"},"acf":[],"yoast_head":"<!-- This site is optimized with the Yoast SEO plugin v27.3 - https:\/\/yoast.com\/product\/yoast-seo-wordpress\/ -->\n<title>Motobomba Model 95 Speck Pumps - AquaDepot, Inc.<\/title>\n<meta name=\"robots\" content=\"index, follow, max-snippet:-1, max-image-preview:large, max-video-preview:-1\" \/>\n<link rel=\"canonical\" href=\"https:\/\/aquadepotinc.com\/en\/productos\/piscinas-y-quimicos\/motobombas\/motobombas-comerciales\/motobomba-model-95-speck-pumps\/\" \/>\n<meta property=\"og:locale\" content=\"en_US\" \/>\n<meta property=\"og:type\" content=\"article\" \/>\n<meta property=\"og:title\" content=\"Motobomba Model 95 Speck Pumps - AquaDepot, Inc.\" \/>\n<meta property=\"og:description\" content=\"Para un gran impacto, necesitas una gran motobomba! Con Speck pumps tiene un amplio rango de productos especializados dise\u00f1ados con ingenieria alemana y producidos en Estados Unidos para entregar la mas alta calidad del mercado. Cada motobomba tiene diferentes caracteristicas y habilidades. Caracter\u00edsticas Gran dise\u00f1o de carcasa de una sola pieza cesta con filtro integrado para un cebado m\u00e1s r\u00e1pido. ... Read More\" \/>\n<meta property=\"og:url\" content=\"https:\/\/aquadepotinc.com\/en\/productos\/piscinas-y-quimicos\/motobombas\/motobombas-comerciales\/motobomba-model-95-speck-pumps\/\" \/>\n<meta property=\"og:site_name\" content=\"AquaDepot, Inc.\" \/>\n<meta property=\"article:modified_time\" content=\"2023-08-15T15:09:07+00:00\" \/>\n<meta property=\"og:image\" content=\"https:\/\/aquadepotinc.com\/wp-content\/uploads\/Model-95.jpg\" \/>\n\t<meta property=\"og:image:width\" content=\"1128\" \/>\n\t<meta property=\"og:image:height\" content=\"1128\" \/>\n\t<meta property=\"og:image:type\" content=\"image\/jpeg\" \/>\n<meta name=\"twitter:card\" content=\"summary_large_image\" \/>\n<meta name=\"twitter:label1\" content=\"Est. reading time\" \/>\n\t<meta name=\"twitter:data1\" content=\"1 minute\" \/>\n<script type=\"application\/ld+json\" class=\"yoast-schema-graph\">{\"@context\":\"https:\\\/\\\/schema.org\",\"@graph\":[{\"@type\":\"WebPage\",\"@id\":\"https:\\\/\\\/aquadepotinc.com\\\/en\\\/productos\\\/piscinas-y-quimicos\\\/motobombas\\\/motobombas-comerciales\\\/motobomba-model-95-speck-pumps\\\/\",\"url\":\"https:\\\/\\\/aquadepotinc.com\\\/en\\\/productos\\\/piscinas-y-quimicos\\\/motobombas\\\/motobombas-comerciales\\\/motobomba-model-95-speck-pumps\\\/\",\"name\":\"Motobomba Model 95 Speck Pumps - AquaDepot, Inc.\",\"isPartOf\":{\"@id\":\"\\\/#website\"},\"primaryImageOfPage\":{\"@id\":\"https:\\\/\\\/aquadepotinc.com\\\/en\\\/productos\\\/piscinas-y-quimicos\\\/motobombas\\\/motobombas-comerciales\\\/motobomba-model-95-speck-pumps\\\/#primaryimage\"},\"image\":{\"@id\":\"https:\\\/\\\/aquadepotinc.com\\\/en\\\/productos\\\/piscinas-y-quimicos\\\/motobombas\\\/motobombas-comerciales\\\/motobomba-model-95-speck-pumps\\\/#primaryimage\"},\"thumbnailUrl\":\"https:\\\/\\\/aquadepotinc.com\\\/wp-content\\\/uploads\\\/Model-95.jpg\",\"datePublished\":\"2023-03-09T15:57:41+00:00\",\"dateModified\":\"2023-08-15T15:09:07+00:00\",\"breadcrumb\":{\"@id\":\"https:\\\/\\\/aquadepotinc.com\\\/en\\\/productos\\\/piscinas-y-quimicos\\\/motobombas\\\/motobombas-comerciales\\\/motobomba-model-95-speck-pumps\\\/#breadcrumb\"},\"inLanguage\":\"en-US\",\"potentialAction\":[{\"@type\":\"ReadAction\",\"target\":[\"https:\\\/\\\/aquadepotinc.com\\\/en\\\/productos\\\/piscinas-y-quimicos\\\/motobombas\\\/motobombas-comerciales\\\/motobomba-model-95-speck-pumps\\\/\"]}]},{\"@type\":\"ImageObject\",\"inLanguage\":\"en-US\",\"@id\":\"https:\\\/\\\/aquadepotinc.com\\\/en\\\/productos\\\/piscinas-y-quimicos\\\/motobombas\\\/motobombas-comerciales\\\/motobomba-model-95-speck-pumps\\\/#primaryimage\",\"url\":\"https:\\\/\\\/aquadepotinc.com\\\/wp-content\\\/uploads\\\/Model-95.jpg\",\"contentUrl\":\"https:\\\/\\\/aquadepotinc.com\\\/wp-content\\\/uploads\\\/Model-95.jpg\",\"width\":1128,\"height\":1128},{\"@type\":\"BreadcrumbList\",\"@id\":\"https:\\\/\\\/aquadepotinc.com\\\/en\\\/productos\\\/piscinas-y-quimicos\\\/motobombas\\\/motobombas-comerciales\\\/motobomba-model-95-speck-pumps\\\/#breadcrumb\",\"itemListElement\":[{\"@type\":\"ListItem\",\"position\":1,\"name\":\"Home\",\"item\":\"https:\\\/\\\/aquadepotinc.com\\\/\"},{\"@type\":\"ListItem\",\"position\":2,\"name\":\"Motobomba Model 95 Speck Pumps\"}]},{\"@type\":\"WebSite\",\"@id\":\"\\\/#website\",\"url\":\"\\\/\",\"name\":\"AquaDepot, Inc.\",\"description\":\"Distribuidora Mayorista Exportadora\",\"potentialAction\":[{\"@type\":\"SearchAction\",\"target\":{\"@type\":\"EntryPoint\",\"urlTemplate\":\"\\\/?s={search_term_string}\"},\"query-input\":{\"@type\":\"PropertyValueSpecification\",\"valueRequired\":true,\"valueName\":\"search_term_string\"}}],\"inLanguage\":\"en-US\"}]}<\/script>\n<!-- \/ Yoast SEO plugin. -->","yoast_head_json":{"title":"Motobomba Model 95 Speck Pumps - AquaDepot, Inc.","robots":{"index":"index","follow":"follow","max-snippet":"max-snippet:-1","max-image-preview":"max-image-preview:large","max-video-preview":"max-video-preview:-1"},"canonical":"https:\/\/aquadepotinc.com\/en\/productos\/piscinas-y-quimicos\/motobombas\/motobombas-comerciales\/motobomba-model-95-speck-pumps\/","og_locale":"en_US","og_type":"article","og_title":"Motobomba Model 95 Speck Pumps - AquaDepot, Inc.","og_description":"Para un gran impacto, necesitas una gran motobomba! Con Speck pumps tiene un amplio rango de productos especializados dise\u00f1ados con ingenieria alemana y producidos en Estados Unidos para entregar la mas alta calidad del mercado. Cada motobomba tiene diferentes caracteristicas y habilidades. Caracter\u00edsticas Gran dise\u00f1o de carcasa de una sola pieza cesta con filtro integrado para un cebado m\u00e1s r\u00e1pido. ... Read More","og_url":"https:\/\/aquadepotinc.com\/en\/productos\/piscinas-y-quimicos\/motobombas\/motobombas-comerciales\/motobomba-model-95-speck-pumps\/","og_site_name":"AquaDepot, Inc.","article_modified_time":"2023-08-15T15:09:07+00:00","og_image":[{"width":1128,"height":1128,"url":"https:\/\/aquadepotinc.com\/wp-content\/uploads\/Model-95.jpg","type":"image\/jpeg"}],"twitter_card":"summary_large_image","twitter_misc":{"Est. reading time":"1 minute"},"schema":{"@context":"https:\/\/schema.org","@graph":[{"@type":"WebPage","@id":"https:\/\/aquadepotinc.com\/en\/productos\/piscinas-y-quimicos\/motobombas\/motobombas-comerciales\/motobomba-model-95-speck-pumps\/","url":"https:\/\/aquadepotinc.com\/en\/productos\/piscinas-y-quimicos\/motobombas\/motobombas-comerciales\/motobomba-model-95-speck-pumps\/","name":"Motobomba Model 95 Speck Pumps - AquaDepot, Inc.","isPartOf":{"@id":"\/#website"},"primaryImageOfPage":{"@id":"https:\/\/aquadepotinc.com\/en\/productos\/piscinas-y-quimicos\/motobombas\/motobombas-comerciales\/motobomba-model-95-speck-pumps\/#primaryimage"},"image":{"@id":"https:\/\/aquadepotinc.com\/en\/productos\/piscinas-y-quimicos\/motobombas\/motobombas-comerciales\/motobomba-model-95-speck-pumps\/#primaryimage"},"thumbnailUrl":"https:\/\/aquadepotinc.com\/wp-content\/uploads\/Model-95.jpg","datePublished":"2023-03-09T15:57:41+00:00","dateModified":"2023-08-15T15:09:07+00:00","breadcrumb":{"@id":"https:\/\/aquadepotinc.com\/en\/productos\/piscinas-y-quimicos\/motobombas\/motobombas-comerciales\/motobomba-model-95-speck-pumps\/#breadcrumb"},"inLanguage":"en-US","potentialAction":[{"@type":"ReadAction","target":["https:\/\/aquadepotinc.com\/en\/productos\/piscinas-y-quimicos\/motobombas\/motobombas-comerciales\/motobomba-model-95-speck-pumps\/"]}]},{"@type":"ImageObject","inLanguage":"en-US","@id":"https:\/\/aquadepotinc.com\/en\/productos\/piscinas-y-quimicos\/motobombas\/motobombas-comerciales\/motobomba-model-95-speck-pumps\/#primaryimage","url":"https:\/\/aquadepotinc.com\/wp-content\/uploads\/Model-95.jpg","contentUrl":"https:\/\/aquadepotinc.com\/wp-content\/uploads\/Model-95.jpg","width":1128,"height":1128},{"@type":"BreadcrumbList","@id":"https:\/\/aquadepotinc.com\/en\/productos\/piscinas-y-quimicos\/motobombas\/motobombas-comerciales\/motobomba-model-95-speck-pumps\/#breadcrumb","itemListElement":[{"@type":"ListItem","position":1,"name":"Home","item":"https:\/\/aquadepotinc.com\/"},{"@type":"ListItem","position":2,"name":"Motobomba Model 95 Speck Pumps"}]},{"@type":"WebSite","@id":"\/#website","url":"\/","name":"AquaDepot, Inc.","description":"Distribuidora Mayorista Exportadora","potentialAction":[{"@type":"SearchAction","target":{"@type":"EntryPoint","urlTemplate":"\/?s={search_term_string}"},"query-input":{"@type":"PropertyValueSpecification","valueRequired":true,"valueName":"search_term_string"}}],"inLanguage":"en-US"}]}},"_links":{"self":[{"href":"https:\/\/aquadepotinc.com\/en\/wp-json\/wp\/v2\/product\/9272","targetHints":{"allow":["GET"]}}],"collection":[{"href":"https:\/\/aquadepotinc.com\/en\/wp-json\/wp\/v2\/product"}],"about":[{"href":"https:\/\/aquadepotinc.com\/en\/wp-json\/wp\/v2\/types\/product"}],"wp:featuredmedia":[{"embeddable":true,"href":"https:\/\/aquadepotinc.com\/en\/wp-json\/wp\/v2\/media\/9279"}],"wp:attachment":[{"href":"https:\/\/aquadepotinc.com\/en\/wp-json\/wp\/v2\/media?parent=9272"}],"wp:term":[{"taxonomy":"product_brand","embeddable":true,"href":"https:\/\/aquadepotinc.com\/en\/wp-json\/wp\/v2\/product_brand?post=9272"},{"taxonomy":"product_cat","embeddable":true,"href":"https:\/\/aquadepotinc.com\/en\/wp-json\/wp\/v2\/product_cat?post=9272"},{"taxonomy":"product_tag","embeddable":true,"href":"https:\/\/aquadepotinc.com\/en\/wp-json\/wp\/v2\/product_tag?post=9272"}],"curies":[{"name":"wp","href":"https:\/\/api.w.org\/{rel}","templated":true}]}}