{"id":9274,"date":"2023-03-09T10:17:33","date_gmt":"2023-03-09T16:17:33","guid":{"rendered":"https:\/\/aquadepotinc.com\/?post_type=product&#038;p=9274"},"modified":"2023-07-13T11:37:41","modified_gmt":"2023-07-13T17:37:41","slug":"motobomba-comercial-de-alto-rendimiento-eq-series","status":"publish","type":"product","link":"https:\/\/aquadepotinc.com\/en\/productos\/piscinas-y-quimicos\/motobombas\/motobombas-comerciales\/motobomba-comercial-de-alto-rendimiento-eq-series\/","title":{"rendered":"EQ Series\u00ae HIGH PERFORMANCE COMMERCIAL PUMP"},"content":{"rendered":"<p>STANDARD FEATURES<br \/>\n\u2022 Close-coupled for quiet, stable  flow operation.<br \/>\nLightweight for easy, one-man installation.<br \/>\n\u2022 Clear Cam and Ramp\u2122 Lid for added service convenience.<br \/>\n\u2022 6-inch suction and 4-inch discharge\n with strainer pot.<br \/>\nClosed impeller for long life and durability.<br \/>\nAvailable in single- and three-phase models. TEFC motor available, three-phase only.<br \/>\nSelf-priming under NSF standards; NSF certified.<\/p>","protected":false},"excerpt":{"rendered":"<p>Caracter\u00edsticas est\u00e1ndar \u2022 Acoplada directamente para una circulaci\u00f3n estable y silenciosa. \u2022 Liviana para que la pueda instalar con facilidad una sola persona. \u2022 Dise\u00f1o de anillo de seguridad Cam and Ramp\u2122 con tapa transparente para permitir un servicio t\u00e9cnico m\u00e1s c\u00f3modo. \u2022 Succi\u00f3n de 6&#8243; y descarga de 4&#8243; con trampa de pelo. \u2022 Impulsor cerrado para una larga &#8230; <\/p>\n<div><a href=\"https:\/\/aquadepotinc.com\/en\/productos\/piscinas-y-quimicos\/motobombas\/motobombas-comerciales\/motobomba-comercial-de-alto-rendimiento-eq-series\/\" class=\"more-link\">Read More<\/a><\/div>","protected":false},"featured_media":9276,"template":"","meta":{"_acf_changed":false,"inline_featured_image":false},"product_brand":[],"product_cat":[1369,45],"product_tag":[200,1405,1459,1629,1630],"class_list":{"0":"post-9274","1":"product","2":"type-product","3":"status-publish","4":"has-post-thumbnail","6":"product_cat-piscinas-y-quimicos","7":"product_cat-motobombas-comerciales","8":"product_tag-pentair","9":"product_tag-comercial","10":"product_tag-motobomba","11":"product_tag-alto-rendimiento","12":"product_tag-eq-series","13":"pa_marca-pentair","16":"first","17":"instock","18":"shipping-taxable","19":"product-type-simple"},"acf":[],"yoast_head":"<!-- This site is optimized with the Yoast SEO plugin v27.3 - https:\/\/yoast.com\/product\/yoast-seo-wordpress\/ -->\n<title>Motobomba Comercial de Alto Rendimiento EQ SERIES\u2122 - AquaDepot, Inc.<\/title>\n<meta name=\"robots\" content=\"index, follow, max-snippet:-1, max-image-preview:large, max-video-preview:-1\" \/>\n<link rel=\"canonical\" href=\"https:\/\/aquadepotinc.com\/en\/productos\/piscinas-y-quimicos\/motobombas\/motobombas-comerciales\/motobomba-comercial-de-alto-rendimiento-eq-series\/\" \/>\n<meta property=\"og:locale\" content=\"en_US\" \/>\n<meta property=\"og:type\" content=\"article\" \/>\n<meta property=\"og:title\" content=\"Motobomba Comercial de Alto Rendimiento EQ SERIES\u2122 - AquaDepot, Inc.\" \/>\n<meta property=\"og:description\" content=\"Caracter\u00edsticas est\u00e1ndar \u2022 Acoplada directamente para una circulaci\u00f3n estable y silenciosa. \u2022 Liviana para que la pueda instalar con facilidad una sola persona. \u2022 Dise\u00f1o de anillo de seguridad Cam and Ramp\u2122 con tapa transparente para permitir un servicio t\u00e9cnico m\u00e1s c\u00f3modo. \u2022 Succi\u00f3n de 6&#8243; y descarga de 4&#8243; con trampa de pelo. \u2022 Impulsor cerrado para una larga ... Read More\" \/>\n<meta property=\"og:url\" content=\"https:\/\/aquadepotinc.com\/en\/productos\/piscinas-y-quimicos\/motobombas\/motobombas-comerciales\/motobomba-comercial-de-alto-rendimiento-eq-series\/\" \/>\n<meta property=\"og:site_name\" content=\"AquaDepot, Inc.\" \/>\n<meta property=\"article:modified_time\" content=\"2023-07-13T17:37:41+00:00\" \/>\n<meta property=\"og:image\" content=\"https:\/\/aquadepotinc.com\/wp-content\/uploads\/EQ-SERIES.jpg\" \/>\n\t<meta property=\"og:image:width\" content=\"1128\" \/>\n\t<meta property=\"og:image:height\" content=\"1128\" \/>\n\t<meta property=\"og:image:type\" content=\"image\/jpeg\" \/>\n<meta name=\"twitter:card\" content=\"summary_large_image\" \/>\n<script type=\"application\/ld+json\" class=\"yoast-schema-graph\">{\"@context\":\"https:\\\/\\\/schema.org\",\"@graph\":[{\"@type\":\"WebPage\",\"@id\":\"https:\\\/\\\/aquadepotinc.com\\\/productos\\\/piscinas-y-quimicos\\\/motobombas\\\/motobombas-comerciales\\\/motobomba-comercial-de-alto-rendimiento-eq-series\\\/\",\"url\":\"https:\\\/\\\/aquadepotinc.com\\\/productos\\\/piscinas-y-quimicos\\\/motobombas\\\/motobombas-comerciales\\\/motobomba-comercial-de-alto-rendimiento-eq-series\\\/\",\"name\":\"Motobomba Comercial de Alto Rendimiento EQ SERIES\u2122 - AquaDepot, Inc.\",\"isPartOf\":{\"@id\":\"\\\/#website\"},\"primaryImageOfPage\":{\"@id\":\"https:\\\/\\\/aquadepotinc.com\\\/productos\\\/piscinas-y-quimicos\\\/motobombas\\\/motobombas-comerciales\\\/motobomba-comercial-de-alto-rendimiento-eq-series\\\/#primaryimage\"},\"image\":{\"@id\":\"https:\\\/\\\/aquadepotinc.com\\\/productos\\\/piscinas-y-quimicos\\\/motobombas\\\/motobombas-comerciales\\\/motobomba-comercial-de-alto-rendimiento-eq-series\\\/#primaryimage\"},\"thumbnailUrl\":\"https:\\\/\\\/aquadepotinc.com\\\/wp-content\\\/uploads\\\/EQ-SERIES.jpg\",\"datePublished\":\"2023-03-09T16:17:33+00:00\",\"dateModified\":\"2023-07-13T17:37:41+00:00\",\"breadcrumb\":{\"@id\":\"https:\\\/\\\/aquadepotinc.com\\\/productos\\\/piscinas-y-quimicos\\\/motobombas\\\/motobombas-comerciales\\\/motobomba-comercial-de-alto-rendimiento-eq-series\\\/#breadcrumb\"},\"inLanguage\":\"en-US\",\"potentialAction\":[{\"@type\":\"ReadAction\",\"target\":[\"https:\\\/\\\/aquadepotinc.com\\\/productos\\\/piscinas-y-quimicos\\\/motobombas\\\/motobombas-comerciales\\\/motobomba-comercial-de-alto-rendimiento-eq-series\\\/\"]}]},{\"@type\":\"ImageObject\",\"inLanguage\":\"en-US\",\"@id\":\"https:\\\/\\\/aquadepotinc.com\\\/productos\\\/piscinas-y-quimicos\\\/motobombas\\\/motobombas-comerciales\\\/motobomba-comercial-de-alto-rendimiento-eq-series\\\/#primaryimage\",\"url\":\"https:\\\/\\\/aquadepotinc.com\\\/wp-content\\\/uploads\\\/EQ-SERIES.jpg\",\"contentUrl\":\"https:\\\/\\\/aquadepotinc.com\\\/wp-content\\\/uploads\\\/EQ-SERIES.jpg\",\"width\":1128,\"height\":1128},{\"@type\":\"BreadcrumbList\",\"@id\":\"https:\\\/\\\/aquadepotinc.com\\\/productos\\\/piscinas-y-quimicos\\\/motobombas\\\/motobombas-comerciales\\\/motobomba-comercial-de-alto-rendimiento-eq-series\\\/#breadcrumb\",\"itemListElement\":[{\"@type\":\"ListItem\",\"position\":1,\"name\":\"Home\",\"item\":\"https:\\\/\\\/aquadepotinc.com\\\/\"},{\"@type\":\"ListItem\",\"position\":2,\"name\":\"Motobomba Comercial de Alto Rendimiento EQ SERIES\u2122\"}]},{\"@type\":\"WebSite\",\"@id\":\"\\\/#website\",\"url\":\"\\\/\",\"name\":\"AquaDepot, Inc.\",\"description\":\"Distribuidora Mayorista Exportadora\",\"potentialAction\":[{\"@type\":\"SearchAction\",\"target\":{\"@type\":\"EntryPoint\",\"urlTemplate\":\"\\\/?s={search_term_string}\"},\"query-input\":{\"@type\":\"PropertyValueSpecification\",\"valueRequired\":true,\"valueName\":\"search_term_string\"}}],\"inLanguage\":\"en-US\"}]}<\/script>\n<!-- \/ Yoast SEO plugin. -->","yoast_head_json":{"title":"Motobomba Comercial de Alto Rendimiento EQ SERIES\u2122 - AquaDepot, Inc.","robots":{"index":"index","follow":"follow","max-snippet":"max-snippet:-1","max-image-preview":"max-image-preview:large","max-video-preview":"max-video-preview:-1"},"canonical":"https:\/\/aquadepotinc.com\/en\/productos\/piscinas-y-quimicos\/motobombas\/motobombas-comerciales\/motobomba-comercial-de-alto-rendimiento-eq-series\/","og_locale":"en_US","og_type":"article","og_title":"Motobomba Comercial de Alto Rendimiento EQ SERIES\u2122 - AquaDepot, Inc.","og_description":"Caracter\u00edsticas est\u00e1ndar \u2022 Acoplada directamente para una circulaci\u00f3n estable y silenciosa. \u2022 Liviana para que la pueda instalar con facilidad una sola persona. \u2022 Dise\u00f1o de anillo de seguridad Cam and Ramp\u2122 con tapa transparente para permitir un servicio t\u00e9cnico m\u00e1s c\u00f3modo. \u2022 Succi\u00f3n de 6&#8243; y descarga de 4&#8243; con trampa de pelo. \u2022 Impulsor cerrado para una larga ... Read More","og_url":"https:\/\/aquadepotinc.com\/en\/productos\/piscinas-y-quimicos\/motobombas\/motobombas-comerciales\/motobomba-comercial-de-alto-rendimiento-eq-series\/","og_site_name":"AquaDepot, Inc.","article_modified_time":"2023-07-13T17:37:41+00:00","og_image":[{"width":1128,"height":1128,"url":"https:\/\/aquadepotinc.com\/wp-content\/uploads\/EQ-SERIES.jpg","type":"image\/jpeg"}],"twitter_card":"summary_large_image","schema":{"@context":"https:\/\/schema.org","@graph":[{"@type":"WebPage","@id":"https:\/\/aquadepotinc.com\/productos\/piscinas-y-quimicos\/motobombas\/motobombas-comerciales\/motobomba-comercial-de-alto-rendimiento-eq-series\/","url":"https:\/\/aquadepotinc.com\/productos\/piscinas-y-quimicos\/motobombas\/motobombas-comerciales\/motobomba-comercial-de-alto-rendimiento-eq-series\/","name":"Motobomba Comercial de Alto Rendimiento EQ SERIES\u2122 - AquaDepot, Inc.","isPartOf":{"@id":"\/#website"},"primaryImageOfPage":{"@id":"https:\/\/aquadepotinc.com\/productos\/piscinas-y-quimicos\/motobombas\/motobombas-comerciales\/motobomba-comercial-de-alto-rendimiento-eq-series\/#primaryimage"},"image":{"@id":"https:\/\/aquadepotinc.com\/productos\/piscinas-y-quimicos\/motobombas\/motobombas-comerciales\/motobomba-comercial-de-alto-rendimiento-eq-series\/#primaryimage"},"thumbnailUrl":"https:\/\/aquadepotinc.com\/wp-content\/uploads\/EQ-SERIES.jpg","datePublished":"2023-03-09T16:17:33+00:00","dateModified":"2023-07-13T17:37:41+00:00","breadcrumb":{"@id":"https:\/\/aquadepotinc.com\/productos\/piscinas-y-quimicos\/motobombas\/motobombas-comerciales\/motobomba-comercial-de-alto-rendimiento-eq-series\/#breadcrumb"},"inLanguage":"en-US","potentialAction":[{"@type":"ReadAction","target":["https:\/\/aquadepotinc.com\/productos\/piscinas-y-quimicos\/motobombas\/motobombas-comerciales\/motobomba-comercial-de-alto-rendimiento-eq-series\/"]}]},{"@type":"ImageObject","inLanguage":"en-US","@id":"https:\/\/aquadepotinc.com\/productos\/piscinas-y-quimicos\/motobombas\/motobombas-comerciales\/motobomba-comercial-de-alto-rendimiento-eq-series\/#primaryimage","url":"https:\/\/aquadepotinc.com\/wp-content\/uploads\/EQ-SERIES.jpg","contentUrl":"https:\/\/aquadepotinc.com\/wp-content\/uploads\/EQ-SERIES.jpg","width":1128,"height":1128},{"@type":"BreadcrumbList","@id":"https:\/\/aquadepotinc.com\/productos\/piscinas-y-quimicos\/motobombas\/motobombas-comerciales\/motobomba-comercial-de-alto-rendimiento-eq-series\/#breadcrumb","itemListElement":[{"@type":"ListItem","position":1,"name":"Home","item":"https:\/\/aquadepotinc.com\/"},{"@type":"ListItem","position":2,"name":"Motobomba Comercial de Alto Rendimiento EQ SERIES\u2122"}]},{"@type":"WebSite","@id":"\/#website","url":"\/","name":"AquaDepot, Inc.","description":"Distribuidora Mayorista Exportadora","potentialAction":[{"@type":"SearchAction","target":{"@type":"EntryPoint","urlTemplate":"\/?s={search_term_string}"},"query-input":{"@type":"PropertyValueSpecification","valueRequired":true,"valueName":"search_term_string"}}],"inLanguage":"en-US"}]}},"_links":{"self":[{"href":"https:\/\/aquadepotinc.com\/en\/wp-json\/wp\/v2\/product\/9274","targetHints":{"allow":["GET"]}}],"collection":[{"href":"https:\/\/aquadepotinc.com\/en\/wp-json\/wp\/v2\/product"}],"about":[{"href":"https:\/\/aquadepotinc.com\/en\/wp-json\/wp\/v2\/types\/product"}],"wp:featuredmedia":[{"embeddable":true,"href":"https:\/\/aquadepotinc.com\/en\/wp-json\/wp\/v2\/media\/9276"}],"wp:attachment":[{"href":"https:\/\/aquadepotinc.com\/en\/wp-json\/wp\/v2\/media?parent=9274"}],"wp:term":[{"taxonomy":"product_brand","embeddable":true,"href":"https:\/\/aquadepotinc.com\/en\/wp-json\/wp\/v2\/product_brand?post=9274"},{"taxonomy":"product_cat","embeddable":true,"href":"https:\/\/aquadepotinc.com\/en\/wp-json\/wp\/v2\/product_cat?post=9274"},{"taxonomy":"product_tag","embeddable":true,"href":"https:\/\/aquadepotinc.com\/en\/wp-json\/wp\/v2\/product_tag?post=9274"}],"curies":[{"name":"wp","href":"https:\/\/api.w.org\/{rel}","templated":true}]}}