{"id":9284,"date":"2023-03-09T11:18:45","date_gmt":"2023-03-09T17:18:45","guid":{"rendered":"https:\/\/aquadepotinc.com\/?post_type=product&#038;p=9284"},"modified":"2023-08-09T08:26:39","modified_gmt":"2023-08-09T14:26:39","slug":"maxflo-vs","status":"publish","type":"product","link":"https:\/\/aquadepotinc.com\/en\/productos\/piscinas-y-quimicos\/motobombas\/maxflo-vs\/","title":{"rendered":"Pool Pump MaxFlo VS\u2122"},"content":{"rendered":"<p><strong>Features<\/strong><\/p>\n<ul>\n<li>Permanent magnet, totally enclosed fan cooled (TEFC) motor delivers maximum energy efficiency and reliability<\/li>\n<li>Exceptionally quiet compared to single speed pumps<\/li>\n<li>Fully programmable, touch pad control can be rotated to four different positions<\/li>\n<li>Universal compatibility: operates independently, with Hayward automation*, or with competitive systems (via relay control)<\/li>\n<li>Available in both 115V, 230V, and dual-voltage versions<\/li>\n<\/ul>","protected":false},"excerpt":{"rendered":"<p>Caracter\u00edsticas: Su im\u00e1n permanente y el motor totalmente cerrado con enfriamiento por ventilador (TEFC) ofrecen m\u00e1xima eficiencia energ\u00e9tica y confiabilidad Excepcionalmente silenciosas comparadas con las bombas de una sola velocidad Tablero t\u00e1ctil de control digital completamente programable que se puede girar a cuatro posiciones diferentes o montarse en la pared para un acceso m\u00e1s c\u00f3modo Compatibilidad universal: funciona de manera &#8230; <\/p>\n<div><a href=\"https:\/\/aquadepotinc.com\/en\/productos\/piscinas-y-quimicos\/motobombas\/maxflo-vs\/\" class=\"more-link\">Read More<\/a><\/div>","protected":false},"featured_media":9288,"template":"","meta":{"_acf_changed":false,"inline_featured_image":false},"product_brand":[],"product_cat":[146,1369,37,53],"product_tag":[177,1459,1662],"class_list":{"0":"post-9284","1":"product","2":"type-product","3":"status-publish","4":"has-post-thumbnail","6":"product_cat-motobombas","7":"product_cat-piscinas-y-quimicos","8":"product_cat-motobombas-residenciales","9":"product_cat-motobombas-velocidad-variable","10":"product_tag-hayward","11":"product_tag-motobomba","12":"product_tag-maxflovs","13":"pa_marca-hayward","16":"first","17":"instock","18":"shipping-taxable","19":"product-type-simple"},"acf":[],"yoast_head":"<!-- This site is optimized with the Yoast SEO plugin v27.3 - https:\/\/yoast.com\/product\/yoast-seo-wordpress\/ -->\n<title>Motobomba MaxFlo VS\u2122 - AquaDepot, Inc.<\/title>\n<meta name=\"robots\" content=\"index, follow, max-snippet:-1, max-image-preview:large, max-video-preview:-1\" \/>\n<link rel=\"canonical\" href=\"https:\/\/aquadepotinc.com\/en\/productos\/piscinas-y-quimicos\/motobombas\/maxflo-vs\/\" \/>\n<meta property=\"og:locale\" content=\"en_US\" \/>\n<meta property=\"og:type\" content=\"article\" \/>\n<meta property=\"og:title\" content=\"Motobomba MaxFlo VS\u2122 - AquaDepot, Inc.\" \/>\n<meta property=\"og:description\" content=\"Caracter\u00edsticas: Su im\u00e1n permanente y el motor totalmente cerrado con enfriamiento por ventilador (TEFC) ofrecen m\u00e1xima eficiencia energ\u00e9tica y confiabilidad Excepcionalmente silenciosas comparadas con las bombas de una sola velocidad Tablero t\u00e1ctil de control digital completamente programable que se puede girar a cuatro posiciones diferentes o montarse en la pared para un acceso m\u00e1s c\u00f3modo Compatibilidad universal: funciona de manera ... Read More\" \/>\n<meta property=\"og:url\" content=\"https:\/\/aquadepotinc.com\/en\/productos\/piscinas-y-quimicos\/motobombas\/maxflo-vs\/\" \/>\n<meta property=\"og:site_name\" content=\"AquaDepot, Inc.\" \/>\n<meta property=\"article:modified_time\" content=\"2023-08-09T14:26:39+00:00\" \/>\n<meta property=\"og:image\" content=\"https:\/\/aquadepotinc.com\/wp-content\/uploads\/MaxFlo-VS-3.jpg\" \/>\n\t<meta property=\"og:image:width\" content=\"1128\" \/>\n\t<meta property=\"og:image:height\" content=\"1128\" \/>\n\t<meta property=\"og:image:type\" content=\"image\/jpeg\" \/>\n<meta name=\"twitter:card\" content=\"summary_large_image\" \/>\n<script type=\"application\/ld+json\" class=\"yoast-schema-graph\">{\"@context\":\"https:\\\/\\\/schema.org\",\"@graph\":[{\"@type\":\"WebPage\",\"@id\":\"https:\\\/\\\/aquadepotinc.com\\\/productos\\\/piscinas-y-quimicos\\\/motobombas\\\/maxflo-vs\\\/\",\"url\":\"https:\\\/\\\/aquadepotinc.com\\\/productos\\\/piscinas-y-quimicos\\\/motobombas\\\/maxflo-vs\\\/\",\"name\":\"Motobomba MaxFlo VS\u2122 - AquaDepot, Inc.\",\"isPartOf\":{\"@id\":\"\\\/#website\"},\"primaryImageOfPage\":{\"@id\":\"https:\\\/\\\/aquadepotinc.com\\\/productos\\\/piscinas-y-quimicos\\\/motobombas\\\/maxflo-vs\\\/#primaryimage\"},\"image\":{\"@id\":\"https:\\\/\\\/aquadepotinc.com\\\/productos\\\/piscinas-y-quimicos\\\/motobombas\\\/maxflo-vs\\\/#primaryimage\"},\"thumbnailUrl\":\"https:\\\/\\\/aquadepotinc.com\\\/wp-content\\\/uploads\\\/MaxFlo-VS-3.jpg\",\"datePublished\":\"2023-03-09T17:18:45+00:00\",\"dateModified\":\"2023-08-09T14:26:39+00:00\",\"breadcrumb\":{\"@id\":\"https:\\\/\\\/aquadepotinc.com\\\/productos\\\/piscinas-y-quimicos\\\/motobombas\\\/maxflo-vs\\\/#breadcrumb\"},\"inLanguage\":\"en-US\",\"potentialAction\":[{\"@type\":\"ReadAction\",\"target\":[\"https:\\\/\\\/aquadepotinc.com\\\/productos\\\/piscinas-y-quimicos\\\/motobombas\\\/maxflo-vs\\\/\"]}]},{\"@type\":\"ImageObject\",\"inLanguage\":\"en-US\",\"@id\":\"https:\\\/\\\/aquadepotinc.com\\\/productos\\\/piscinas-y-quimicos\\\/motobombas\\\/maxflo-vs\\\/#primaryimage\",\"url\":\"https:\\\/\\\/aquadepotinc.com\\\/wp-content\\\/uploads\\\/MaxFlo-VS-3.jpg\",\"contentUrl\":\"https:\\\/\\\/aquadepotinc.com\\\/wp-content\\\/uploads\\\/MaxFlo-VS-3.jpg\",\"width\":1128,\"height\":1128},{\"@type\":\"BreadcrumbList\",\"@id\":\"https:\\\/\\\/aquadepotinc.com\\\/productos\\\/piscinas-y-quimicos\\\/motobombas\\\/maxflo-vs\\\/#breadcrumb\",\"itemListElement\":[{\"@type\":\"ListItem\",\"position\":1,\"name\":\"Home\",\"item\":\"https:\\\/\\\/aquadepotinc.com\\\/\"},{\"@type\":\"ListItem\",\"position\":2,\"name\":\"Motobomba MaxFlo VS\u2122\"}]},{\"@type\":\"WebSite\",\"@id\":\"\\\/#website\",\"url\":\"\\\/\",\"name\":\"AquaDepot, Inc.\",\"description\":\"Distribuidora Mayorista Exportadora\",\"potentialAction\":[{\"@type\":\"SearchAction\",\"target\":{\"@type\":\"EntryPoint\",\"urlTemplate\":\"\\\/?s={search_term_string}\"},\"query-input\":{\"@type\":\"PropertyValueSpecification\",\"valueRequired\":true,\"valueName\":\"search_term_string\"}}],\"inLanguage\":\"en-US\"}]}<\/script>\n<!-- \/ Yoast SEO plugin. -->","yoast_head_json":{"title":"Motobomba MaxFlo VS\u2122 - AquaDepot, Inc.","robots":{"index":"index","follow":"follow","max-snippet":"max-snippet:-1","max-image-preview":"max-image-preview:large","max-video-preview":"max-video-preview:-1"},"canonical":"https:\/\/aquadepotinc.com\/en\/productos\/piscinas-y-quimicos\/motobombas\/maxflo-vs\/","og_locale":"en_US","og_type":"article","og_title":"Motobomba MaxFlo VS\u2122 - AquaDepot, Inc.","og_description":"Caracter\u00edsticas: Su im\u00e1n permanente y el motor totalmente cerrado con enfriamiento por ventilador (TEFC) ofrecen m\u00e1xima eficiencia energ\u00e9tica y confiabilidad Excepcionalmente silenciosas comparadas con las bombas de una sola velocidad Tablero t\u00e1ctil de control digital completamente programable que se puede girar a cuatro posiciones diferentes o montarse en la pared para un acceso m\u00e1s c\u00f3modo Compatibilidad universal: funciona de manera ... Read More","og_url":"https:\/\/aquadepotinc.com\/en\/productos\/piscinas-y-quimicos\/motobombas\/maxflo-vs\/","og_site_name":"AquaDepot, Inc.","article_modified_time":"2023-08-09T14:26:39+00:00","og_image":[{"width":1128,"height":1128,"url":"https:\/\/aquadepotinc.com\/wp-content\/uploads\/MaxFlo-VS-3.jpg","type":"image\/jpeg"}],"twitter_card":"summary_large_image","schema":{"@context":"https:\/\/schema.org","@graph":[{"@type":"WebPage","@id":"https:\/\/aquadepotinc.com\/productos\/piscinas-y-quimicos\/motobombas\/maxflo-vs\/","url":"https:\/\/aquadepotinc.com\/productos\/piscinas-y-quimicos\/motobombas\/maxflo-vs\/","name":"Motobomba MaxFlo VS\u2122 - AquaDepot, Inc.","isPartOf":{"@id":"\/#website"},"primaryImageOfPage":{"@id":"https:\/\/aquadepotinc.com\/productos\/piscinas-y-quimicos\/motobombas\/maxflo-vs\/#primaryimage"},"image":{"@id":"https:\/\/aquadepotinc.com\/productos\/piscinas-y-quimicos\/motobombas\/maxflo-vs\/#primaryimage"},"thumbnailUrl":"https:\/\/aquadepotinc.com\/wp-content\/uploads\/MaxFlo-VS-3.jpg","datePublished":"2023-03-09T17:18:45+00:00","dateModified":"2023-08-09T14:26:39+00:00","breadcrumb":{"@id":"https:\/\/aquadepotinc.com\/productos\/piscinas-y-quimicos\/motobombas\/maxflo-vs\/#breadcrumb"},"inLanguage":"en-US","potentialAction":[{"@type":"ReadAction","target":["https:\/\/aquadepotinc.com\/productos\/piscinas-y-quimicos\/motobombas\/maxflo-vs\/"]}]},{"@type":"ImageObject","inLanguage":"en-US","@id":"https:\/\/aquadepotinc.com\/productos\/piscinas-y-quimicos\/motobombas\/maxflo-vs\/#primaryimage","url":"https:\/\/aquadepotinc.com\/wp-content\/uploads\/MaxFlo-VS-3.jpg","contentUrl":"https:\/\/aquadepotinc.com\/wp-content\/uploads\/MaxFlo-VS-3.jpg","width":1128,"height":1128},{"@type":"BreadcrumbList","@id":"https:\/\/aquadepotinc.com\/productos\/piscinas-y-quimicos\/motobombas\/maxflo-vs\/#breadcrumb","itemListElement":[{"@type":"ListItem","position":1,"name":"Home","item":"https:\/\/aquadepotinc.com\/"},{"@type":"ListItem","position":2,"name":"Motobomba MaxFlo VS\u2122"}]},{"@type":"WebSite","@id":"\/#website","url":"\/","name":"AquaDepot, Inc.","description":"Distribuidora Mayorista Exportadora","potentialAction":[{"@type":"SearchAction","target":{"@type":"EntryPoint","urlTemplate":"\/?s={search_term_string}"},"query-input":{"@type":"PropertyValueSpecification","valueRequired":true,"valueName":"search_term_string"}}],"inLanguage":"en-US"}]}},"_links":{"self":[{"href":"https:\/\/aquadepotinc.com\/en\/wp-json\/wp\/v2\/product\/9284","targetHints":{"allow":["GET"]}}],"collection":[{"href":"https:\/\/aquadepotinc.com\/en\/wp-json\/wp\/v2\/product"}],"about":[{"href":"https:\/\/aquadepotinc.com\/en\/wp-json\/wp\/v2\/types\/product"}],"wp:featuredmedia":[{"embeddable":true,"href":"https:\/\/aquadepotinc.com\/en\/wp-json\/wp\/v2\/media\/9288"}],"wp:attachment":[{"href":"https:\/\/aquadepotinc.com\/en\/wp-json\/wp\/v2\/media?parent=9284"}],"wp:term":[{"taxonomy":"product_brand","embeddable":true,"href":"https:\/\/aquadepotinc.com\/en\/wp-json\/wp\/v2\/product_brand?post=9284"},{"taxonomy":"product_cat","embeddable":true,"href":"https:\/\/aquadepotinc.com\/en\/wp-json\/wp\/v2\/product_cat?post=9284"},{"taxonomy":"product_tag","embeddable":true,"href":"https:\/\/aquadepotinc.com\/en\/wp-json\/wp\/v2\/product_tag?post=9284"}],"curies":[{"name":"wp","href":"https:\/\/api.w.org\/{rel}","templated":true}]}}