{"id":9544,"date":"2023-04-12T10:55:43","date_gmt":"2023-04-12T16:55:43","guid":{"rendered":"https:\/\/aquadepotinc.com\/?post_type=product&#038;p=9544"},"modified":"2024-04-01T10:58:12","modified_gmt":"2024-04-01T16:58:12","slug":"medus-water-lights","status":"publish","type":"product","link":"https:\/\/aquadepotinc.com\/en\/productos\/piscinas-y-quimicos\/iluminacion\/medus-water-lights\/","title":{"rendered":"Med\u00fas Water Lights"},"content":{"rendered":"<p>Med\u00fas, Water Lights, is an underwater lighting system designed and developed with the goal of providing exclusivity, elegance, and originality, delivering a distinctive touch with character and strong identity in every space it transforms.<\/p>\n<ul>\n<li>Installation: Recessed or Surface-mounted<\/li>\n<li>Cold White, Warm White, Blue, and RGB Light<\/li>\n<li>Lamp: SMD 5050 HI POWER LED Plate<\/li>\n<li>Power: SMALL: 9W \/ 12W, BIG: 18W \/ 24W<\/li>\n<li>Power Supply: 12V DC \/ 12V AC<\/li>\n<li>Cable length: 2m<\/li>\n<li>Fixture diameter: SMALL: 145mm \/ BIG: 260mm<\/li>\n<li>Lamp diameter: SMALL: 79mm \/ BIG: 161mm<\/li>\n<li>Body material: ABS + Polycarbonate<\/li>\n<li>Ring material: ABS or Stainless Steel<\/li>\n<\/ul>","protected":false},"excerpt":{"rendered":"<p>Med\u00fas, Water Lights, es un sistema de luminaria subacu\u00e1tica, dise\u00f1ada y desarrollada con el objetivo de brindar exclusividad, elegancia, originalidad, entregando un toque distintivo, con car\u00e1cter y fuerte identidad, en cada espacio en el cual intervenga. Instalaci\u00f3n Embutir o Adosar Luz Blanca Fria, Blanca C\u00e1lida, Azul y RGB L\u00e1mpara: Placa LED SMD 5050 HI POWER Potencia : SMALL: 9W \/ &#8230; <\/p>\n<div><a href=\"https:\/\/aquadepotinc.com\/en\/productos\/piscinas-y-quimicos\/iluminacion\/medus-water-lights\/\" class=\"more-link\">Read More<\/a><\/div>","protected":false},"featured_media":9549,"template":"","meta":{"_acf_changed":false,"inline_featured_image":false},"product_brand":[],"product_cat":[301,1369,161],"product_tag":[1603,1604],"class_list":{"0":"post-9544","1":"product","2":"type-product","3":"status-publish","4":"has-post-thumbnail","6":"product_cat-reflectores","7":"product_cat-piscinas-y-quimicos","8":"product_cat-iluminacion","9":"product_tag-medus","10":"product_tag-luminarias","13":"first","14":"instock","15":"shipping-taxable","16":"product-type-simple"},"acf":[],"yoast_head":"<!-- This site is optimized with the Yoast SEO plugin v27.3 - https:\/\/yoast.com\/product\/yoast-seo-wordpress\/ -->\n<title>Med\u00fas Water Lights - AquaDepot, Inc.<\/title>\n<meta name=\"robots\" content=\"index, follow, max-snippet:-1, max-image-preview:large, max-video-preview:-1\" \/>\n<link rel=\"canonical\" href=\"https:\/\/aquadepotinc.com\/en\/productos\/piscinas-y-quimicos\/iluminacion\/medus-water-lights\/\" \/>\n<meta property=\"og:locale\" content=\"en_US\" \/>\n<meta property=\"og:type\" content=\"article\" \/>\n<meta property=\"og:title\" content=\"Med\u00fas Water Lights - AquaDepot, Inc.\" \/>\n<meta property=\"og:description\" content=\"Med\u00fas, Water Lights, es un sistema de luminaria subacu\u00e1tica, dise\u00f1ada y desarrollada con el objetivo de brindar exclusividad, elegancia, originalidad, entregando un toque distintivo, con car\u00e1cter y fuerte identidad, en cada espacio en el cual intervenga. Instalaci\u00f3n Embutir o Adosar Luz Blanca Fria, Blanca C\u00e1lida, Azul y RGB L\u00e1mpara: Placa LED SMD 5050 HI POWER Potencia : SMALL: 9W \/ ... Read More\" \/>\n<meta property=\"og:url\" content=\"https:\/\/aquadepotinc.com\/en\/productos\/piscinas-y-quimicos\/iluminacion\/medus-water-lights\/\" \/>\n<meta property=\"og:site_name\" content=\"AquaDepot, Inc.\" \/>\n<meta property=\"article:modified_time\" content=\"2024-04-01T16:58:12+00:00\" \/>\n<meta property=\"og:image\" content=\"https:\/\/aquadepotinc.com\/wp-content\/uploads\/Medus-Blanco-2.jpg\" \/>\n\t<meta property=\"og:image:width\" content=\"1128\" \/>\n\t<meta property=\"og:image:height\" content=\"1128\" \/>\n\t<meta property=\"og:image:type\" content=\"image\/jpeg\" \/>\n<meta name=\"twitter:card\" content=\"summary_large_image\" \/>\n<meta name=\"twitter:label1\" content=\"Est. reading time\" \/>\n\t<meta name=\"twitter:data1\" content=\"1 minute\" \/>\n<script type=\"application\/ld+json\" class=\"yoast-schema-graph\">{\"@context\":\"https:\\\/\\\/schema.org\",\"@graph\":[{\"@type\":\"WebPage\",\"@id\":\"https:\\\/\\\/aquadepotinc.com\\\/en\\\/productos\\\/piscinas-y-quimicos\\\/iluminacion\\\/medus-water-lights\\\/\",\"url\":\"https:\\\/\\\/aquadepotinc.com\\\/en\\\/productos\\\/piscinas-y-quimicos\\\/iluminacion\\\/medus-water-lights\\\/\",\"name\":\"Med\u00fas Water Lights - AquaDepot, Inc.\",\"isPartOf\":{\"@id\":\"\\\/#website\"},\"primaryImageOfPage\":{\"@id\":\"https:\\\/\\\/aquadepotinc.com\\\/en\\\/productos\\\/piscinas-y-quimicos\\\/iluminacion\\\/medus-water-lights\\\/#primaryimage\"},\"image\":{\"@id\":\"https:\\\/\\\/aquadepotinc.com\\\/en\\\/productos\\\/piscinas-y-quimicos\\\/iluminacion\\\/medus-water-lights\\\/#primaryimage\"},\"thumbnailUrl\":\"https:\\\/\\\/aquadepotinc.com\\\/wp-content\\\/uploads\\\/Medus-Blanco-2.jpg\",\"datePublished\":\"2023-04-12T16:55:43+00:00\",\"dateModified\":\"2024-04-01T16:58:12+00:00\",\"breadcrumb\":{\"@id\":\"https:\\\/\\\/aquadepotinc.com\\\/en\\\/productos\\\/piscinas-y-quimicos\\\/iluminacion\\\/medus-water-lights\\\/#breadcrumb\"},\"inLanguage\":\"en-US\",\"potentialAction\":[{\"@type\":\"ReadAction\",\"target\":[\"https:\\\/\\\/aquadepotinc.com\\\/en\\\/productos\\\/piscinas-y-quimicos\\\/iluminacion\\\/medus-water-lights\\\/\"]}]},{\"@type\":\"ImageObject\",\"inLanguage\":\"en-US\",\"@id\":\"https:\\\/\\\/aquadepotinc.com\\\/en\\\/productos\\\/piscinas-y-quimicos\\\/iluminacion\\\/medus-water-lights\\\/#primaryimage\",\"url\":\"https:\\\/\\\/aquadepotinc.com\\\/wp-content\\\/uploads\\\/Medus-Blanco-2.jpg\",\"contentUrl\":\"https:\\\/\\\/aquadepotinc.com\\\/wp-content\\\/uploads\\\/Medus-Blanco-2.jpg\",\"width\":1128,\"height\":1128},{\"@type\":\"BreadcrumbList\",\"@id\":\"https:\\\/\\\/aquadepotinc.com\\\/en\\\/productos\\\/piscinas-y-quimicos\\\/iluminacion\\\/medus-water-lights\\\/#breadcrumb\",\"itemListElement\":[{\"@type\":\"ListItem\",\"position\":1,\"name\":\"Home\",\"item\":\"https:\\\/\\\/aquadepotinc.com\\\/\"},{\"@type\":\"ListItem\",\"position\":2,\"name\":\"Med\u00fas Water Lights\"}]},{\"@type\":\"WebSite\",\"@id\":\"\\\/#website\",\"url\":\"\\\/\",\"name\":\"AquaDepot, Inc.\",\"description\":\"Distribuidora Mayorista Exportadora\",\"potentialAction\":[{\"@type\":\"SearchAction\",\"target\":{\"@type\":\"EntryPoint\",\"urlTemplate\":\"\\\/?s={search_term_string}\"},\"query-input\":{\"@type\":\"PropertyValueSpecification\",\"valueRequired\":true,\"valueName\":\"search_term_string\"}}],\"inLanguage\":\"en-US\"}]}<\/script>\n<!-- \/ Yoast SEO plugin. -->","yoast_head_json":{"title":"Med\u00fas Water Lights - AquaDepot, Inc.","robots":{"index":"index","follow":"follow","max-snippet":"max-snippet:-1","max-image-preview":"max-image-preview:large","max-video-preview":"max-video-preview:-1"},"canonical":"https:\/\/aquadepotinc.com\/en\/productos\/piscinas-y-quimicos\/iluminacion\/medus-water-lights\/","og_locale":"en_US","og_type":"article","og_title":"Med\u00fas Water Lights - AquaDepot, Inc.","og_description":"Med\u00fas, Water Lights, es un sistema de luminaria subacu\u00e1tica, dise\u00f1ada y desarrollada con el objetivo de brindar exclusividad, elegancia, originalidad, entregando un toque distintivo, con car\u00e1cter y fuerte identidad, en cada espacio en el cual intervenga. Instalaci\u00f3n Embutir o Adosar Luz Blanca Fria, Blanca C\u00e1lida, Azul y RGB L\u00e1mpara: Placa LED SMD 5050 HI POWER Potencia : SMALL: 9W \/ ... Read More","og_url":"https:\/\/aquadepotinc.com\/en\/productos\/piscinas-y-quimicos\/iluminacion\/medus-water-lights\/","og_site_name":"AquaDepot, Inc.","article_modified_time":"2024-04-01T16:58:12+00:00","og_image":[{"width":1128,"height":1128,"url":"https:\/\/aquadepotinc.com\/wp-content\/uploads\/Medus-Blanco-2.jpg","type":"image\/jpeg"}],"twitter_card":"summary_large_image","twitter_misc":{"Est. reading time":"1 minute"},"schema":{"@context":"https:\/\/schema.org","@graph":[{"@type":"WebPage","@id":"https:\/\/aquadepotinc.com\/en\/productos\/piscinas-y-quimicos\/iluminacion\/medus-water-lights\/","url":"https:\/\/aquadepotinc.com\/en\/productos\/piscinas-y-quimicos\/iluminacion\/medus-water-lights\/","name":"Med\u00fas Water Lights - AquaDepot, Inc.","isPartOf":{"@id":"\/#website"},"primaryImageOfPage":{"@id":"https:\/\/aquadepotinc.com\/en\/productos\/piscinas-y-quimicos\/iluminacion\/medus-water-lights\/#primaryimage"},"image":{"@id":"https:\/\/aquadepotinc.com\/en\/productos\/piscinas-y-quimicos\/iluminacion\/medus-water-lights\/#primaryimage"},"thumbnailUrl":"https:\/\/aquadepotinc.com\/wp-content\/uploads\/Medus-Blanco-2.jpg","datePublished":"2023-04-12T16:55:43+00:00","dateModified":"2024-04-01T16:58:12+00:00","breadcrumb":{"@id":"https:\/\/aquadepotinc.com\/en\/productos\/piscinas-y-quimicos\/iluminacion\/medus-water-lights\/#breadcrumb"},"inLanguage":"en-US","potentialAction":[{"@type":"ReadAction","target":["https:\/\/aquadepotinc.com\/en\/productos\/piscinas-y-quimicos\/iluminacion\/medus-water-lights\/"]}]},{"@type":"ImageObject","inLanguage":"en-US","@id":"https:\/\/aquadepotinc.com\/en\/productos\/piscinas-y-quimicos\/iluminacion\/medus-water-lights\/#primaryimage","url":"https:\/\/aquadepotinc.com\/wp-content\/uploads\/Medus-Blanco-2.jpg","contentUrl":"https:\/\/aquadepotinc.com\/wp-content\/uploads\/Medus-Blanco-2.jpg","width":1128,"height":1128},{"@type":"BreadcrumbList","@id":"https:\/\/aquadepotinc.com\/en\/productos\/piscinas-y-quimicos\/iluminacion\/medus-water-lights\/#breadcrumb","itemListElement":[{"@type":"ListItem","position":1,"name":"Home","item":"https:\/\/aquadepotinc.com\/"},{"@type":"ListItem","position":2,"name":"Med\u00fas Water Lights"}]},{"@type":"WebSite","@id":"\/#website","url":"\/","name":"AquaDepot, Inc.","description":"Distribuidora Mayorista Exportadora","potentialAction":[{"@type":"SearchAction","target":{"@type":"EntryPoint","urlTemplate":"\/?s={search_term_string}"},"query-input":{"@type":"PropertyValueSpecification","valueRequired":true,"valueName":"search_term_string"}}],"inLanguage":"en-US"}]}},"_links":{"self":[{"href":"https:\/\/aquadepotinc.com\/en\/wp-json\/wp\/v2\/product\/9544","targetHints":{"allow":["GET"]}}],"collection":[{"href":"https:\/\/aquadepotinc.com\/en\/wp-json\/wp\/v2\/product"}],"about":[{"href":"https:\/\/aquadepotinc.com\/en\/wp-json\/wp\/v2\/types\/product"}],"wp:featuredmedia":[{"embeddable":true,"href":"https:\/\/aquadepotinc.com\/en\/wp-json\/wp\/v2\/media\/9549"}],"wp:attachment":[{"href":"https:\/\/aquadepotinc.com\/en\/wp-json\/wp\/v2\/media?parent=9544"}],"wp:term":[{"taxonomy":"product_brand","embeddable":true,"href":"https:\/\/aquadepotinc.com\/en\/wp-json\/wp\/v2\/product_brand?post=9544"},{"taxonomy":"product_cat","embeddable":true,"href":"https:\/\/aquadepotinc.com\/en\/wp-json\/wp\/v2\/product_cat?post=9544"},{"taxonomy":"product_tag","embeddable":true,"href":"https:\/\/aquadepotinc.com\/en\/wp-json\/wp\/v2\/product_tag?post=9544"}],"curies":[{"name":"wp","href":"https:\/\/api.w.org\/{rel}","templated":true}]}}